{"id":6422,"date":"2024-06-07T11:11:24","date_gmt":"2024-06-07T14:11:24","guid":{"rendered":"https:\/\/proservice.com.ar\/?post_type=product&#038;p=6422"},"modified":"2026-04-01T11:27:04","modified_gmt":"2026-04-01T14:27:04","slug":"blackmagic-design-davinci-resolve-studio-dongle","status":"publish","type":"product","link":"https:\/\/proservice.com.ar\/index.php\/product\/blackmagic-design-davinci-resolve-studio-dongle\/","title":{"rendered":"Blackmagic Design DaVinci Resolve Studio (Dongle)"},"content":{"rendered":"<div class=\"title_OMS5rN7R1Z\">\n<div data-selenium=\"sellingPointsTitle\"><strong><span>Blackmagic Design DaVinci Resolve Studio<\/span><\/strong><span>\u00a0es un NLE que se puede utilizar para proyectos que van desde pel\u00edculas personales hasta largometrajes y efectos visuales. La p\u00e1gina Color presenta nuevas herramientas de gradaci\u00f3n HDR, una m\u00e1scara m\u00e1gica basada en IA para gradaci\u00f3n espec\u00edfica y un deformador de color. Fairlight proporciona un flujo de trabajo m\u00e1s r\u00e1pido con herramientas de selecci\u00f3n de edici\u00f3n de teclado y mouse actualizadas. Fairlight tambi\u00e9n tiene un motor de audio de pr\u00f3xima generaci\u00f3n y una arquitectura de bus con soporte para editar 2000 pistas en tiempo real.<\/span><\/div>\n<div data-selenium=\"sellingPointsTitle\"><\/div>\n<div class=\"text_TAw0W35QK_ comfy_TAw0W35QK_ sizeTitle4_TAw0W35QK_ weightBold_TAw0W35QK_ primary_i3MsQsqoe0\" data-selenium=\"sellingPointsTitle\"><strong>Caracter\u00edsticas Principales:\u00a0<\/strong><\/div>\n<\/div>\n<ul class=\"list_OMS5rN7R1Z\">\n<li class=\"listItem_OMS5rN7R1Z\" data-selenium=\"sellingPointsListItem\"><span>M\u00e1s de 100 funciones nuevas y 200 mejoras<\/span><\/li>\n<li class=\"listItem_OMS5rN7R1Z\" data-selenium=\"sellingPointsListItem\"><span>Edici\u00f3n 8K y correcci\u00f3n de color<\/span><\/li>\n<li class=\"listItem_OMS5rN7R1Z\" data-selenium=\"sellingPointsListItem\"><span>Edici\u00f3n HDR avanzada<\/span><\/li>\n<li class=\"listItem_OMS5rN7R1Z\" data-selenium=\"sellingPointsListItem\"><span>M\u00e1scara m\u00e1gica basada en IA para calificaciones espec\u00edficas<\/span><\/li>\n<li class=\"listItem_OMS5rN7R1Z\" data-selenium=\"sellingPointsListItem\"><span>Motor de audio de pr\u00f3xima generaci\u00f3n; Editar m\u00e1s de 2000 pistas<\/span><\/li>\n<li class=\"listItem_OMS5rN7R1Z\" data-selenium=\"sellingPointsListItem\"><span>Utilice composiciones de Fusion en pesta\u00f1as Cortar\/Editar<\/span><\/li>\n<li class=\"listItem_OMS5rN7R1Z\" data-selenium=\"sellingPointsListItem\"><span>Flujos de trabajo de medios proxy<\/span><\/li>\n<li class=\"listItem_OMS5rN7R1Z\" data-selenium=\"sellingPointsListItem\"><span>Reencuadre inteligente para las redes sociales<\/span><\/li>\n<li class=\"listItem_OMS5rN7R1Z\" data-selenium=\"sellingPointsListItem\"><span>Detecci\u00f3n de rostros del motor neuronal DaVinci<\/span><\/li>\n<\/ul>\n","protected":false},"excerpt":{"rendered":"<p>DV\/RESSTUD\/DONGLE<\/p>\n","protected":false},"featured_media":6423,"template":"","meta":{"om_disable_all_campaigns":false},"pwb-brand":[],"product_brand":[],"product_cat":[71],"product_tag":[539],"class_list":{"0":"post-6422","1":"product","2":"type-product","3":"status-publish","4":"has-post-thumbnail","6":"product_cat-blackmagic-design","7":"product_tag-dv-resstud-dongle","9":"first","10":"onbackorder","11":"shipping-taxable","12":"product-type-simple"},"aioseo_notices":[],"jetpack_sharing_enabled":true,"brands":[],"_links":{"self":[{"href":"https:\/\/proservice.com.ar\/index.php\/wp-json\/wp\/v2\/product\/6422","targetHints":{"allow":["GET"]}}],"collection":[{"href":"https:\/\/proservice.com.ar\/index.php\/wp-json\/wp\/v2\/product"}],"about":[{"href":"https:\/\/proservice.com.ar\/index.php\/wp-json\/wp\/v2\/types\/product"}],"wp:featuredmedia":[{"embeddable":true,"href":"https:\/\/proservice.com.ar\/index.php\/wp-json\/wp\/v2\/media\/6423"}],"wp:attachment":[{"href":"https:\/\/proservice.com.ar\/index.php\/wp-json\/wp\/v2\/media?parent=6422"}],"wp:term":[{"taxonomy":"pwb-brand","embeddable":true,"href":"https:\/\/proservice.com.ar\/index.php\/wp-json\/wp\/v2\/pwb-brand?post=6422"},{"taxonomy":"product_brand","embeddable":true,"href":"https:\/\/proservice.com.ar\/index.php\/wp-json\/wp\/v2\/product_brand?post=6422"},{"taxonomy":"product_cat","embeddable":true,"href":"https:\/\/proservice.com.ar\/index.php\/wp-json\/wp\/v2\/product_cat?post=6422"},{"taxonomy":"product_tag","embeddable":true,"href":"https:\/\/proservice.com.ar\/index.php\/wp-json\/wp\/v2\/product_tag?post=6422"}],"curies":[{"name":"wp","href":"https:\/\/api.w.org\/{rel}","templated":true}]}}