{"id":6427,"date":"2021-06-24T12:19:58","date_gmt":"2021-06-24T15:19:58","guid":{"rendered":"https:\/\/proservice.com.ar\/?post_type=product&#038;p=6427"},"modified":"2025-06-10T11:31:20","modified_gmt":"2025-06-10T14:31:20","slug":"aida-imaging-full-hd-ndi-hx-ip-weatherproof-cylinder-pov-camera-2","status":"publish","type":"product","link":"https:\/\/proservice.com.ar\/index.php\/product\/aida-imaging-full-hd-ndi-hx-ip-weatherproof-cylinder-pov-camera-2\/","title":{"rendered":"AIDA Imaging Full HD NDI HX IP Weatherproof Cylinder POV Camera"},"content":{"rendered":"<p>La\u00a0c\u00e1mara POV cil\u00edndrica resistente a la intemperie IP Full HD NDI|HX\u00a0es una c\u00e1mara estilo l\u00e1piz labial que cuenta con salida IP y NDI|HX en una forma ultracompacta para aplicaciones de transmisi\u00f3n POV en transmisi\u00f3n, educaci\u00f3n, medicina, producci\u00f3n en vivo y otros campos. La c\u00e1mara cuenta con una montura de lente M12 y se incluye una lente gran angular M12 de 4 mm.<\/p>\n<p>La c\u00e1mara en miniatura genera v\u00eddeo IP de velocidad de fotogramas variable (RTSP\/RTMP) y\/o NDI|HX de baja latencia y alta calidad con resoluciones de hasta 1080p60. Un puerto RJ45 transporta IP y NDI a trav\u00e9s de un \u00fanico cable Ethernet a un conmutador Ethernet. La c\u00e1mara se puede controlar de forma remota mediante VISCA-over-IP. Se alimenta mediante PoE en una red compatible o mediante el dongle y la fuente de alimentaci\u00f3n incluidos.<\/p>\n<p>&nbsp;<\/p>\n<div class=\"title_OMS5rN7R1Z\">\n<div class=\"text_TAw0W35QK_ comfy_TAw0W35QK_ sizeTitle4_TAw0W35QK_ weightBold_TAw0W35QK_ primary_i3MsQsqoe0\" data-selenium=\"sellingPointsTitle\"><strong>Caracter\u00edsticas Principales:<\/strong><\/div>\n<\/div>\n<ul class=\"list_OMS5rN7R1Z\">\n<li class=\"listItem_OMS5rN7R1Z\" data-selenium=\"sellingPointsListItem\">Mini c\u00e1mara de transmisi\u00f3n POV cil\u00edndrica<\/li>\n<li class=\"listItem_OMS5rN7R1Z\" data-selenium=\"sellingPointsListItem\">Transmisi\u00f3n IP\/NDI\/HX de hasta 1080p60<\/li>\n<li class=\"listItem_OMS5rN7R1Z\" data-selenium=\"sellingPointsListItem\">IP y NDI sobre una \u00fanica salida RJ45<\/li>\n<li class=\"listItem_OMS5rN7R1Z\" data-selenium=\"sellingPointsListItem\">Lente M12 HD de 4 mm con tapa para lente<\/li>\n<li class=\"listItem_OMS5rN7R1Z\" data-selenium=\"sellingPointsListItem\">Adaptador PoE\/dongle de alimentaci\u00f3n incluido<\/li>\n<li class=\"listItem_OMS5rN7R1Z\" data-selenium=\"sellingPointsListItem\">Control VISCA sobre IP<\/li>\n<\/ul>\n","protected":false},"excerpt":{"rendered":"<p>HD-NDI-MINI<\/p>\n","protected":false},"featured_media":6430,"template":"","meta":{"om_disable_all_campaigns":false},"pwb-brand":[],"product_brand":[],"product_cat":[70,15],"product_tag":[362],"class_list":{"0":"post-6427","1":"product","2":"type-product","3":"status-publish","4":"has-post-thumbnail","6":"product_cat-aida","7":"product_cat-camera","8":"product_tag-hd-ndi-mini","10":"first","11":"onbackorder","12":"shipping-taxable","13":"product-type-simple"},"aioseo_notices":[],"jetpack_sharing_enabled":true,"brands":[],"_links":{"self":[{"href":"https:\/\/proservice.com.ar\/index.php\/wp-json\/wp\/v2\/product\/6427","targetHints":{"allow":["GET"]}}],"collection":[{"href":"https:\/\/proservice.com.ar\/index.php\/wp-json\/wp\/v2\/product"}],"about":[{"href":"https:\/\/proservice.com.ar\/index.php\/wp-json\/wp\/v2\/types\/product"}],"wp:featuredmedia":[{"embeddable":true,"href":"https:\/\/proservice.com.ar\/index.php\/wp-json\/wp\/v2\/media\/6430"}],"wp:attachment":[{"href":"https:\/\/proservice.com.ar\/index.php\/wp-json\/wp\/v2\/media?parent=6427"}],"wp:term":[{"taxonomy":"pwb-brand","embeddable":true,"href":"https:\/\/proservice.com.ar\/index.php\/wp-json\/wp\/v2\/pwb-brand?post=6427"},{"taxonomy":"product_brand","embeddable":true,"href":"https:\/\/proservice.com.ar\/index.php\/wp-json\/wp\/v2\/product_brand?post=6427"},{"taxonomy":"product_cat","embeddable":true,"href":"https:\/\/proservice.com.ar\/index.php\/wp-json\/wp\/v2\/product_cat?post=6427"},{"taxonomy":"product_tag","embeddable":true,"href":"https:\/\/proservice.com.ar\/index.php\/wp-json\/wp\/v2\/product_tag?post=6427"}],"curies":[{"name":"wp","href":"https:\/\/api.w.org\/{rel}","templated":true}]}}