{"id":6431,"date":"2024-06-24T12:30:05","date_gmt":"2024-06-24T15:30:05","guid":{"rendered":"https:\/\/proservice.com.ar\/?post_type=product&#038;p=6431"},"modified":"2026-04-01T11:26:45","modified_gmt":"2026-04-01T14:26:45","slug":"blackmagic-design-blackmagic-audio-monitor-12g-g3-1-ru","status":"publish","type":"product","link":"https:\/\/proservice.com.ar\/index.php\/product\/blackmagic-design-blackmagic-audio-monitor-12g-g3-1-ru\/","title":{"rendered":"Blackmagic Design Blackmagic Audio Monitor 12G G3 (1 RU)"},"content":{"rendered":"<p>Supervise su audio con el\u00a0Blackmagic Audio Monitor 12G G3 de\u00a01 RU de\u00a0Blackmagic Design\u00a0. Con un dise\u00f1o de subwoofer dual con parlantes de rango extra amplio, el monitor de audio est\u00e1 equipado con amplificadores de Clase D. La versi\u00f3n G3 actualizada admite la nueva entrada SMPTE 2110 para una mejor integraci\u00f3n de transmisi\u00f3n. Cuenta con una entrada 12G-SDI, una entrada de audio anal\u00f3gica XLR balanceada, una entrada de audio digital AES\/EBU balanceada, entradas de audio HiFi y una salida HDMI 2.0. El panel frontal cuenta con medidores de nivel de audio multicolores y una pantalla LCD incorporada para monitorear fuentes de video.<\/p>\n<p>&nbsp;<\/p>\n<div class=\"title_OMS5rN7R1Z\">\n<div class=\"text_TAw0W35QK_ comfy_TAw0W35QK_ sizeTitle4_TAw0W35QK_ weightBold_TAw0W35QK_ primary_i3MsQsqoe0\" data-selenium=\"sellingPointsTitle\"><span>Caracter\u00edsticas Principales:<\/span><\/div>\n<\/div>\n<ul class=\"list_OMS5rN7R1Z\">\n<li class=\"listItem_OMS5rN7R1Z\" data-selenium=\"sellingPointsListItem\"><span>Dise\u00f1o de subwoofer dual<\/span><\/li>\n<li class=\"listItem_OMS5rN7R1Z\" data-selenium=\"sellingPointsListItem\"><span>Capacidades de entrada SMPTE 2110<\/span><\/li>\n<li class=\"listItem_OMS5rN7R1Z\" data-selenium=\"sellingPointsListItem\"><span>Amplificadores clase D<\/span><\/li>\n<li class=\"listItem_OMS5rN7R1Z\" data-selenium=\"sellingPointsListItem\"><span>12G-SDI, AES\/EBU y entradas anal\u00f3gicas<\/span><\/li>\n<li class=\"listItem_OMS5rN7R1Z\" data-selenium=\"sellingPointsListItem\"><span>Salida de bucle SDI y salida HDMI 2.0<\/span><\/li>\n<li class=\"listItem_OMS5rN7R1Z\" data-selenium=\"sellingPointsListItem\"><span>Pantalla LCD y medidores de nivel de audio<\/span><\/li>\n<\/ul>\n","protected":false},"excerpt":{"rendered":"<p>AUDMON1RU12GG3<\/p>\n","protected":false},"featured_media":6433,"template":"","meta":{"om_disable_all_campaigns":false},"pwb-brand":[],"product_brand":[],"product_cat":[55,71],"product_tag":[540],"class_list":{"0":"post-6431","1":"product","2":"type-product","3":"status-publish","4":"has-post-thumbnail","6":"product_cat-audio","7":"product_cat-blackmagic-design","8":"product_tag-audmon1ru12gg3","10":"first","11":"onbackorder","12":"shipping-taxable","13":"product-type-simple"},"aioseo_notices":[],"jetpack_sharing_enabled":true,"brands":[],"_links":{"self":[{"href":"https:\/\/proservice.com.ar\/index.php\/wp-json\/wp\/v2\/product\/6431","targetHints":{"allow":["GET"]}}],"collection":[{"href":"https:\/\/proservice.com.ar\/index.php\/wp-json\/wp\/v2\/product"}],"about":[{"href":"https:\/\/proservice.com.ar\/index.php\/wp-json\/wp\/v2\/types\/product"}],"wp:featuredmedia":[{"embeddable":true,"href":"https:\/\/proservice.com.ar\/index.php\/wp-json\/wp\/v2\/media\/6433"}],"wp:attachment":[{"href":"https:\/\/proservice.com.ar\/index.php\/wp-json\/wp\/v2\/media?parent=6431"}],"wp:term":[{"taxonomy":"pwb-brand","embeddable":true,"href":"https:\/\/proservice.com.ar\/index.php\/wp-json\/wp\/v2\/pwb-brand?post=6431"},{"taxonomy":"product_brand","embeddable":true,"href":"https:\/\/proservice.com.ar\/index.php\/wp-json\/wp\/v2\/product_brand?post=6431"},{"taxonomy":"product_cat","embeddable":true,"href":"https:\/\/proservice.com.ar\/index.php\/wp-json\/wp\/v2\/product_cat?post=6431"},{"taxonomy":"product_tag","embeddable":true,"href":"https:\/\/proservice.com.ar\/index.php\/wp-json\/wp\/v2\/product_tag?post=6431"}],"curies":[{"name":"wp","href":"https:\/\/api.w.org\/{rel}","templated":true}]}}