{"id":6434,"date":"2024-06-27T10:33:58","date_gmt":"2024-06-27T13:33:58","guid":{"rendered":"https:\/\/proservice.com.ar\/?post_type=product&#038;p=6434"},"modified":"2026-04-01T11:26:13","modified_gmt":"2026-04-01T14:26:13","slug":"hollyland-syscom-1000t-4b-full-duplex-intercom-system-with-four-beltpacks-and-headsets","status":"publish","type":"product","link":"https:\/\/proservice.com.ar\/index.php\/product\/hollyland-syscom-1000t-4b-full-duplex-intercom-system-with-four-beltpacks-and-headsets\/","title":{"rendered":"Hollyland Syscom 1000T-4B Full-Duplex Intercom System with Four Beltpacks and Headsets"},"content":{"rendered":"<div class=\"title_OMS5rN7R1Z\">\n<div data-selenium=\"sellingPointsTitle\">\n<p>Amplia cobertura de hasta 300\u00a0m<\/p>\n<p>La distancia m\u00e1xima de comunicaci\u00f3n entre la estaci\u00f3n base y una petaca es de 300\u00a0m, y la distancia m\u00e1xima entre dos dispositivos de llamada es de 900\u00a0m.<br \/>\nEl sistema tambi\u00e9n se puede conectar a otros sistemas de intercomunicaci\u00f3n para ampliar a\u00fan m\u00e1s la distancia de comunicaci\u00f3n.<\/p>\n<p>Audio de alta calidad<\/p>\n<p>Cada petaca incluye unos auriculares din\u00e1micos circumaurales que reducen eficazmente los niveles de ruido ambiente y garantizan una comunicaci\u00f3n clara y sin distracciones. Para mejorar la claridad de la comunicaci\u00f3n, basta con pulsar el bot\u00f3n de la estaci\u00f3n base para alternar entre los modos de micr\u00f3fono din\u00e1mico y electret.<\/p>\n<\/div>\n<div data-selenium=\"sellingPointsTitle\">\n<p>Llamadas full duplex para una comunicaci\u00f3n eficaz<\/p>\n<p>El sistema de intercomunicaci\u00f3n full duplex permite realizar llamadas simult\u00e1neas con 1 estaci\u00f3n base y hasta 8 petacas. Olv\u00eddese de los molestos problemas de diafon\u00eda de los walkie-talkies tradicionales y de las limitaciones de conversaci\u00f3n unidireccional. La funci\u00f3n full duplex permite una comunicaci\u00f3n en equipo a distancia mucho m\u00e1s r\u00e1pida y fluida.<\/p>\n<p>Plug and Play y configuraci\u00f3n sencilla<\/p>\n<p>Al igual que cualquier otro producto de Hollyland, este sistema est\u00e1 listo para usar nada m\u00e1s sacarlo de la caja. Solo tiene que abrir el paquete y conectar el sistema. La estaci\u00f3n base y las petacas se emparejan autom\u00e1ticamente al encenderlas. No se requiere ninguna operaci\u00f3n adicional.<\/p>\n<p>Ampliaci\u00f3n en cascada con los principales sistemas de comunicaci\u00f3n por cable\/inal\u00e1mbricos<\/p>\n<p>El Syscom 1000T puede conectarse en cadena a otros sistemas de intercomunicaci\u00f3n Hollyland y es compatible con otros sistemas de intercomunicaci\u00f3n por cable o inal\u00e1mbricos convencionales disponibles en el mercado para satisfacer m\u00e1s necesidades de producci\u00f3n de diversa complejidad.<\/p>\n<p>Funci\u00f3n de Tally inal\u00e1mbrico<\/p>\n<p>Diferentes colores indican diferentes estados de funcionamiento.<br \/>\n<span class=\"color-red\">Rojo:<\/span>\u00a0seleccionado. La se\u00f1al de la c\u00e1mara est\u00e1 conectada.<br \/>\n<span class=\"color-green\">Verde<\/span>: a seleccionar. La se\u00f1al de la c\u00e1mara se conectar\u00e1 pronto.<br \/>\n<span class=\"color-white\">Sin color<\/span>: sin seleccionar. Es posible que tenga que comprobar el estado del dispositivo y realizar otras tareas.<\/p>\n<\/div>\n<div class=\"text_TAw0W35QK_ comfy_TAw0W35QK_ sizeTitle4_TAw0W35QK_ weightBold_TAw0W35QK_ primary_i3MsQsqoe0\" data-selenium=\"sellingPointsTitle\"><strong>Caracter\u00edsticas Principales:\u00a0<\/strong><\/div>\n<\/div>\n<ul class=\"list_OMS5rN7R1Z\">\n<li class=\"listItem_OMS5rN7R1Z\" data-selenium=\"sellingPointsListItem\">Estaci\u00f3n base para montaje en rack con Tally<\/li>\n<li class=\"listItem_OMS5rN7R1Z\" data-selenium=\"sellingPointsListItem\">4 x transceptores y cargadores de petaca<\/li>\n<li class=\"listItem_OMS5rN7R1Z\" data-selenium=\"sellingPointsListItem\">4 x auriculares de un solo lado<\/li>\n<li class=\"listItem_OMS5rN7R1Z\" data-selenium=\"sellingPointsListItem\">1 micr\u00f3fono de cuello de cisne<\/li>\n<li class=\"listItem_OMS5rN7R1Z\" data-selenium=\"sellingPointsListItem\">4 antenas de estaci\u00f3n base de alta ganancia<\/li>\n<li class=\"listItem_OMS5rN7R1Z\" data-selenium=\"sellingPointsListItem\">Comunicaci\u00f3n inal\u00e1mbrica full-duplex de 300 m<\/li>\n<li class=\"listItem_OMS5rN7R1Z\" data-selenium=\"sellingPointsListItem\">Sistema de suministro de energ\u00eda dual CA\/CC<\/li>\n<li class=\"listItem_OMS5rN7R1Z\" data-selenium=\"sellingPointsListItem\">Volumen de E\/S de audio ajustable<\/li>\n<li class=\"listItem_OMS5rN7R1Z\" data-selenium=\"sellingPointsListItem\">F\u00e1cil operabilidad a trav\u00e9s de pantallas LCD<\/li>\n<li class=\"listItem_OMS5rN7R1Z\" data-selenium=\"sellingPointsListItem\">Puertos para auriculares LEMO y de 3,5 mm<\/li>\n<\/ul>\n","protected":false},"excerpt":{"rendered":"<p>SYSCOM-1000T-4B<\/p>\n","protected":false},"featured_media":6439,"template":"","meta":{"om_disable_all_campaigns":false},"pwb-brand":[],"product_brand":[],"product_cat":[55,77,640],"product_tag":[541],"class_list":{"0":"post-6434","1":"product","2":"type-product","3":"status-publish","4":"has-post-thumbnail","6":"product_cat-audio","7":"product_cat-hollyland","8":"product_cat-intercom","9":"product_tag-syscom-1000t-4b","11":"first","12":"onbackorder","13":"shipping-taxable","14":"product-type-simple"},"aioseo_notices":[],"jetpack_sharing_enabled":true,"brands":[],"_links":{"self":[{"href":"https:\/\/proservice.com.ar\/index.php\/wp-json\/wp\/v2\/product\/6434","targetHints":{"allow":["GET"]}}],"collection":[{"href":"https:\/\/proservice.com.ar\/index.php\/wp-json\/wp\/v2\/product"}],"about":[{"href":"https:\/\/proservice.com.ar\/index.php\/wp-json\/wp\/v2\/types\/product"}],"wp:featuredmedia":[{"embeddable":true,"href":"https:\/\/proservice.com.ar\/index.php\/wp-json\/wp\/v2\/media\/6439"}],"wp:attachment":[{"href":"https:\/\/proservice.com.ar\/index.php\/wp-json\/wp\/v2\/media?parent=6434"}],"wp:term":[{"taxonomy":"pwb-brand","embeddable":true,"href":"https:\/\/proservice.com.ar\/index.php\/wp-json\/wp\/v2\/pwb-brand?post=6434"},{"taxonomy":"product_brand","embeddable":true,"href":"https:\/\/proservice.com.ar\/index.php\/wp-json\/wp\/v2\/product_brand?post=6434"},{"taxonomy":"product_cat","embeddable":true,"href":"https:\/\/proservice.com.ar\/index.php\/wp-json\/wp\/v2\/product_cat?post=6434"},{"taxonomy":"product_tag","embeddable":true,"href":"https:\/\/proservice.com.ar\/index.php\/wp-json\/wp\/v2\/product_tag?post=6434"}],"curies":[{"name":"wp","href":"https:\/\/api.w.org\/{rel}","templated":true}]}}