{"id":6442,"date":"2024-07-11T15:12:36","date_gmt":"2024-07-11T18:12:36","guid":{"rendered":"https:\/\/proservice.com.ar\/?post_type=product&#038;p=6442"},"modified":"2026-04-01T11:25:50","modified_gmt":"2026-04-01T14:25:50","slug":"blackmagic-design-atem-2-m-e-constellation-uhd-4k-live-production-switcher","status":"publish","type":"product","link":"https:\/\/proservice.com.ar\/index.php\/product\/blackmagic-design-atem-2-m-e-constellation-uhd-4k-live-production-switcher\/","title":{"rendered":"Blackmagic Design ATEM 2 M\/E Constellation UHD 4K Live Production Switcher"},"content":{"rendered":"<div class=\"title_OMS5rN7R1Z\">\n<div data-selenium=\"sellingPointsTitle\"><\/div>\n<div data-selenium=\"sellingPointsTitle\">Este modelo compacto con panel de control integrado incluye 8 entradas SDI 12G, 10 salidas SDI 12G auxiliares para grabadores externos, conmutador Ethernet 10G de 4 puertos, transmisi\u00f3n por Internet, funciones de masterizaci\u00f3n y visualizaci\u00f3n simult\u00e1nea, puerto USB que permite detectarlo como una c\u00e1mara web, 2 canales para efectos visuales digitales, procesador SuperSource, 4 compositores por crominancia avanzados, 2 reproductores multimedia y sistema de comunicaci\u00f3n, entre otras prestaciones.<\/div>\n<div data-selenium=\"sellingPointsTitle\"><\/div>\n<div class=\"text_TAw0W35QK_ comfy_TAw0W35QK_ sizeTitle4_TAw0W35QK_ weightBold_TAw0W35QK_ primary_i3MsQsqoe0\" data-selenium=\"sellingPointsTitle\"><strong>Caracter\u00edsticas Principales:\u00a0<\/strong><\/div>\n<\/div>\n<ul class=\"list_OMS5rN7R1Z\">\n<li class=\"listItem_OMS5rN7R1Z\" data-selenium=\"sellingPointsListItem\"><span>Admite 12\/3G\/HD-SDI a 10 bits<\/span><\/li>\n<li class=\"listItem_OMS5rN7R1Z\" data-selenium=\"sellingPointsListItem\"><span>20 entradas 12G-SDI, 12 salidas 12G-SDI<\/span><\/li>\n<li class=\"listItem_OMS5rN7R1Z\" data-selenium=\"sellingPointsListItem\"><span>Hasta 16 ventanas de monitoreo de vista m\u00faltiple<\/span><\/li>\n<li class=\"listItem_OMS5rN7R1Z\" data-selenium=\"sellingPointsListItem\"><span>Salida de c\u00e1mara web a trav\u00e9s de USB-C<\/span><\/li>\n<li class=\"listItem_OMS5rN7R1Z\" data-selenium=\"sellingPointsListItem\"><span>Conversor de formato\/velocidad de cuadros por entrada<\/span><\/li>\n<li class=\"listItem_OMS5rN7R1Z\" data-selenium=\"sellingPointsListItem\"><span>Mezclador de audio de 48 canales<\/span><\/li>\n<li class=\"listItem_OMS5rN7R1Z\" data-selenium=\"sellingPointsListItem\"><span>8 manipuladores ascendentes y 2 descendentes<\/span><\/li>\n<li class=\"listItem_OMS5rN7R1Z\" data-selenium=\"sellingPointsListItem\"><span>Keyers de croma\/luminancia<\/span><\/li>\n<li class=\"listItem_OMS5rN7R1Z\" data-selenium=\"sellingPointsListItem\"><span>Generadores de colores y patrones<\/span><\/li>\n<li class=\"listItem_OMS5rN7R1Z\" data-selenium=\"sellingPointsListItem\"><span>Control de hardware\/software macOS\/Windows<\/span><\/li>\n<\/ul>\n","protected":false},"excerpt":{"rendered":"<p>SWATEMSCN2\/2ME2\/4K<\/p>\n","protected":false},"featured_media":6444,"template":"","meta":{"om_disable_all_campaigns":false},"pwb-brand":[],"product_brand":[],"product_cat":[71],"product_tag":[542],"class_list":{"0":"post-6442","1":"product","2":"type-product","3":"status-publish","4":"has-post-thumbnail","6":"product_cat-blackmagic-design","7":"product_tag-swatemscn2-2me2-4k","9":"first","10":"onbackorder","11":"shipping-taxable","12":"product-type-simple"},"aioseo_notices":[],"jetpack_sharing_enabled":true,"brands":[],"_links":{"self":[{"href":"https:\/\/proservice.com.ar\/index.php\/wp-json\/wp\/v2\/product\/6442","targetHints":{"allow":["GET"]}}],"collection":[{"href":"https:\/\/proservice.com.ar\/index.php\/wp-json\/wp\/v2\/product"}],"about":[{"href":"https:\/\/proservice.com.ar\/index.php\/wp-json\/wp\/v2\/types\/product"}],"wp:featuredmedia":[{"embeddable":true,"href":"https:\/\/proservice.com.ar\/index.php\/wp-json\/wp\/v2\/media\/6444"}],"wp:attachment":[{"href":"https:\/\/proservice.com.ar\/index.php\/wp-json\/wp\/v2\/media?parent=6442"}],"wp:term":[{"taxonomy":"pwb-brand","embeddable":true,"href":"https:\/\/proservice.com.ar\/index.php\/wp-json\/wp\/v2\/pwb-brand?post=6442"},{"taxonomy":"product_brand","embeddable":true,"href":"https:\/\/proservice.com.ar\/index.php\/wp-json\/wp\/v2\/product_brand?post=6442"},{"taxonomy":"product_cat","embeddable":true,"href":"https:\/\/proservice.com.ar\/index.php\/wp-json\/wp\/v2\/product_cat?post=6442"},{"taxonomy":"product_tag","embeddable":true,"href":"https:\/\/proservice.com.ar\/index.php\/wp-json\/wp\/v2\/product_tag?post=6442"}],"curies":[{"name":"wp","href":"https:\/\/api.w.org\/{rel}","templated":true}]}}