{"id":6449,"date":"2024-07-22T14:58:52","date_gmt":"2024-07-22T17:58:52","guid":{"rendered":"https:\/\/proservice.com.ar\/?post_type=product&#038;p=6449"},"modified":"2025-05-12T14:11:16","modified_gmt":"2025-05-12T17:11:16","slug":"blackmagic-design-cinema-camera-6k-leica-l","status":"publish","type":"product","link":"https:\/\/proservice.com.ar\/index.php\/product\/blackmagic-design-cinema-camera-6k-leica-l\/","title":{"rendered":"Blackmagic Design Cinema Camera 6K (Leica L)"},"content":{"rendered":"<p>Blackmagic Design lleva la captura de pel\u00edculas digitales de \u00faltima generaci\u00f3n al p\u00fablico en general con su nueva Cinema Camera 6K . Basada en un sensor 6K de fotograma completo y una montura de lente Leica L activa, esta c\u00e1mara de alta gama ofrece colores intensos, tonos de piel precisos, un amplio rango din\u00e1mico de 13 pasos y un filtro OLP (paso bajo \u00f3ptico) integrado que est\u00e1 dise\u00f1ado espec\u00edficamente para el enorme sensor de 24 x 35 mm. Los usuarios de ENG y otros filmadores en movimiento apreciar\u00e1n la capacidad de grabar tanto en formato Blackmagic Raw con gran profundidad de bits como en proxies H.264 simult\u00e1neamente en Blackmagic Cloud. La Cinema Camera 6K es un paso adelante de la l\u00ednea Pocket Cinema Camera, pero conserva c\u00f3modamente la capacidad de usar todos los accesorios PCC existentes.<\/p>\n<div class=\"title_OMS5rN7R1Z\">\n<div class=\"text_TAw0W35QK_ comfy_TAw0W35QK_ sizeTitle4_TAw0W35QK_ weightBold_TAw0W35QK_ primary_i3MsQsqoe0\" data-selenium=\"sellingPointsTitle\"><span>Caracter\u00edsticas Principales:<\/span><\/div>\n<\/div>\n<ul class=\"list_OMS5rN7R1Z\">\n<li class=\"listItem_OMS5rN7R1Z\" data-selenium=\"sellingPointsListItem\"><span>Sensor HDR 6K de fotograma completo<\/span><\/li>\n<li class=\"listItem_OMS5rN7R1Z\" data-selenium=\"sellingPointsListItem\"><span>Hasta 6K36 fps Puerta abierta \/ Anam\u00f3rfico 4K<\/span><\/li>\n<li class=\"listItem_OMS5rN7R1Z\" data-selenium=\"sellingPointsListItem\"><span>Montura Leica L activa, filtro OLP<\/span><\/li>\n<li class=\"listItem_OMS5rN7R1Z\" data-selenium=\"sellingPointsListItem\"><span>13 pasos de rango din\u00e1mico<\/span><\/li>\n<li class=\"listItem_OMS5rN7R1Z\" data-selenium=\"sellingPointsListItem\"><span>Dos ISO nativos 400\/3200<\/span><\/li>\n<li class=\"listItem_OMS5rN7R1Z\" data-selenium=\"sellingPointsListItem\"><span>Control de enfoque e iris para lentes selectas<\/span><\/li>\n<li class=\"listItem_OMS5rN7R1Z\" data-selenium=\"sellingPointsListItem\"><span>Pantalla t\u00e1ctil LCD inclinable de 5&#8243;<\/span><\/li>\n<li class=\"listItem_OMS5rN7R1Z\" data-selenium=\"sellingPointsListItem\"><span>Grabaci\u00f3n de tarjetas CFexpress tipo B<\/span><\/li>\n<li class=\"listItem_OMS5rN7R1Z\" data-selenium=\"sellingPointsListItem\"><span>Compatibilidad con metadatos de montaje en L y LUT 3D<\/span><\/li>\n<\/ul>\n","protected":false},"excerpt":{"rendered":"<p>CINECAM60KLFL<\/p>\n<div class=\"metaShare_RiltKdop13\">\n<div class=\"meta_RiltKdop13\">\n<div class=\"element_kcQ1qlyqn6\"><\/div>\n<\/div>\n<\/div>\n","protected":false},"featured_media":6453,"template":"","meta":{"om_disable_all_campaigns":false},"pwb-brand":[],"product_brand":[],"product_cat":[71,15],"product_tag":[543],"class_list":{"0":"post-6449","1":"product","2":"type-product","3":"status-publish","4":"has-post-thumbnail","6":"product_cat-blackmagic-design","7":"product_cat-camera","8":"product_tag-cinecam60klfl","10":"first","11":"onbackorder","12":"shipping-taxable","13":"product-type-simple"},"aioseo_notices":[],"jetpack_sharing_enabled":true,"brands":[],"_links":{"self":[{"href":"https:\/\/proservice.com.ar\/index.php\/wp-json\/wp\/v2\/product\/6449","targetHints":{"allow":["GET"]}}],"collection":[{"href":"https:\/\/proservice.com.ar\/index.php\/wp-json\/wp\/v2\/product"}],"about":[{"href":"https:\/\/proservice.com.ar\/index.php\/wp-json\/wp\/v2\/types\/product"}],"wp:featuredmedia":[{"embeddable":true,"href":"https:\/\/proservice.com.ar\/index.php\/wp-json\/wp\/v2\/media\/6453"}],"wp:attachment":[{"href":"https:\/\/proservice.com.ar\/index.php\/wp-json\/wp\/v2\/media?parent=6449"}],"wp:term":[{"taxonomy":"pwb-brand","embeddable":true,"href":"https:\/\/proservice.com.ar\/index.php\/wp-json\/wp\/v2\/pwb-brand?post=6449"},{"taxonomy":"product_brand","embeddable":true,"href":"https:\/\/proservice.com.ar\/index.php\/wp-json\/wp\/v2\/product_brand?post=6449"},{"taxonomy":"product_cat","embeddable":true,"href":"https:\/\/proservice.com.ar\/index.php\/wp-json\/wp\/v2\/product_cat?post=6449"},{"taxonomy":"product_tag","embeddable":true,"href":"https:\/\/proservice.com.ar\/index.php\/wp-json\/wp\/v2\/product_tag?post=6449"}],"curies":[{"name":"wp","href":"https:\/\/api.w.org\/{rel}","templated":true}]}}