{"id":6457,"date":"2020-07-30T13:12:10","date_gmt":"2020-07-30T16:12:10","guid":{"rendered":"https:\/\/proservice.com.ar\/?post_type=product&#038;p=6457"},"modified":"2026-04-01T12:12:01","modified_gmt":"2026-04-01T15:12:01","slug":"hollyland-pyro-s-4k-hdmi-sdi-wireless-video-transmission-system","status":"publish","type":"product","link":"https:\/\/proservice.com.ar\/index.php\/product\/hollyland-pyro-s-4k-hdmi-sdi-wireless-video-transmission-system\/","title":{"rendered":"Hollyland Pyro S 4K HDMI\/SDI Wireless Video Transmission System"},"content":{"rendered":"<p>Agregue transmisi\u00f3n de video inal\u00e1mbrica 4K30 a su producci\u00f3n utilizando el vers\u00e1til sistema de transmisi\u00f3n de video inal\u00e1mbrico Pyro S 4K HDMI\/SDI de Hollyland . El sistema incluye un transmisor inal\u00e1mbrico, un receptor inal\u00e1mbrico, siete antenas, un adaptador USB-C, un adaptador de corriente CC y un soporte adaptador de zapata ajustable. El transmisor proporciona entradas HDMI y SDI y presenta una latencia extremadamente baja de 50 ms que acepta transmisi\u00f3n en l\u00ednea de visi\u00f3n desde hasta 1300&#8242; de distancia hasta el receptor incluido. Cuando se utiliza el modo de transmisi\u00f3n con hasta cuatro receptores y dos dispositivos m\u00f3viles, el sistema admite hasta 650&#8242; de distancia. El receptor emite a HDMI y SDI.<\/p>\n<div class=\"title_OMS5rN7R1Z\">\n<div class=\"text_TAw0W35QK_ comfy_TAw0W35QK_ sizeTitle4_TAw0W35QK_ weightBold_TAw0W35QK_ primary_i3MsQsqoe0\" data-selenium=\"sellingPointsTitle\"><strong>Caracter\u00edsticas principales<\/strong><\/div>\n<\/div>\n<ul class=\"list_OMS5rN7R1Z\">\n<li class=\"listItem_OMS5rN7R1Z\" data-selenium=\"sellingPointsListItem\">Conjunto de transmisor y receptor inal\u00e1mbrico<\/li>\n<li class=\"listItem_OMS5rN7R1Z\" data-selenium=\"sellingPointsListItem\">Transmite video UHD 4K30 hasta 396 metros (aproximado dependiendo de distintos factores)<\/li>\n<li class=\"listItem_OMS5rN7R1Z\" data-selenium=\"sellingPointsListItem\">Entradas y salidas HDMI\/SDI<\/li>\n<li class=\"listItem_OMS5rN7R1Z\" data-selenium=\"sellingPointsListItem\">Bandas de frecuencia de 2,4 y 5 GHz<\/li>\n<li class=\"listItem_OMS5rN7R1Z\" data-selenium=\"sellingPointsListItem\">Admite UVC y RTMP para transmisi\u00f3n<\/li>\n<li class=\"listItem_OMS5rN7R1Z\" data-selenium=\"sellingPointsListItem\">Transmisi\u00f3n de 650&#8242; en modo Broadcast<\/li>\n<li class=\"listItem_OMS5rN7R1Z\" data-selenium=\"sellingPointsListItem\">Escaneo inteligente de canales, LCD brillante<\/li>\n<li class=\"listItem_OMS5rN7R1Z\" data-selenium=\"sellingPointsListItem\">Baja latencia de 50 ms, velocidad de bits de 12 Mb\/s<\/li>\n<li class=\"listItem_OMS5rN7R1Z\" data-selenium=\"sellingPointsListItem\">Opciones de alimentaci\u00f3n de CC, serie L y USB-C<\/li>\n<\/ul>\n","protected":false},"excerpt":{"rendered":"<p>PYRO S<\/p>\n","protected":false},"featured_media":6461,"template":"","meta":{"om_disable_all_campaigns":false},"pwb-brand":[],"product_brand":[],"product_cat":[77,424],"product_tag":[544],"class_list":{"0":"post-6457","1":"product","2":"type-product","3":"status-publish","4":"has-post-thumbnail","6":"product_cat-hollyland","7":"product_cat-wireless-video","8":"product_tag-pyro-s","10":"first","11":"instock","12":"shipping-taxable","13":"purchasable","14":"product-type-simple"},"aioseo_notices":[],"jetpack_sharing_enabled":true,"brands":[],"_links":{"self":[{"href":"https:\/\/proservice.com.ar\/index.php\/wp-json\/wp\/v2\/product\/6457","targetHints":{"allow":["GET"]}}],"collection":[{"href":"https:\/\/proservice.com.ar\/index.php\/wp-json\/wp\/v2\/product"}],"about":[{"href":"https:\/\/proservice.com.ar\/index.php\/wp-json\/wp\/v2\/types\/product"}],"wp:featuredmedia":[{"embeddable":true,"href":"https:\/\/proservice.com.ar\/index.php\/wp-json\/wp\/v2\/media\/6461"}],"wp:attachment":[{"href":"https:\/\/proservice.com.ar\/index.php\/wp-json\/wp\/v2\/media?parent=6457"}],"wp:term":[{"taxonomy":"pwb-brand","embeddable":true,"href":"https:\/\/proservice.com.ar\/index.php\/wp-json\/wp\/v2\/pwb-brand?post=6457"},{"taxonomy":"product_brand","embeddable":true,"href":"https:\/\/proservice.com.ar\/index.php\/wp-json\/wp\/v2\/product_brand?post=6457"},{"taxonomy":"product_cat","embeddable":true,"href":"https:\/\/proservice.com.ar\/index.php\/wp-json\/wp\/v2\/product_cat?post=6457"},{"taxonomy":"product_tag","embeddable":true,"href":"https:\/\/proservice.com.ar\/index.php\/wp-json\/wp\/v2\/product_tag?post=6457"}],"curies":[{"name":"wp","href":"https:\/\/api.w.org\/{rel}","templated":true}]}}