{"id":6470,"date":"2022-07-31T16:14:28","date_gmt":"2022-07-31T19:14:28","guid":{"rendered":"https:\/\/proservice.com.ar\/?post_type=product&#038;p=6470"},"modified":"2025-06-11T14:05:22","modified_gmt":"2025-06-11T17:05:22","slug":"6470","status":"publish","type":"product","link":"https:\/\/proservice.com.ar\/index.php\/product\/6470\/","title":{"rendered":"OBSBOT Tail Air Powerup Combo"},"content":{"rendered":"<p>Agregue una potente c\u00e1mara de transmisi\u00f3n a su entorno remoto, hogare\u00f1o o de sala de conferencias que pueda seguirlo por toda la habitaci\u00f3n con la\u00a0c\u00e1mara de transmisi\u00f3n PTZ con tecnolog\u00eda de inteligencia artificial OBSBOT Tail Air\u00a0. La Tail Air es una c\u00e1mara PTZ de transmisi\u00f3n inteligente 4K actualizada que cuenta con control remoto por software de sus funciones de giro, inclinaci\u00f3n y zoom, adem\u00e1s de permitir gestos con las manos para el control y el seguimiento autom\u00e1tico.<\/p>\n<p>Tail Air actualiza sus caracter\u00edsticas del Tiny 2 con un sensor CMOS de 8MP de 1\/1.8&#8243; m\u00e1s potente; seguimiento de humanos\/animales\/objetos con IA actualizado, control de gestos 2.0 actualizado, salida micro-HDMI, un conector de entrada de audio de 3,5 mm, soporte NDI|HX3 opcional, conectividad Ethernet\/PoE con un adaptador opcional y rendimiento de alta calidad con poca luz con seguimiento por infrarrojos.<\/p>\n<div class=\"title_OMS5rN7R1Z\">\n<div class=\"text_TAw0W35QK_ comfy_TAw0W35QK_ sizeTitle4_TAw0W35QK_ weightBold_TAw0W35QK_ primary_i3MsQsqoe0\" data-selenium=\"sellingPointsTitle\"><strong>Caracter\u00edsticas Principales:\u00a0<\/strong><\/div>\n<\/div>\n<ul class=\"list_OMS5rN7R1Z\">\n<li class=\"listItem_OMS5rN7R1Z\" data-selenium=\"sellingPointsListItem\">C\u00e1mara PTZ USB 4K compacta con zoom 4x<\/li>\n<li class=\"listItem_OMS5rN7R1Z\" data-selenium=\"sellingPointsListItem\">Control remoto inteligente incluido<\/li>\n<li class=\"listItem_OMS5rN7R1Z\" data-selenium=\"sellingPointsListItem\">Clave de licencia NDI incluida<\/li>\n<li class=\"listItem_OMS5rN7R1Z\" data-selenium=\"sellingPointsListItem\">Tr\u00edpode extensible incluido<\/li>\n<li class=\"listItem_OMS5rN7R1Z\" data-selenium=\"sellingPointsListItem\">Seguimiento de sujetos con IA, compatibilidad con NDI|HX3<\/li>\n<li class=\"listItem_OMS5rN7R1Z\" data-selenium=\"sellingPointsListItem\">Micr\u00f3fonos omnidireccionales duales<\/li>\n<li class=\"listItem_OMS5rN7R1Z\" data-selenium=\"sellingPointsListItem\">Adaptador USB-C a Ethernet incluido<\/li>\n<li class=\"listItem_OMS5rN7R1Z\" data-selenium=\"sellingPointsListItem\">Control remoto con giroscopio incorporado<\/li>\n<li class=\"listItem_OMS5rN7R1Z\" data-selenium=\"sellingPointsListItem\">Paquete de cuatro filtros ND incluidos<\/li>\n<li class=\"listItem_OMS5rN7R1Z\" data-selenium=\"sellingPointsListItem\">Cable micro-HDMI a HDMI incluido<\/li>\n<\/ul>\n","protected":false},"excerpt":{"rendered":"<div class=\"element_kcQ1qlyqn6\">\n<div class=\"code_kcQ1qlyqn6\" data-selenium=\"codeCrumb\">\u00a0CB1.00032<\/div>\n<\/div>\n<div class=\"element_kcQ1qlyqn6\">\n<div class=\"reviews_kcQ1qlyqn6\">\n<div class=\"starContainer_FndXTbqvBb\" data-selenium=\"ratingContainer\"><\/div>\n<\/div>\n<\/div>\n","protected":false},"featured_media":6474,"template":"","meta":{"om_disable_all_campaigns":false},"pwb-brand":[],"product_brand":[],"product_cat":[15,545],"product_tag":[547],"class_list":{"0":"post-6470","1":"product","2":"type-product","3":"status-publish","4":"has-post-thumbnail","6":"product_cat-camera","7":"product_cat-obsbot","8":"product_tag-cb1-00032","10":"first","11":"onbackorder","12":"shipping-taxable","13":"product-type-simple"},"aioseo_notices":[],"jetpack_sharing_enabled":true,"brands":[],"_links":{"self":[{"href":"https:\/\/proservice.com.ar\/index.php\/wp-json\/wp\/v2\/product\/6470","targetHints":{"allow":["GET"]}}],"collection":[{"href":"https:\/\/proservice.com.ar\/index.php\/wp-json\/wp\/v2\/product"}],"about":[{"href":"https:\/\/proservice.com.ar\/index.php\/wp-json\/wp\/v2\/types\/product"}],"wp:featuredmedia":[{"embeddable":true,"href":"https:\/\/proservice.com.ar\/index.php\/wp-json\/wp\/v2\/media\/6474"}],"wp:attachment":[{"href":"https:\/\/proservice.com.ar\/index.php\/wp-json\/wp\/v2\/media?parent=6470"}],"wp:term":[{"taxonomy":"pwb-brand","embeddable":true,"href":"https:\/\/proservice.com.ar\/index.php\/wp-json\/wp\/v2\/pwb-brand?post=6470"},{"taxonomy":"product_brand","embeddable":true,"href":"https:\/\/proservice.com.ar\/index.php\/wp-json\/wp\/v2\/product_brand?post=6470"},{"taxonomy":"product_cat","embeddable":true,"href":"https:\/\/proservice.com.ar\/index.php\/wp-json\/wp\/v2\/product_cat?post=6470"},{"taxonomy":"product_tag","embeddable":true,"href":"https:\/\/proservice.com.ar\/index.php\/wp-json\/wp\/v2\/product_tag?post=6470"}],"curies":[{"name":"wp","href":"https:\/\/api.w.org\/{rel}","templated":true}]}}