{"id":6479,"date":"2024-11-07T16:28:29","date_gmt":"2024-11-07T19:28:29","guid":{"rendered":"https:\/\/proservice.com.ar\/?post_type=product&#038;p=6479"},"modified":"2026-04-20T12:49:58","modified_gmt":"2026-04-20T15:49:58","slug":"tail-air","status":"publish","type":"product","link":"https:\/\/proservice.com.ar\/index.php\/product\/tail-air\/","title":{"rendered":"OBSBOT Tail Air AI-Powered PTZ Streaming Camera"},"content":{"rendered":"<div class=\"title_OMS5rN7R1Z\">\n<div data-selenium=\"sellingPointsTitle\">Agregue una potente c\u00e1mara de transmisi\u00f3n a su entorno remoto, hogare\u00f1o o de sala de conferencias que pueda seguirlo por toda la habitaci\u00f3n con la c\u00e1mara de transmisi\u00f3n PTZ con tecnolog\u00eda de inteligencia artificial OBSBOT Tail Air . La Tail Air es una c\u00e1mara PTZ de transmisi\u00f3n inteligente 4K actualizada que cuenta con control remoto por software de sus funciones de giro, inclinaci\u00f3n y zoom, adem\u00e1s de permitir gestos con las manos para el control y el seguimiento autom\u00e1tico.<br \/>\nTail Air actualiza sus caracter\u00edsticas del Tiny 2 con un sensor CMOS de 8MP de 1\/1.8&#8243; m\u00e1s potente; seguimiento de humanos\/animales\/objetos con IA actualizado, control de gestos 2.0 actualizado, salida micro-HDMI, un conector de entrada de audio de 3,5 mm, soporte NDI|HX3 opcional, conectividad Ethernet\/PoE con un adaptador opcional y rendimiento de alta calidad con poca luz con seguimiento por infrarrojos.<\/div>\n<\/div>\n<div data-selenium=\"sellingPointsTitle\"><\/div>\n<div data-selenium=\"sellingPointsTitle\"><\/div>\n<div class=\"title_OMS5rN7R1Z\">\n<div class=\"text_TAw0W35QK_ comfy_TAw0W35QK_ sizeTitle4_TAw0W35QK_ weightBold_TAw0W35QK_ primary_i3MsQsqoe0\" data-selenium=\"sellingPointsTitle\"><strong>Caracter\u00edsticas principales:<\/strong><\/div>\n<\/div>\n<ul class=\"list_OMS5rN7R1Z\">\n<li class=\"listItem_OMS5rN7R1Z\" data-selenium=\"sellingPointsListItem\">C\u00e1mara PTZ USB 4K compacta con zoom 4x<\/li>\n<li class=\"listItem_OMS5rN7R1Z\" data-selenium=\"sellingPointsListItem\">CMOS de 1\/1,8&#8243;, giroscopio de 6 ejes, card\u00e1n de 2 ejes<\/li>\n<li class=\"listItem_OMS5rN7R1Z\" data-selenium=\"sellingPointsListItem\">Seguimiento de sujetos con IA, compatibilidad con NDI|HX3<\/li>\n<li class=\"listItem_OMS5rN7R1Z\" data-selenium=\"sellingPointsListItem\">Lente de 8 elementos con apertura f\/1.8<\/li>\n<li class=\"listItem_OMS5rN7R1Z\" data-selenium=\"sellingPointsListItem\">Micr\u00f3fonos MEMS integrados, entrada de micr\u00f3fono, LED Tally<\/li>\n<li class=\"listItem_OMS5rN7R1Z\" data-selenium=\"sellingPointsListItem\">Seguimiento de objetivos mediante tiempo de vuelo por infrarrojos<\/li>\n<li class=\"listItem_OMS5rN7R1Z\" data-selenium=\"sellingPointsListItem\">Micr\u00f3fonos omnidireccionales duales<\/li>\n<li class=\"listItem_OMS5rN7R1Z\" data-selenium=\"sellingPointsListItem\">Conexi\u00f3n de host Wi-Fi, Bluetooth y USB-C<\/li>\n<li class=\"listItem_OMS5rN7R1Z\" data-selenium=\"sellingPointsListItem\">Control con el software gratuito OBSBOT<\/li>\n<\/ul>\n","protected":false},"excerpt":{"rendered":"<p>OBSBOT TAIL \u00a0AIR 4K<\/p>\n","protected":false},"featured_media":6483,"template":"","meta":{"om_disable_all_campaigns":false},"pwb-brand":[],"product_brand":[],"product_cat":[15,545],"product_tag":[549],"class_list":{"0":"post-6479","1":"product","2":"type-product","3":"status-publish","4":"has-post-thumbnail","6":"product_cat-camera","7":"product_cat-obsbot","8":"product_tag-osb-2108-cw","10":"first","11":"instock","12":"sale","13":"featured","14":"shipping-taxable","15":"purchasable","16":"product-type-simple"},"aioseo_notices":[],"jetpack_sharing_enabled":true,"brands":[],"_links":{"self":[{"href":"https:\/\/proservice.com.ar\/index.php\/wp-json\/wp\/v2\/product\/6479","targetHints":{"allow":["GET"]}}],"collection":[{"href":"https:\/\/proservice.com.ar\/index.php\/wp-json\/wp\/v2\/product"}],"about":[{"href":"https:\/\/proservice.com.ar\/index.php\/wp-json\/wp\/v2\/types\/product"}],"wp:featuredmedia":[{"embeddable":true,"href":"https:\/\/proservice.com.ar\/index.php\/wp-json\/wp\/v2\/media\/6483"}],"wp:attachment":[{"href":"https:\/\/proservice.com.ar\/index.php\/wp-json\/wp\/v2\/media?parent=6479"}],"wp:term":[{"taxonomy":"pwb-brand","embeddable":true,"href":"https:\/\/proservice.com.ar\/index.php\/wp-json\/wp\/v2\/pwb-brand?post=6479"},{"taxonomy":"product_brand","embeddable":true,"href":"https:\/\/proservice.com.ar\/index.php\/wp-json\/wp\/v2\/product_brand?post=6479"},{"taxonomy":"product_cat","embeddable":true,"href":"https:\/\/proservice.com.ar\/index.php\/wp-json\/wp\/v2\/product_cat?post=6479"},{"taxonomy":"product_tag","embeddable":true,"href":"https:\/\/proservice.com.ar\/index.php\/wp-json\/wp\/v2\/product_tag?post=6479"}],"curies":[{"name":"wp","href":"https:\/\/api.w.org\/{rel}","templated":true}]}}