{"id":6484,"date":"2023-08-06T13:30:38","date_gmt":"2023-08-06T16:30:38","guid":{"rendered":"https:\/\/proservice.com.ar\/?post_type=product&#038;p=6484"},"modified":"2026-05-08T10:19:47","modified_gmt":"2026-05-08T13:19:47","slug":"blackmagic-design-micro-studio-camera-4k-g2","status":"publish","type":"product","link":"https:\/\/proservice.com.ar\/index.php\/product\/blackmagic-design-micro-studio-camera-4k-g2\/","title":{"rendered":"Blackmagic Design Micro Studio Camera 4K G2"},"content":{"rendered":"<div class=\"title_OMS5rN7R1Z\">\n<div data-selenium=\"sellingPointsTitle\">Instala una c\u00e1mara en cualquier parte de tu estudio o en el lugar con la ultracompacta\u00a0Blackmagic Design Micro Studio Camera 4K G2\u00a0. Esta peque\u00f1a c\u00e1mara de estudio UHD 4K est\u00e1 dise\u00f1ada para producciones en vivo y se ha actualizado para incluir el mismo sensor de imagen que se encuentra en la Studio Camera 4K Plus G2 de Blackmagic, que admite 3840 x 2160p60. La c\u00e1mara est\u00e1 equipada con una montura MFT activa que puede aceptar lentes MFT nativas o adaptarse a una amplia gama de otros lentes modernos y antiguos. Emite video 4:2:2 de 10 bits a trav\u00e9s de 12G-SDI y se puede controlar de forma remota desde un mezclador ATEM utilizando el protocolo de control SDI. La c\u00e1mara incluye muchas funciones de estudio profesionales en un formato compacto, incluido un corrector de color incorporado, retorno de programa, intercomunicador e indicador tally.<\/div>\n<div data-selenium=\"sellingPointsTitle\"><\/div>\n<div class=\"text_TAw0W35QK_ comfy_TAw0W35QK_ sizeTitle4_TAw0W35QK_ weightBold_TAw0W35QK_ primary_i3MsQsqoe0\" data-selenium=\"sellingPointsTitle\"><strong>Caracter\u00edsticas principales<\/strong><\/div>\n<\/div>\n<ul class=\"list_OMS5rN7R1Z\">\n<li class=\"listItem_OMS5rN7R1Z\" data-selenium=\"sellingPointsListItem\"><span>Montura de lente Micro Cuatro Tercios activa<\/span><\/li>\n<li class=\"listItem_OMS5rN7R1Z\" data-selenium=\"sellingPointsListItem\"><span>Resoluciones UHD 4K de hasta 3840 x 2160p60<\/span><\/li>\n<li class=\"listItem_OMS5rN7R1Z\" data-selenium=\"sellingPointsListItem\"><span>Entrada\/salida de v\u00eddeo 12G-SDI, salida HDMI<\/span><\/li>\n<li class=\"listItem_OMS5rN7R1Z\" data-selenium=\"sellingPointsListItem\"><span>Rango din\u00e1mico de 13 pasos, dise\u00f1o compacto<\/span><\/li>\n<li class=\"listItem_OMS5rN7R1Z\" data-selenium=\"sellingPointsListItem\"><span>Control de c\u00e1mara a trav\u00e9s de SDI, HDMI o USB<\/span><\/li>\n<li class=\"listItem_OMS5rN7R1Z\" data-selenium=\"sellingPointsListItem\"><span>Programaci\u00f3n y Talkback sobre SDI, Tally<\/span><\/li>\n<li class=\"listItem_OMS5rN7R1Z\" data-selenium=\"sellingPointsListItem\"><span>Puerto de expansi\u00f3n USB-C, entrada de audio de 3,5 mm<\/span><\/li>\n<li class=\"listItem_OMS5rN7R1Z\" data-selenium=\"sellingPointsListItem\"><span>Corrector de color incorporado<\/span><\/li>\n<li class=\"listItem_OMS5rN7R1Z\" data-selenium=\"sellingPointsListItem\"><span>Ranura para bater\u00eda Canon LP-E6<\/span><\/li>\n<\/ul>\n","protected":false},"excerpt":{"rendered":"<p>CINSTUDMFT\/UHD\/MRG2<\/p>\n","protected":false},"featured_media":6487,"template":"","meta":{"om_disable_all_campaigns":false},"pwb-brand":[],"product_brand":[],"product_cat":[71,15],"product_tag":[550],"class_list":{"0":"post-6484","1":"product","2":"type-product","3":"status-publish","4":"has-post-thumbnail","6":"product_cat-blackmagic-design","7":"product_cat-camera","8":"product_tag-cinstudmft-uhd-mrg2","10":"first","11":"outofstock","12":"shipping-taxable","13":"product-type-simple"},"aioseo_notices":[],"jetpack_sharing_enabled":true,"brands":[],"_links":{"self":[{"href":"https:\/\/proservice.com.ar\/index.php\/wp-json\/wp\/v2\/product\/6484","targetHints":{"allow":["GET"]}}],"collection":[{"href":"https:\/\/proservice.com.ar\/index.php\/wp-json\/wp\/v2\/product"}],"about":[{"href":"https:\/\/proservice.com.ar\/index.php\/wp-json\/wp\/v2\/types\/product"}],"wp:featuredmedia":[{"embeddable":true,"href":"https:\/\/proservice.com.ar\/index.php\/wp-json\/wp\/v2\/media\/6487"}],"wp:attachment":[{"href":"https:\/\/proservice.com.ar\/index.php\/wp-json\/wp\/v2\/media?parent=6484"}],"wp:term":[{"taxonomy":"pwb-brand","embeddable":true,"href":"https:\/\/proservice.com.ar\/index.php\/wp-json\/wp\/v2\/pwb-brand?post=6484"},{"taxonomy":"product_brand","embeddable":true,"href":"https:\/\/proservice.com.ar\/index.php\/wp-json\/wp\/v2\/product_brand?post=6484"},{"taxonomy":"product_cat","embeddable":true,"href":"https:\/\/proservice.com.ar\/index.php\/wp-json\/wp\/v2\/product_cat?post=6484"},{"taxonomy":"product_tag","embeddable":true,"href":"https:\/\/proservice.com.ar\/index.php\/wp-json\/wp\/v2\/product_tag?post=6484"}],"curies":[{"name":"wp","href":"https:\/\/api.w.org\/{rel}","templated":true}]}}