{"id":6491,"date":"2024-08-15T11:22:04","date_gmt":"2024-08-15T14:22:04","guid":{"rendered":"https:\/\/proservice.com.ar\/?post_type=product&#038;p=6491"},"modified":"2025-06-10T10:02:57","modified_gmt":"2025-06-10T13:02:57","slug":"tilta-camera-cage-pro-kit-v2-for-sony-fx3-fx30-black","status":"publish","type":"product","link":"https:\/\/proservice.com.ar\/index.php\/product\/tilta-camera-cage-pro-kit-v2-for-sony-fx3-fx30-black\/","title":{"rendered":"Tilta Camera Cage Pro Kit v2 for Sony FX3 &amp; FX30 (Black)"},"content":{"rendered":"<div class=\"title_OMS5rN7R1Z\">\n<div data-selenium=\"sellingPointsTitle\">\n<p>A\u00f1ade protecci\u00f3n y accesorios para tomas manuales a tu c\u00e1mara de cine digital Sony FX3 o FX30 con este\u00a0Camera Cage Pro Kit v2\u00a0negro de\u00a0Tilta\u00a0. Este kit incluye una jaula completa para la FX3\/FX30, un asa superior Xeno NATO, una placa base LWS de 15 mm con adaptador, dos varillas de 15 mm de 7,9&#8243; de largo, una empu\u00f1adura de bater\u00eda de la serie L del lado izquierdo avanzada Tipo VI, un accesorio de empu\u00f1adura y un cable de arranque\/parada para la empu\u00f1adura de bater\u00eda. La jaula tambi\u00e9n cuenta con una empu\u00f1adura del lado derecho, una abrazadera para cable HDMI y ranuras para correas para una correa de cuello o de mu\u00f1eca opcional.<\/p>\n<p>La jaula de aluminio mantiene el acceso a los controles de la c\u00e1mara y cuenta con una placa superior NATO extra\u00edble que permite el uso del asa superior XLR original o el asa superior Xeno incluida. La empu\u00f1adura de la bater\u00eda se monta en la jaula mediante el accesorio incluido y se alimenta mediante una bater\u00eda de la serie L para alimentar su equipo y proporcionar control de funcionamiento\/parada. Utilice la placa base LWS de 15 mm y las varillas para montar r\u00e1pidamente su c\u00e1mara en una variedad de plataformas.<\/p>\n<\/div>\n<div data-selenium=\"sellingPointsTitle\"><\/div>\n<div class=\"text_TAw0W35QK_ comfy_TAw0W35QK_ sizeTitle4_TAw0W35QK_ weightBold_TAw0W35QK_ primary_i3MsQsqoe0\" data-selenium=\"sellingPointsTitle\"><strong>Caracter\u00edsticas principales:<\/strong><\/div>\n<\/div>\n<ul class=\"list_OMS5rN7R1Z\">\n<li class=\"listItem_OMS5rN7R1Z\" data-selenium=\"sellingPointsListItem\">Cage de ajuste perfecto para Sony FX3 y FX30<\/li>\n<li class=\"listItem_OMS5rN7R1Z\" data-selenium=\"sellingPointsListItem\">Mango superior NATO, placa base LWS de 15 mm<\/li>\n<li class=\"listItem_OMS5rN7R1Z\" data-selenium=\"sellingPointsListItem\">Empu\u00f1adura de bater\u00eda de la serie L del lado izquierdo<\/li>\n<li class=\"listItem_OMS5rN7R1Z\" data-selenium=\"sellingPointsListItem\">Accesorio de empu\u00f1adura, cable de marcha\/parada<\/li>\n<li class=\"listItem_OMS5rN7R1Z\" data-selenium=\"sellingPointsListItem\">Par de varillas de 15 mm y 7,9&#8243; de largo<\/li>\n<li class=\"listItem_OMS5rN7R1Z\" data-selenium=\"sellingPointsListItem\">Base tipo Arca, riel NATO en el lado izquierdo<\/li>\n<li class=\"listItem_OMS5rN7R1Z\" data-selenium=\"sellingPointsListItem\">Compatible con el mango FX3 XLR original<\/li>\n<\/ul>\n","protected":false},"excerpt":{"rendered":"<p>TA-T16-C-B<\/p>\n","protected":false},"featured_media":6494,"template":"","meta":{"om_disable_all_campaigns":false},"pwb-brand":[],"product_brand":[],"product_cat":[59,84],"product_tag":[551],"class_list":{"0":"post-6491","1":"product","2":"type-product","3":"status-publish","4":"has-post-thumbnail","6":"product_cat-camera-cage-and-kit","7":"product_cat-tilta","8":"product_tag-ta-t16-c-b","10":"first","11":"onbackorder","12":"shipping-taxable","13":"product-type-simple"},"aioseo_notices":[],"jetpack_sharing_enabled":true,"brands":[],"_links":{"self":[{"href":"https:\/\/proservice.com.ar\/index.php\/wp-json\/wp\/v2\/product\/6491","targetHints":{"allow":["GET"]}}],"collection":[{"href":"https:\/\/proservice.com.ar\/index.php\/wp-json\/wp\/v2\/product"}],"about":[{"href":"https:\/\/proservice.com.ar\/index.php\/wp-json\/wp\/v2\/types\/product"}],"wp:featuredmedia":[{"embeddable":true,"href":"https:\/\/proservice.com.ar\/index.php\/wp-json\/wp\/v2\/media\/6494"}],"wp:attachment":[{"href":"https:\/\/proservice.com.ar\/index.php\/wp-json\/wp\/v2\/media?parent=6491"}],"wp:term":[{"taxonomy":"pwb-brand","embeddable":true,"href":"https:\/\/proservice.com.ar\/index.php\/wp-json\/wp\/v2\/pwb-brand?post=6491"},{"taxonomy":"product_brand","embeddable":true,"href":"https:\/\/proservice.com.ar\/index.php\/wp-json\/wp\/v2\/product_brand?post=6491"},{"taxonomy":"product_cat","embeddable":true,"href":"https:\/\/proservice.com.ar\/index.php\/wp-json\/wp\/v2\/product_cat?post=6491"},{"taxonomy":"product_tag","embeddable":true,"href":"https:\/\/proservice.com.ar\/index.php\/wp-json\/wp\/v2\/product_tag?post=6491"}],"curies":[{"name":"wp","href":"https:\/\/api.w.org\/{rel}","templated":true}]}}