{"id":6495,"date":"2024-08-16T16:16:09","date_gmt":"2024-08-16T19:16:09","guid":{"rendered":"https:\/\/proservice.com.ar\/?post_type=product&#038;p=6495"},"modified":"2026-02-10T14:17:11","modified_gmt":"2026-02-10T17:17:11","slug":"tilta-khronos-basic-kit-para-iphone-15-pro","status":"publish","type":"product","link":"https:\/\/proservice.com.ar\/index.php\/product\/tilta-khronos-basic-kit-para-iphone-15-pro\/","title":{"rendered":"Tilta Khronos Basic Kit para iPhone 15 Pro"},"content":{"rendered":"<div class=\"title_OMS5rN7R1Z\">\n<div data-selenium=\"sellingPointsTitle\">Dise\u00f1ado para cineastas m\u00f3viles que usan el iPhone 15 Pro, el kit b\u00e1sico Khronos gris espacial de Tilta incluye una funda Khronos para iPhone 15 Pro, un panel de luz LED de luz diurna Khronos Mini y un mango Khronos Focus PD. Este paquete te ayuda a estar mejor equipado para realizar videos profesionales, transmisiones en vivo, vlogs y m\u00e1s.<\/div>\n<div data-selenium=\"sellingPointsTitle\"><\/div>\n<div class=\"text_TAw0W35QK_ comfy_TAw0W35QK_ sizeTitle4_TAw0W35QK_ weightBold_TAw0W35QK_ primary_i3MsQsqoe0\" data-selenium=\"sellingPointsTitle\"><strong>Caracter\u00edsticas principales:<\/strong><\/div>\n<\/div>\n<ul class=\"list_OMS5rN7R1Z\">\n<li class=\"listItem_OMS5rN7R1Z\" data-selenium=\"sellingPointsListItem\">Dise\u00f1ado para la realizaci\u00f3n de pel\u00edculas m\u00f3viles<\/li>\n<li class=\"listItem_OMS5rN7R1Z\" data-selenium=\"sellingPointsListItem\">Incluye funda Khronos para iPhone 15 Pro<\/li>\n<li class=\"listItem_OMS5rN7R1Z\" data-selenium=\"sellingPointsListItem\">Incluye mango Khronos Focus PD<\/li>\n<li class=\"listItem_OMS5rN7R1Z\" data-selenium=\"sellingPointsListItem\">Incluye luz LED diurna Khronos Mini<\/li>\n<li class=\"listItem_OMS5rN7R1Z\" data-selenium=\"sellingPointsListItem\">Funciona con el ecosistema de accesorios de Khronos<\/li>\n<li class=\"listItem_OMS5rN7R1Z\" data-selenium=\"sellingPointsListItem\">Carcasa de 4 tornillos que protege tu iPhone<\/li>\n<li class=\"listItem_OMS5rN7R1Z\" data-selenium=\"sellingPointsListItem\">Tres niveles de brillo; CRI 95<\/li>\n<li class=\"listItem_OMS5rN7R1Z\" data-selenium=\"sellingPointsListItem\">Inclinaci\u00f3n ajustable y rotaci\u00f3n horizontal<\/li>\n<li class=\"listItem_OMS5rN7R1Z\" data-selenium=\"sellingPointsListItem\">Control m\u00e1s preciso del enfoque y el zoom<\/li>\n<li class=\"listItem_OMS5rN7R1Z\" data-selenium=\"sellingPointsListItem\">Bater\u00eda integrada con carga USB-C<\/li>\n<\/ul>\n","protected":false},"excerpt":{"rendered":"<p>TK-IP15-PB-SG<\/p>\n","protected":false},"featured_media":6496,"template":"","meta":{"om_disable_all_campaigns":false},"pwb-brand":[],"product_brand":[],"product_cat":[59,420,84],"product_tag":[552],"class_list":{"0":"post-6495","1":"product","2":"type-product","3":"status-publish","4":"has-post-thumbnail","6":"product_cat-camera-cage-and-kit","7":"product_cat-ofertas","8":"product_cat-tilta","9":"product_tag-tk-ip15-pb-sg","11":"first","12":"instock","13":"sale","14":"shipping-taxable","15":"purchasable","16":"product-type-simple"},"aioseo_notices":[],"jetpack_sharing_enabled":true,"brands":[],"_links":{"self":[{"href":"https:\/\/proservice.com.ar\/index.php\/wp-json\/wp\/v2\/product\/6495","targetHints":{"allow":["GET"]}}],"collection":[{"href":"https:\/\/proservice.com.ar\/index.php\/wp-json\/wp\/v2\/product"}],"about":[{"href":"https:\/\/proservice.com.ar\/index.php\/wp-json\/wp\/v2\/types\/product"}],"wp:featuredmedia":[{"embeddable":true,"href":"https:\/\/proservice.com.ar\/index.php\/wp-json\/wp\/v2\/media\/6496"}],"wp:attachment":[{"href":"https:\/\/proservice.com.ar\/index.php\/wp-json\/wp\/v2\/media?parent=6495"}],"wp:term":[{"taxonomy":"pwb-brand","embeddable":true,"href":"https:\/\/proservice.com.ar\/index.php\/wp-json\/wp\/v2\/pwb-brand?post=6495"},{"taxonomy":"product_brand","embeddable":true,"href":"https:\/\/proservice.com.ar\/index.php\/wp-json\/wp\/v2\/product_brand?post=6495"},{"taxonomy":"product_cat","embeddable":true,"href":"https:\/\/proservice.com.ar\/index.php\/wp-json\/wp\/v2\/product_cat?post=6495"},{"taxonomy":"product_tag","embeddable":true,"href":"https:\/\/proservice.com.ar\/index.php\/wp-json\/wp\/v2\/product_tag?post=6495"}],"curies":[{"name":"wp","href":"https:\/\/api.w.org\/{rel}","templated":true}]}}