{"id":6504,"date":"2022-08-30T09:39:39","date_gmt":"2022-08-30T12:39:39","guid":{"rendered":"https:\/\/proservice.com.ar\/?post_type=product&#038;p=6504"},"modified":"2025-06-13T11:37:18","modified_gmt":"2025-06-13T14:37:18","slug":"handheld-kit-for-bmpcc-6k-pro-6k-g2","status":"publish","type":"product","link":"https:\/\/proservice.com.ar\/index.php\/product\/handheld-kit-for-bmpcc-6k-pro-6k-g2\/","title":{"rendered":"Handheld Kit for BMPCC 6K Pro \/ 6K G2"},"content":{"rendered":"<p>El SmallRig 3584\u00a0\u00a0est\u00e1 hecho de aleaci\u00f3n de aluminio, es resistente y duradero, y cuenta con m\u00faltiples orificios roscados de 1\/4&#8243;-20 para soportar otros accesorios. El kit viene con un asa superior universal 1446 y un asa lateral NATO HSN2427 para cambiar r\u00e1pidamente entre dos modos de disparo con la mano, lo que permite soluciones de disparo con movimiento estable. La abrazadera para cable USB-C y SSD T5 incorporada se bloquea adem\u00e1s mediante una perilla para evitar desconexiones accidentales y la placa base con varilla doble de 15 mm se adapta a accesorios como Lens Support BSL2644, Follow Focus 3010, Matte Box 2660, etc., para disparos con la mano y con tr\u00edpode.<\/p>\n<p>&#8211; Proporciona una soluci\u00f3n de asa superior y asa lateral, adecuada para fotograf\u00edas individuales.<\/p>\n<p>&#8211; Compatible con soporte de lente, caja mate, seguimiento de enfoque y otros accesorios.<\/p>\n<p>&#8211; Protege la c\u00e1mara y los cables.<\/p>\n","protected":false},"excerpt":{"rendered":"<p>3584<\/p>\n","protected":false},"featured_media":6506,"template":"","meta":{"om_disable_all_campaigns":false},"pwb-brand":[],"product_brand":[],"product_cat":[59,420,83],"product_tag":[554],"class_list":{"0":"post-6504","1":"product","2":"type-product","3":"status-publish","4":"has-post-thumbnail","6":"product_cat-camera-cage-and-kit","7":"product_cat-ofertas","8":"product_cat-smallrig","9":"product_tag-554","11":"first","12":"instock","13":"sale","14":"shipping-taxable","15":"purchasable","16":"product-type-simple"},"aioseo_notices":[],"jetpack_sharing_enabled":true,"brands":[],"_links":{"self":[{"href":"https:\/\/proservice.com.ar\/index.php\/wp-json\/wp\/v2\/product\/6504","targetHints":{"allow":["GET"]}}],"collection":[{"href":"https:\/\/proservice.com.ar\/index.php\/wp-json\/wp\/v2\/product"}],"about":[{"href":"https:\/\/proservice.com.ar\/index.php\/wp-json\/wp\/v2\/types\/product"}],"wp:featuredmedia":[{"embeddable":true,"href":"https:\/\/proservice.com.ar\/index.php\/wp-json\/wp\/v2\/media\/6506"}],"wp:attachment":[{"href":"https:\/\/proservice.com.ar\/index.php\/wp-json\/wp\/v2\/media?parent=6504"}],"wp:term":[{"taxonomy":"pwb-brand","embeddable":true,"href":"https:\/\/proservice.com.ar\/index.php\/wp-json\/wp\/v2\/pwb-brand?post=6504"},{"taxonomy":"product_brand","embeddable":true,"href":"https:\/\/proservice.com.ar\/index.php\/wp-json\/wp\/v2\/product_brand?post=6504"},{"taxonomy":"product_cat","embeddable":true,"href":"https:\/\/proservice.com.ar\/index.php\/wp-json\/wp\/v2\/product_cat?post=6504"},{"taxonomy":"product_tag","embeddable":true,"href":"https:\/\/proservice.com.ar\/index.php\/wp-json\/wp\/v2\/product_tag?post=6504"}],"curies":[{"name":"wp","href":"https:\/\/api.w.org\/{rel}","templated":true}]}}