{"id":6523,"date":"2024-09-17T15:55:05","date_gmt":"2024-09-17T18:55:05","guid":{"rendered":"https:\/\/proservice.com.ar\/?post_type=product&#038;p=6523"},"modified":"2025-12-29T15:10:16","modified_gmt":"2025-12-29T18:10:16","slug":"smallrig-vb99-pro-mini-v-mount-battery","status":"publish","type":"product","link":"https:\/\/proservice.com.ar\/index.php\/product\/smallrig-vb99-pro-mini-v-mount-battery\/","title":{"rendered":"SmallRig VB99 Pro Mini V-Mount Battery"},"content":{"rendered":"<div class=\"title_OMS5rN7R1Z\">\n<div data-selenium=\"sellingPointsTitle\">\n<p>La bater\u00eda VB99 Pro Mini V-Mount de SmallRig es una bater\u00eda profesional ultracompacta y liviana de 99 Wh que puede soportar un consumo de hasta 14 A a una tensi\u00f3n nominal de 14,8 V. Esta bater\u00eda duradera y f\u00e1cil de transportar es adecuada para alimentar c\u00e1maras de mano, drones y estabilizadores. Cuenta con un exterior de aluminio ign\u00edfugo a prueba de ca\u00eddas, y su chip interno proporciona una carga r\u00e1pida y protecci\u00f3n contra sobrecarga, cortocircuito y sobrecorriente.<\/p>\n<p>La VB99 Pro ofrece m\u00faltiples puertos para accesorios, incluida una salida D-Tap de 14,8 V, una salida de barril de 8 V CC, una salida de barril de 12 V CC, una entrada\/salida USB-C, una salida USB-C y una salida USB-A para alimentar varios accesorios, c\u00e1maras o dispositivos m\u00f3viles. La bater\u00eda se puede cargar con un cargador V-mount est\u00e1ndar, un cargador D-Tap opcional o mediante la entrada\/salida USB-C de 100 W con un cargador r\u00e1pido PD. Una pantalla TFT a color incorporada muestra la capacidad y el estado restantes de la bater\u00eda.<\/p>\n<\/div>\n<div data-selenium=\"sellingPointsTitle\"><\/div>\n<div class=\"text_TAw0W35QK_ comfy_TAw0W35QK_ sizeTitle4_TAw0W35QK_ weightBold_TAw0W35QK_ primary_i3MsQsqoe0\" data-selenium=\"sellingPointsTitle\"><strong>Caracter\u00edsticas principales<\/strong><\/div>\n<\/div>\n<ul class=\"list_OMS5rN7R1Z\">\n<li class=\"listItem_OMS5rN7R1Z\" data-selenium=\"sellingPointsListItem\">Bater\u00eda de iones de litio de 99 Wh con montura en V<\/li>\n<li class=\"listItem_OMS5rN7R1Z\" data-selenium=\"sellingPointsListItem\">Admite un consumo de hasta 14 A<\/li>\n<li class=\"listItem_OMS5rN7R1Z\" data-selenium=\"sellingPointsListItem\">Salida D-Tap de 14,8 V<\/li>\n<li class=\"listItem_OMS5rN7R1Z\" data-selenium=\"sellingPointsListItem\">Salida USB-A, 2 salidas de CC tipo barril<\/li>\n<li class=\"listItem_OMS5rN7R1Z\" data-selenium=\"sellingPointsListItem\">Entradas\/salidas de carga USB-C<\/li>\n<li class=\"listItem_OMS5rN7R1Z\" data-selenium=\"sellingPointsListItem\">Carga r\u00e1pida PD con D-Tap y USB-C<\/li>\n<li class=\"listItem_OMS5rN7R1Z\" data-selenium=\"sellingPointsListItem\">Tama\u00f1o ultracompacto, ideal para viajes<\/li>\n<\/ul>\n","protected":false},"excerpt":{"rendered":"<p>Smallrig 4292<\/p>\n","protected":false},"featured_media":6527,"template":"","meta":{"om_disable_all_campaigns":false},"pwb-brand":[],"product_brand":[],"product_cat":[69,83],"product_tag":[557],"class_list":{"0":"post-6523","1":"product","2":"type-product","3":"status-publish","4":"has-post-thumbnail","6":"product_cat-marcas","7":"product_cat-smallrig","8":"product_tag-557","10":"first","11":"outofstock","12":"sale","13":"shipping-taxable","14":"purchasable","15":"product-type-simple"},"aioseo_notices":[],"jetpack_sharing_enabled":true,"brands":[],"_links":{"self":[{"href":"https:\/\/proservice.com.ar\/index.php\/wp-json\/wp\/v2\/product\/6523","targetHints":{"allow":["GET"]}}],"collection":[{"href":"https:\/\/proservice.com.ar\/index.php\/wp-json\/wp\/v2\/product"}],"about":[{"href":"https:\/\/proservice.com.ar\/index.php\/wp-json\/wp\/v2\/types\/product"}],"wp:featuredmedia":[{"embeddable":true,"href":"https:\/\/proservice.com.ar\/index.php\/wp-json\/wp\/v2\/media\/6527"}],"wp:attachment":[{"href":"https:\/\/proservice.com.ar\/index.php\/wp-json\/wp\/v2\/media?parent=6523"}],"wp:term":[{"taxonomy":"pwb-brand","embeddable":true,"href":"https:\/\/proservice.com.ar\/index.php\/wp-json\/wp\/v2\/pwb-brand?post=6523"},{"taxonomy":"product_brand","embeddable":true,"href":"https:\/\/proservice.com.ar\/index.php\/wp-json\/wp\/v2\/product_brand?post=6523"},{"taxonomy":"product_cat","embeddable":true,"href":"https:\/\/proservice.com.ar\/index.php\/wp-json\/wp\/v2\/product_cat?post=6523"},{"taxonomy":"product_tag","embeddable":true,"href":"https:\/\/proservice.com.ar\/index.php\/wp-json\/wp\/v2\/product_tag?post=6523"}],"curies":[{"name":"wp","href":"https:\/\/api.w.org\/{rel}","templated":true}]}}