{"id":6530,"date":"2024-10-15T12:20:52","date_gmt":"2024-10-15T15:20:52","guid":{"rendered":"https:\/\/proservice.com.ar\/?post_type=product&#038;p=6530"},"modified":"2026-05-08T09:42:40","modified_gmt":"2026-05-08T12:42:40","slug":"obsbot-tiny-2-home-combo","status":"publish","type":"product","link":"https:\/\/proservice.com.ar\/index.php\/product\/obsbot-tiny-2-home-combo\/","title":{"rendered":"OBSBOT Tiny 2 Home Combo"},"content":{"rendered":"<div data-selenium=\"sellingPointsTitle\">\n<p>Agregue una potente c\u00e1mara web a su entorno remoto, hogare\u00f1o o de sala de conferencias que pueda seguirlo por toda la habitaci\u00f3n con la c\u00e1mara web PTZ 4K con tecnolog\u00eda AI OBSBOT Tiny 2. La OBSBOT Tiny 2 es una c\u00e1mara web inteligente 4K actualizada que cuenta con control remoto por software de sus funciones de panor\u00e1mica, inclinaci\u00f3n y zoom, adem\u00e1s de permitir gestos con las manos para control y seguimiento autom\u00e1tico mediante reconocimiento de sujetos integrado.El Tiny 2 actualiza sus caracter\u00edsticas del Tiny 4K en muchas \u00e1reas, incluido un sensor CMOS 1\/1.5&#8243; 50MP m\u00e1s potente; zoom autom\u00e1tico AI actualizado, zona y seguimiento de manos con encuadre autom\u00e1tico; soporte PixGain HDR mejorado, ISO nativo dual para rendimiento de alta calidad con poca luz, transmisi\u00f3n de datos 10 veces m\u00e1s r\u00e1pida a trav\u00e9s de USB 3.1 Gen 1, control de gestos din\u00e1mico y un modo de suspensi\u00f3n mejorado.<\/p>\n<\/div>\n<div class=\"title_OMS5rN7R1Z\">\n<div class=\"text_TAw0W35QK_ comfy_TAw0W35QK_ sizeTitle4_TAw0W35QK_ weightBold_TAw0W35QK_ primary_i3MsQsqoe0\" data-selenium=\"sellingPointsTitle\"><strong>Caracter\u00edsticas principales<\/strong><\/div>\n<\/div>\n<ul class=\"list_OMS5rN7R1Z\">\n<li class=\"listItem_OMS5rN7R1Z\" data-selenium=\"sellingPointsListItem\">C\u00e1mara web PTZ USB 4K compacta con zoom de 4x<\/li>\n<li class=\"listItem_OMS5rN7R1Z\" data-selenium=\"sellingPointsListItem\">Control remoto inteligente<\/li>\n<li class=\"listItem_OMS5rN7R1Z\" data-selenium=\"sellingPointsListItem\">Tr\u00edpode extensible de 7,8 a 30,7&#8243;<\/li>\n<li class=\"listItem_OMS5rN7R1Z\" data-selenium=\"sellingPointsListItem\">Grabar y transmitir con la computadora<\/li>\n<\/ul>\n","protected":false},"excerpt":{"rendered":"<p>C.B.2.00024<\/p>\n","protected":false},"featured_media":6531,"template":"","meta":{"om_disable_all_campaigns":false},"pwb-brand":[],"product_brand":[],"product_cat":[15,545],"product_tag":[558],"class_list":{"0":"post-6530","1":"product","2":"type-product","3":"status-publish","4":"has-post-thumbnail","6":"product_cat-camera","7":"product_cat-obsbot","8":"product_tag-c-b-2-00024","10":"first","11":"outofstock","12":"shipping-taxable","13":"product-type-simple"},"aioseo_notices":[],"jetpack_sharing_enabled":true,"brands":[],"_links":{"self":[{"href":"https:\/\/proservice.com.ar\/index.php\/wp-json\/wp\/v2\/product\/6530","targetHints":{"allow":["GET"]}}],"collection":[{"href":"https:\/\/proservice.com.ar\/index.php\/wp-json\/wp\/v2\/product"}],"about":[{"href":"https:\/\/proservice.com.ar\/index.php\/wp-json\/wp\/v2\/types\/product"}],"wp:featuredmedia":[{"embeddable":true,"href":"https:\/\/proservice.com.ar\/index.php\/wp-json\/wp\/v2\/media\/6531"}],"wp:attachment":[{"href":"https:\/\/proservice.com.ar\/index.php\/wp-json\/wp\/v2\/media?parent=6530"}],"wp:term":[{"taxonomy":"pwb-brand","embeddable":true,"href":"https:\/\/proservice.com.ar\/index.php\/wp-json\/wp\/v2\/pwb-brand?post=6530"},{"taxonomy":"product_brand","embeddable":true,"href":"https:\/\/proservice.com.ar\/index.php\/wp-json\/wp\/v2\/product_brand?post=6530"},{"taxonomy":"product_cat","embeddable":true,"href":"https:\/\/proservice.com.ar\/index.php\/wp-json\/wp\/v2\/product_cat?post=6530"},{"taxonomy":"product_tag","embeddable":true,"href":"https:\/\/proservice.com.ar\/index.php\/wp-json\/wp\/v2\/product_tag?post=6530"}],"curies":[{"name":"wp","href":"https:\/\/api.w.org\/{rel}","templated":true}]}}