{"id":6536,"date":"2022-10-18T12:07:02","date_gmt":"2022-10-18T15:07:02","guid":{"rendered":"https:\/\/proservice.com.ar\/?post_type=product&#038;p=6536"},"modified":"2025-06-10T10:26:20","modified_gmt":"2025-06-10T13:26:20","slug":"tilta-full-camera-cage-for-sony-a6700-black","status":"publish","type":"product","link":"https:\/\/proservice.com.ar\/index.php\/product\/tilta-full-camera-cage-for-sony-a6700-black\/","title":{"rendered":"Tilta Full Camera Cage for Sony a6700 (Black)"},"content":{"rendered":"<div class=\"productDescription_UbV5SNP5Eo\" data-selenium=\"overviewLongDescription\">\n<div class=\"js-injected-html text_UbV5SNP5Eo\">\n<p>Agrega accesorios de montaje y protecci\u00f3n a tu c\u00e1mara Sony a6700 durante la producci\u00f3n . Este cage de aluminio se adapta a la forma de tu cuerpo mantiene el acceso a las funciones, pantallas, puertos y bater\u00eda de tu c\u00e1mara. Dos monturas de zapata, montura de soporte de lente y m\u00faltiples roscas anti-torsi\u00f3n de 1\/4&#8243;-20 te permiten colocar una variedad de accesorios. La base cuenta con una placa desmontable tipo Arca para montar en cabezales de tr\u00edpode y estabilizadores compatibles. Se incluye un destornillador magn\u00e9tico que se guarda en la parte inferior de la jaula.<\/p>\n<\/div>\n<\/div>\n<div class=\"feature_UbV5SNP5Eo\">\n<div class=\"feature_UbV5SNP5Eo\">\n<div class=\"featureHeader_UbV5SNP5Eo\">\n<div class=\"text_TAw0W35QK_ comfy_TAw0W35QK_ sizeTitle2_TAw0W35QK_ weightNormal_TAw0W35QK_ primary_i3MsQsqoe0\">Compatibilidad<\/div>\n<\/div>\n<div class=\"\">\n<div>\n<div class=\"js-injected-html text_UbV5SNP5Eo\">\n<ul>\n<li>C\u00e1mara sin espejo Sony a6700.<\/li>\n<li>M\u00f3dulo de refrigeraci\u00f3n Tilta disponible por separado.<\/li>\n<\/ul>\n<\/div>\n<\/div>\n<\/div>\n<\/div>\n<\/div>\n","protected":false},"excerpt":{"rendered":"<div class=\"element_kcQ1qlyqn6\">Tilta Full Camera Cage for Sony a6700 (Black)<\/div>\n<div class=\"metaShare_RiltKdop13\">\n<div class=\"meta_RiltKdop13\">\n<div class=\"element_kcQ1qlyqn6\"><\/div>\n<\/div>\n<\/div>\n","protected":false},"featured_media":6538,"template":"","meta":{"om_disable_all_campaigns":false},"pwb-brand":[],"product_brand":[],"product_cat":[59,84],"product_tag":[559],"class_list":{"0":"post-6536","1":"product","2":"type-product","3":"status-publish","4":"has-post-thumbnail","6":"product_cat-camera-cage-and-kit","7":"product_cat-tilta","8":"product_tag-ta-t54-fcc-b","10":"first","11":"onbackorder","12":"shipping-taxable","13":"product-type-simple"},"aioseo_notices":[],"jetpack_sharing_enabled":true,"brands":[],"_links":{"self":[{"href":"https:\/\/proservice.com.ar\/index.php\/wp-json\/wp\/v2\/product\/6536","targetHints":{"allow":["GET"]}}],"collection":[{"href":"https:\/\/proservice.com.ar\/index.php\/wp-json\/wp\/v2\/product"}],"about":[{"href":"https:\/\/proservice.com.ar\/index.php\/wp-json\/wp\/v2\/types\/product"}],"wp:featuredmedia":[{"embeddable":true,"href":"https:\/\/proservice.com.ar\/index.php\/wp-json\/wp\/v2\/media\/6538"}],"wp:attachment":[{"href":"https:\/\/proservice.com.ar\/index.php\/wp-json\/wp\/v2\/media?parent=6536"}],"wp:term":[{"taxonomy":"pwb-brand","embeddable":true,"href":"https:\/\/proservice.com.ar\/index.php\/wp-json\/wp\/v2\/pwb-brand?post=6536"},{"taxonomy":"product_brand","embeddable":true,"href":"https:\/\/proservice.com.ar\/index.php\/wp-json\/wp\/v2\/product_brand?post=6536"},{"taxonomy":"product_cat","embeddable":true,"href":"https:\/\/proservice.com.ar\/index.php\/wp-json\/wp\/v2\/product_cat?post=6536"},{"taxonomy":"product_tag","embeddable":true,"href":"https:\/\/proservice.com.ar\/index.php\/wp-json\/wp\/v2\/product_tag?post=6536"}],"curies":[{"name":"wp","href":"https:\/\/api.w.org\/{rel}","templated":true}]}}