{"id":6546,"date":"2022-11-05T12:09:22","date_gmt":"2022-11-05T15:09:22","guid":{"rendered":"https:\/\/proservice.com.ar\/?post_type=product&#038;p=6546"},"modified":"2026-01-06T09:29:25","modified_gmt":"2026-01-06T12:29:25","slug":"controlador-de-transmision-de-video-inalambrico-con-inyeccion-poe-de-aida-imaging-ipcomm","status":"publish","type":"product","link":"https:\/\/proservice.com.ar\/index.php\/product\/controlador-de-transmision-de-video-inalambrico-con-inyeccion-poe-de-aida-imaging-ipcomm\/","title":{"rendered":"Transmisor\/controlador de video inal\u00e1mbrico AIDA Imaging IPCOMM-POE con inyecci\u00f3n PoE+"},"content":{"rendered":"<div class=\"title_OMS5rN7R1Z\">\n<div data-selenium=\"sellingPointsTitle\">\n<div class=\"productDescription_UbV5SNP5Eo\" data-selenium=\"overviewLongDescription\">\n<div class=\"js-injected-html text_UbV5SNP5Eo\">\n<p>Agregue transmisi\u00f3n de video inal\u00e1mbrica a c\u00e1maras PTZ de dif\u00edcil acceso utilizando el\u00a0transmisor de video inal\u00e1mbrico IPCOMM-POE\u00a0de\u00a0AIDA Imaging\u00a0. Este transmisor utiliza Wi-Fi de 2,4 o 5 GHz para enviar video IP o control IP hasta donde alcance su enrutador. Compatible con cualquier c\u00e1mara PTZ basada en IP, el IPCOMM-POE transmite a velocidades de bits de hasta 50 Mb\/s y se alimenta mediante el adaptador de 12 VCC incluido o una bater\u00eda tipo Sony serie L disponible por separado. Puede inyectar PoE+ en una c\u00e1mara compatible y est\u00e1 alojado en una carcasa de aluminio duradera con tres roscas de montaje de 1\/4&#8243;-20.<\/p>\n<\/div>\n<\/div>\n<div class=\"feature_UbV5SNP5Eo\">\n<div class=\"feature_UbV5SNP5Eo\">\n<div class=\"featureHeader_UbV5SNP5Eo\">\n<div class=\"text_TAw0W35QK_ comfy_TAw0W35QK_ sizeTitle2_TAw0W35QK_ weightNormal_TAw0W35QK_ primary_i3MsQsqoe0\">V\u00eddeo inal\u00e1mbrico v\u00eda Wi-Fi<\/div>\n<\/div>\n<div class=\"\">\n<div>\n<div class=\"js-injected-html text_UbV5SNP5Eo\">\n<ul>\n<li>Conecte su c\u00e1mara al IPCOMM-POE a su c\u00e1mara PTZ basada en IP.<\/li>\n<li>Con\u00e9ctese a su enrutador Wi-Fi de 2,4 o 5 GHz para una transmisi\u00f3n inal\u00e1mbrica de video UHD de hasta 4K.<\/li>\n<li>Admite transmisi\u00f3n de hasta 50 Mb\/s.<\/li>\n<\/ul>\n<\/div>\n<\/div>\n<\/div>\n<\/div>\n<div class=\"feature_UbV5SNP5Eo\">\n<div class=\"featureHeader_UbV5SNP5Eo\">\n<div class=\"text_TAw0W35QK_ comfy_TAw0W35QK_ sizeTitle2_TAw0W35QK_ weightNormal_TAw0W35QK_ primary_i3MsQsqoe0\">Poder vers\u00e1til<\/div>\n<\/div>\n<div class=\"\">\n<div>\n<div class=\"js-injected-html text_UbV5SNP5Eo\">\n<ul>\n<li>Alimentaci\u00f3n mediante el adaptador de 12 VCC incluido para uso ilimitado.<\/li>\n<li>Utilice una bater\u00eda tipo serie L de Sony para una configuraci\u00f3n inal\u00e1mbrica.<\/li>\n<li>Suministra PoE+ a las c\u00e1maras compatibles.<\/li>\n<\/ul>\n<\/div>\n<\/div>\n<\/div>\n<\/div>\n<div class=\"feature_UbV5SNP5Eo\">\n<div class=\"featureHeader_UbV5SNP5Eo\">\n<div class=\"text_TAw0W35QK_ comfy_TAw0W35QK_ sizeTitle2_TAw0W35QK_ weightNormal_TAw0W35QK_ primary_i3MsQsqoe0\">Construcci\u00f3n duradera<\/div>\n<\/div>\n<div class=\"\">\n<div>\n<div class=\"js-injected-html text_UbV5SNP5Eo\">Alojado en una carcasa de aluminio duradera con tres roscas de montaje de 1\/4&#8243;-20.<\/div>\n<div><\/div>\n<\/div>\n<\/div>\n<\/div>\n<\/div>\n<\/div>\n<div data-selenium=\"sellingPointsTitle\"><\/div>\n<div class=\"text_TAw0W35QK_ comfy_TAw0W35QK_ sizeTitle4_TAw0W35QK_ weightBold_TAw0W35QK_ primary_i3MsQsqoe0\" data-selenium=\"sellingPointsTitle\"><strong>Caracter\u00edsticas principales<\/strong><\/div>\n<\/div>\n<ul class=\"list_OMS5rN7R1Z\">\n<li class=\"listItem_OMS5rN7R1Z\" data-selenium=\"sellingPointsListItem\">Transmisi\u00f3n de video hasta UHD 4K<\/li>\n<li class=\"listItem_OMS5rN7R1Z\" data-selenium=\"sellingPointsListItem\">Para cualquier c\u00e1mara PTZ basada en IP<\/li>\n<li class=\"listItem_OMS5rN7R1Z\" data-selenium=\"sellingPointsListItem\">Transmisi\u00f3n Wi-Fi de banda dual de 2,4\/5 GHz<\/li>\n<li class=\"listItem_OMS5rN7R1Z\" data-selenium=\"sellingPointsListItem\">Env\u00eda video IP o control IP<\/li>\n<li class=\"listItem_OMS5rN7R1Z\" data-selenium=\"sellingPointsListItem\">Velocidad de transmisi\u00f3n de bits de hasta 50 Mb\/s<\/li>\n<li class=\"listItem_OMS5rN7R1Z\" data-selenium=\"sellingPointsListItem\">Alimentaci\u00f3n mediante adaptador de 12 VCC\/bater\u00eda tipo L<\/li>\n<li class=\"listItem_OMS5rN7R1Z\" data-selenium=\"sellingPointsListItem\">Agrega PoE+ a las c\u00e1maras compatibles<\/li>\n<li class=\"listItem_OMS5rN7R1Z\" data-selenium=\"sellingPointsListItem\">Carcasa de aluminio, 3 soportes de 1\/4&#8243;-20<\/li>\n<\/ul>\n<p>&nbsp;<\/p>\n<div class=\"productDescription_UbV5SNP5Eo\" data-selenium=\"overviewLongDescription\">\n<div class=\"js-injected-html text_UbV5SNP5Eo\"><\/div>\n<\/div>\n<div class=\"feature_UbV5SNP5Eo\">\n<div class=\"feature_UbV5SNP5Eo\">\n<div class=\"\">\n<div>\n<div class=\"js-injected-html text_UbV5SNP5Eo\"><\/div>\n<\/div>\n<\/div>\n<\/div>\n<\/div>\n","protected":false},"excerpt":{"rendered":"<p>AIDA Imaging IPCOMM-POE Wireless Video Transmitter\/Controller with PoE+ Injection<\/p>\n","protected":false},"featured_media":6547,"template":"","meta":{"om_disable_all_campaigns":false},"pwb-brand":[],"product_brand":[],"product_cat":[70],"product_tag":[561],"class_list":{"0":"post-6546","1":"product","2":"type-product","3":"status-publish","4":"has-post-thumbnail","6":"product_cat-aida","7":"product_tag-ipcomm-poe","9":"first","10":"instock","11":"sale","12":"shipping-taxable","13":"purchasable","14":"product-type-simple"},"aioseo_notices":[],"jetpack_sharing_enabled":true,"brands":[],"_links":{"self":[{"href":"https:\/\/proservice.com.ar\/index.php\/wp-json\/wp\/v2\/product\/6546","targetHints":{"allow":["GET"]}}],"collection":[{"href":"https:\/\/proservice.com.ar\/index.php\/wp-json\/wp\/v2\/product"}],"about":[{"href":"https:\/\/proservice.com.ar\/index.php\/wp-json\/wp\/v2\/types\/product"}],"wp:featuredmedia":[{"embeddable":true,"href":"https:\/\/proservice.com.ar\/index.php\/wp-json\/wp\/v2\/media\/6547"}],"wp:attachment":[{"href":"https:\/\/proservice.com.ar\/index.php\/wp-json\/wp\/v2\/media?parent=6546"}],"wp:term":[{"taxonomy":"pwb-brand","embeddable":true,"href":"https:\/\/proservice.com.ar\/index.php\/wp-json\/wp\/v2\/pwb-brand?post=6546"},{"taxonomy":"product_brand","embeddable":true,"href":"https:\/\/proservice.com.ar\/index.php\/wp-json\/wp\/v2\/product_brand?post=6546"},{"taxonomy":"product_cat","embeddable":true,"href":"https:\/\/proservice.com.ar\/index.php\/wp-json\/wp\/v2\/product_cat?post=6546"},{"taxonomy":"product_tag","embeddable":true,"href":"https:\/\/proservice.com.ar\/index.php\/wp-json\/wp\/v2\/product_tag?post=6546"}],"curies":[{"name":"wp","href":"https:\/\/api.w.org\/{rel}","templated":true}]}}