{"id":6791,"date":"2022-11-14T15:22:39","date_gmt":"2022-11-14T18:22:39","guid":{"rendered":"https:\/\/proservice.com.ar\/?post_type=product&#038;p=6791"},"modified":"2026-04-01T12:07:45","modified_gmt":"2026-04-01T15:07:45","slug":"aida-imaging-4k-ndihx3-12g-sdi-sfp-auto-tracking-broadcast-conference-ptz-camera-with-30x-optical-zoom-black","status":"publish","type":"product","link":"https:\/\/proservice.com.ar\/index.php\/product\/aida-imaging-4k-ndihx3-12g-sdi-sfp-auto-tracking-broadcast-conference-ptz-camera-with-30x-optical-zoom-black\/","title":{"rendered":"AIDA Imaging 4K NDI|HX3, 12G-SDI &amp; SFP+ Auto-Tracking Broadcast\/Conference PTZ Camera with 30x Optical Zoom (Black)"},"content":{"rendered":"<p>D\u00e9 rienda suelta a su creatividad y aumente sus producciones con una gran cantidad de capacidades de transmisi\u00f3n utilizando esta c\u00e1mara PTZ para transmisi\u00f3n\/conferencia con seguimiento autom\u00e1tico 4K NDI|HX3, 12G-SDI y SFP+ con zoom \u00f3ptico de 30x de AIDA Imaging . El chasis de aluminio de dise\u00f1o est\u00e9tico integra un sensor Sony CMOS 4K de 9 MP y 1\/1,8&#8243;, un m\u00f3dulo de zoom \u00f3ptico de 30X y una amplia gama de opciones de conectividad que incluyen 12G-SDI, 3G-SDI, HDMI, IP, SRT, USB-C, fibra SFP+ y varias opciones NDI.<\/p>\n<p>La c\u00e1mara, que cuenta con seguimiento autom\u00e1tico basado en IA que sigue autom\u00e1ticamente al sujeto durante la grabaci\u00f3n, est\u00e1 dise\u00f1ada para aplicaciones de transmisi\u00f3n y conferencias y ofrece resoluciones de captura de video de hasta UHD 4K60. Tambi\u00e9n ofrece una entrada de micr\u00f3fono mini-XLR con alimentaci\u00f3n fantasma de 48 V y una entrada de nivel de l\u00ednea de 3,5 mm para captar audio anal\u00f3gico para integrarlo con la salida de video. El paquete incluye un control remoto, un soporte de montaje para la c\u00e1mara, un adaptador de corriente con el cable de alimentaci\u00f3n correspondiente y un arn\u00e9s de seguridad.<\/p>\n<div class=\"title_OMS5rN7R1Z\">\n<div class=\"text_TAw0W35QK_ comfy_TAw0W35QK_ sizeTitle4_TAw0W35QK_ weightBold_TAw0W35QK_ primary_i3MsQsqoe0\" data-selenium=\"sellingPointsTitle\"><strong>Caracter\u00edsticas principales:\u00a0<\/strong><\/div>\n<\/div>\n<ul class=\"list_OMS5rN7R1Z\">\n<li class=\"listItem_OMS5rN7R1Z\" data-selenium=\"sellingPointsListItem\">C\u00e1mara NDI\/12G-SDI\/SFP+ con ancho de banda completo<\/li>\n<li class=\"listItem_OMS5rN7R1Z\" data-selenium=\"sellingPointsListItem\">Para aplicaciones de transmisi\u00f3n y conferencias<\/li>\n<li class=\"listItem_OMS5rN7R1Z\" data-selenium=\"sellingPointsListItem\">Captura una resoluci\u00f3n de hasta UHD 4K60<\/li>\n<li class=\"listItem_OMS5rN7R1Z\" data-selenium=\"sellingPointsListItem\">Zoom \u00f3ptico de 30x a 4K<\/li>\n<li class=\"listItem_OMS5rN7R1Z\" data-selenium=\"sellingPointsListItem\">Seguimiento autom\u00e1tico basado en IA<\/li>\n<li class=\"listItem_OMS5rN7R1Z\" data-selenium=\"sellingPointsListItem\">Conectividad 12G-SDI\/HDMI\/IP\/SRT\/USB<\/li>\n<li class=\"listItem_OMS5rN7R1Z\" data-selenium=\"sellingPointsListItem\">Protocolos UDP, TCP, ONVIF, PELCO y VISCA<\/li>\n<li class=\"listItem_OMS5rN7R1Z\" data-selenium=\"sellingPointsListItem\">Mini-XLR con entradas de audio de 48 V y 3,5 mm<\/li>\n<li class=\"listItem_OMS5rN7R1Z\" data-selenium=\"sellingPointsListItem\">Adaptador de corriente y cable incluidos<\/li>\n<\/ul>\n","protected":false},"excerpt":{"rendered":"<p>AIDA Imaging 4K NDI|HX3, 12G-SDI &amp; SFP+ Auto-Tracking Broadcast\/Conference PTZ Camera with 30x Optical Zoom<\/p>\n","protected":false},"featured_media":6792,"template":"","meta":{"om_disable_all_campaigns":false},"pwb-brand":[],"product_brand":[],"product_cat":[70,15],"product_tag":[566],"class_list":{"0":"post-6791","1":"product","2":"type-product","3":"status-publish","4":"has-post-thumbnail","6":"product_cat-aida","7":"product_cat-camera","8":"product_tag-ptz4k12g-fndi-x30b","10":"first","11":"instock","12":"sale","13":"shipping-taxable","14":"purchasable","15":"product-type-simple"},"aioseo_notices":[],"jetpack_sharing_enabled":true,"brands":[],"_links":{"self":[{"href":"https:\/\/proservice.com.ar\/index.php\/wp-json\/wp\/v2\/product\/6791","targetHints":{"allow":["GET"]}}],"collection":[{"href":"https:\/\/proservice.com.ar\/index.php\/wp-json\/wp\/v2\/product"}],"about":[{"href":"https:\/\/proservice.com.ar\/index.php\/wp-json\/wp\/v2\/types\/product"}],"wp:featuredmedia":[{"embeddable":true,"href":"https:\/\/proservice.com.ar\/index.php\/wp-json\/wp\/v2\/media\/6792"}],"wp:attachment":[{"href":"https:\/\/proservice.com.ar\/index.php\/wp-json\/wp\/v2\/media?parent=6791"}],"wp:term":[{"taxonomy":"pwb-brand","embeddable":true,"href":"https:\/\/proservice.com.ar\/index.php\/wp-json\/wp\/v2\/pwb-brand?post=6791"},{"taxonomy":"product_brand","embeddable":true,"href":"https:\/\/proservice.com.ar\/index.php\/wp-json\/wp\/v2\/product_brand?post=6791"},{"taxonomy":"product_cat","embeddable":true,"href":"https:\/\/proservice.com.ar\/index.php\/wp-json\/wp\/v2\/product_cat?post=6791"},{"taxonomy":"product_tag","embeddable":true,"href":"https:\/\/proservice.com.ar\/index.php\/wp-json\/wp\/v2\/product_tag?post=6791"}],"curies":[{"name":"wp","href":"https:\/\/api.w.org\/{rel}","templated":true}]}}