{"id":6798,"date":"2022-11-22T09:25:17","date_gmt":"2022-11-22T12:25:17","guid":{"rendered":"https:\/\/proservice.com.ar\/?post_type=product&#038;p=6798"},"modified":"2026-04-09T13:27:48","modified_gmt":"2026-04-09T16:27:48","slug":"aida-imaging-hd3g-ipc-100a-full-hd-3g-sdi-pov-camera-with-ip-control","status":"publish","type":"product","link":"https:\/\/proservice.com.ar\/index.php\/product\/aida-imaging-hd3g-ipc-100a-full-hd-3g-sdi-pov-camera-with-ip-control\/","title":{"rendered":"AIDA Imaging HD3G-IPC-100A Full HD 3G-SDI POV Camera with IP Control"},"content":{"rendered":"<div class=\"title_OMS5rN7R1Z\">\n<div data-selenium=\"sellingPointsTitle\">La\u00a0c\u00e1mara POV Full HD 3G-SDI HD3G-IPC-100A\u00a0de\u00a0AIDA Imaging\u00a0ofrece control IP, un dise\u00f1o compacto caracter\u00edstico, un precio asequible y una calidad de imagen excepcional. Esta vers\u00e1til c\u00e1mara utiliza un sensor CMOS progresivo Sony de 1\/2,8&#8243; y un objetivo con montura CS de 4 mm que alcanza un \u00e1ngulo de visi\u00f3n de 80\u00b0 y resoluciones de imagen de hasta 1080p60.<\/div>\n<div data-selenium=\"sellingPointsTitle\"><\/div>\n<div data-selenium=\"sellingPointsTitle\">El control total de VISCA sobre IP en cualquier red elimina la necesidad del obsoleto cableado RS-485. Esta c\u00e1mara forma parte de la serie AIDA Imaging SDI IPC, que se integra a la perfecci\u00f3n con configuraciones 3G-SDI nuevas y existentes, ofreciendo un control total sobre cada aspecto.<\/div>\n<div data-selenium=\"sellingPointsTitle\"><\/div>\n<div class=\"text_TAw0W35QK_ comfy_TAw0W35QK_ sizeTitle4_TAw0W35QK_ weightBold_TAw0W35QK_ primary_i3MsQsqoe0\" data-selenium=\"sellingPointsTitle\"><strong>Caracter\u00edsticas principales:<\/strong><\/div>\n<\/div>\n<ul class=\"list_OMS5rN7R1Z\">\n<li class=\"listItem_OMS5rN7R1Z\" data-selenium=\"sellingPointsListItem\">Sensor CMOS progresivo Sony de 1\/2,8&#8243;<\/li>\n<li class=\"listItem_OMS5rN7R1Z\" data-selenium=\"sellingPointsListItem\">Resoluciones hasta 1080p60<\/li>\n<li class=\"listItem_OMS5rN7R1Z\" data-selenium=\"sellingPointsListItem\">Lente de montura CS de 4 mm<\/li>\n<li class=\"listItem_OMS5rN7R1Z\" data-selenium=\"sellingPointsListItem\">Control completo de VISCA sobre IP<\/li>\n<li class=\"listItem_OMS5rN7R1Z\" data-selenium=\"sellingPointsListItem\">Campo de visi\u00f3n de 80\u00b0<\/li>\n<\/ul>\n","protected":false},"excerpt":{"rendered":"<p>HD3G-IPC-100A<\/p>\n","protected":false},"featured_media":6800,"template":"","meta":{"om_disable_all_campaigns":false},"pwb-brand":[],"product_brand":[],"product_cat":[70,15],"product_tag":[567],"class_list":{"0":"post-6798","1":"product","2":"type-product","3":"status-publish","4":"has-post-thumbnail","6":"product_cat-aida","7":"product_cat-camera","8":"product_tag-hd3g-ipc-100a","10":"first","11":"instock","12":"sale","13":"shipping-taxable","14":"purchasable","15":"product-type-simple"},"aioseo_notices":[],"jetpack_sharing_enabled":true,"brands":[],"_links":{"self":[{"href":"https:\/\/proservice.com.ar\/index.php\/wp-json\/wp\/v2\/product\/6798","targetHints":{"allow":["GET"]}}],"collection":[{"href":"https:\/\/proservice.com.ar\/index.php\/wp-json\/wp\/v2\/product"}],"about":[{"href":"https:\/\/proservice.com.ar\/index.php\/wp-json\/wp\/v2\/types\/product"}],"wp:featuredmedia":[{"embeddable":true,"href":"https:\/\/proservice.com.ar\/index.php\/wp-json\/wp\/v2\/media\/6800"}],"wp:attachment":[{"href":"https:\/\/proservice.com.ar\/index.php\/wp-json\/wp\/v2\/media?parent=6798"}],"wp:term":[{"taxonomy":"pwb-brand","embeddable":true,"href":"https:\/\/proservice.com.ar\/index.php\/wp-json\/wp\/v2\/pwb-brand?post=6798"},{"taxonomy":"product_brand","embeddable":true,"href":"https:\/\/proservice.com.ar\/index.php\/wp-json\/wp\/v2\/product_brand?post=6798"},{"taxonomy":"product_cat","embeddable":true,"href":"https:\/\/proservice.com.ar\/index.php\/wp-json\/wp\/v2\/product_cat?post=6798"},{"taxonomy":"product_tag","embeddable":true,"href":"https:\/\/proservice.com.ar\/index.php\/wp-json\/wp\/v2\/product_tag?post=6798"}],"curies":[{"name":"wp","href":"https:\/\/api.w.org\/{rel}","templated":true}]}}