{"id":6817,"date":"2024-12-19T16:30:01","date_gmt":"2024-12-19T19:30:01","guid":{"rendered":"https:\/\/proservice.com.ar\/?post_type=product&#038;p=6817"},"modified":"2026-02-11T16:38:21","modified_gmt":"2026-02-11T19:38:21","slug":"mc-3808","status":"publish","type":"product","link":"https:\/\/proservice.com.ar\/index.php\/product\/mc-3808\/","title":{"rendered":"Moertek 4K Ultra HD PTZ CAMERA 20X Zoom\/USB+HDMI+LAN+3G-SDI"},"content":{"rendered":"<p><strong>Caracteristicas principales:<\/strong><\/p>\n<ul>\n<li>8.5 millones de p\u00edxeles, sensor CMOS HD color de 1\/2.8&#8221; de Sony<\/li>\n<li>\u00a04K\/30fps, 1080P\/60fps, 1080P\/30fps, 720@30fps<\/li>\n<li>\u00a0Pan \u00b1171\u00b0, Tilt: -30\u00b0~+90\u00b0, velocidad m\u00e1xima de rotaci\u00f3n horizontal: 1\u00b0 90\u00b0\/s, Tilt: 1\u00b0 90\u00b0\/s<\/li>\n<li>Las caracter\u00edsticas incluyen algoritmos avanzados de procesamiento ISP para proporcionar im\u00e1genes v\u00edvidas con un fuerte sentido de profundidad, alta resoluci\u00f3n y una fant\u00e1stica reproducci\u00f3n del color<\/li>\n<li>9 posiciones preestablecidas por control remoto, 200 posiciones preestablecidas por PC o unidad de control remoto y gurdado de memoria autom\u00e1ticamente cuando se apaga<\/li>\n<li>\u00a0Uso de PC para controlar la c\u00e1mara con comandos Sony Visca o Pelco<\/li>\n<li>\u00a0Interfaz IP \/ USB3.0 \/ HDMI \/ RS-232\/422\/485 \/ 3G-SDI \/ entrada de l\u00ednea de 3.5mm<\/li>\n<li>Con control remoto IR, RS485, RS422, RS232 y otros m\u00e9todos de control<\/li>\n<li>Alimentaci\u00f3n POE y 12 volts<\/li>\n<\/ul>\n","protected":false},"excerpt":{"rendered":"<p>Moertek 4K Ultra HD PTZ CAMERA MC 3808<\/p>\n","protected":false},"featured_media":6845,"template":"","meta":{"om_disable_all_campaigns":false},"pwb-brand":[],"product_brand":[],"product_cat":[15,571],"product_tag":[569,570],"class_list":{"0":"post-6817","1":"product","2":"type-product","3":"status-publish","4":"has-post-thumbnail","6":"product_cat-camera","7":"product_cat-moertek","8":"product_tag-mc-3808","9":"product_tag-moertek-mc3808","11":"first","12":"outofstock","13":"shipping-taxable","14":"purchasable","15":"product-type-simple"},"aioseo_notices":[],"jetpack_sharing_enabled":true,"brands":[],"_links":{"self":[{"href":"https:\/\/proservice.com.ar\/index.php\/wp-json\/wp\/v2\/product\/6817","targetHints":{"allow":["GET"]}}],"collection":[{"href":"https:\/\/proservice.com.ar\/index.php\/wp-json\/wp\/v2\/product"}],"about":[{"href":"https:\/\/proservice.com.ar\/index.php\/wp-json\/wp\/v2\/types\/product"}],"wp:featuredmedia":[{"embeddable":true,"href":"https:\/\/proservice.com.ar\/index.php\/wp-json\/wp\/v2\/media\/6845"}],"wp:attachment":[{"href":"https:\/\/proservice.com.ar\/index.php\/wp-json\/wp\/v2\/media?parent=6817"}],"wp:term":[{"taxonomy":"pwb-brand","embeddable":true,"href":"https:\/\/proservice.com.ar\/index.php\/wp-json\/wp\/v2\/pwb-brand?post=6817"},{"taxonomy":"product_brand","embeddable":true,"href":"https:\/\/proservice.com.ar\/index.php\/wp-json\/wp\/v2\/product_brand?post=6817"},{"taxonomy":"product_cat","embeddable":true,"href":"https:\/\/proservice.com.ar\/index.php\/wp-json\/wp\/v2\/product_cat?post=6817"},{"taxonomy":"product_tag","embeddable":true,"href":"https:\/\/proservice.com.ar\/index.php\/wp-json\/wp\/v2\/product_tag?post=6817"}],"curies":[{"name":"wp","href":"https:\/\/api.w.org\/{rel}","templated":true}]}}