{"id":6847,"date":"2024-12-27T11:58:56","date_gmt":"2024-12-27T14:58:56","guid":{"rendered":"https:\/\/proservice.com.ar\/?post_type=product&#038;p=6847"},"modified":"2026-01-19T12:03:54","modified_gmt":"2026-01-19T15:03:54","slug":"moertek-ip-ptz-controlador-visca","status":"publish","type":"product","link":"https:\/\/proservice.com.ar\/index.php\/product\/moertek-ip-ptz-controlador-visca\/","title":{"rendered":"Moertek IP PTZ Controlador Visca"},"content":{"rendered":"<ul>\n<li>Joystick preciso 4D Perillas 3D Bot\u00f3n de zoom ergon\u00f3mico: controle los par\u00e1metros de la c\u00e1mara como el balance de blancos, la exposici\u00f3n, el enfoque y el zoom.<\/li>\n<li>Administraci\u00f3n WEB Backstage recientemente actualizada: acceda a WEB backstage a trav\u00e9s de una conexi\u00f3n a Internet de PC para configurar las funciones principales del controlador.<\/li>\n<li>Pantalla LCD incorporada de 3 pulgadas: Admite PVW en tiempo real de la vista actual de la c\u00e1mara a trav\u00e9s de transmisi\u00f3n ascendente (solo NDI HX2 y RTSP).<\/li>\n<li>Admite 7 atajos de selecci\u00f3n de c\u00e1mara: configure r\u00e1pidamente 7 atajos de c\u00e1mara seg\u00fan los requisitos; hasta 1000 entradas de informaci\u00f3n de la c\u00e1mara. ser salvo.<\/li>\n<li>Interfaz de operaci\u00f3n UI recientemente mejorada: muestra los par\u00e1metros principales de las c\u00e1maras directamente, con una interfaz personalizada y elegante<\/li>\n<li>Control remoto del men\u00fa de la c\u00e1mara PTZ: abra r\u00e1pidamente el men\u00fa de la c\u00e1mara y use la pantalla PVW o la pantalla de imagen para controlar. Se recomienda utilizar esta funci\u00f3n con nuestra c\u00e1mara.<\/li>\n<li>Botones de silicona con retroiluminaci\u00f3n blanca y roja: silicona de alta calidad, excelente tacto, admite retroiluminaci\u00f3n blanca y roja, lo que permite un funcionamiento fluido en entornos con poca luz. Admite la entrada de letras y caracteres comunes, as\u00ed como operaciones como editar el nombre y la direcci\u00f3n de la c\u00e1mara.<\/li>\n<li>Bloqueo de botones de soporte mediante un clic: bloquee los botones con un clic para evitar operaciones accidentales.<\/li>\n<li>M\u00faltiples protocolos de control, aplicables a varios lugares: Admite VISCA, VISCA Over IP, VISCA TCP, PELCO P\/D, Onvif y NDI, con reconocimiento autom\u00e1tico de protocolo. Se requieren licencias adicionales para actualizar la funci\u00f3n NDI. Consulte al fabricante para obtener m\u00e1s detalles.<\/li>\n<li>Abundantes interfaces, m\u00faltiples m\u00e9todos de conexi\u00f3n: RS-232 externo, puertos serie RS422\/485 e interfaz de red RJ45. La interfaz de red admite la funcionalidad POE, lo que reduce la complejidad del cableado.<\/li>\n<li>Interfaz Tally externa: Admite hasta 8 canales Tally<\/li>\n<li>Admite botones de personalizaci\u00f3n: Admite botones de personalizaci\u00f3n F1 y F2, lo que permite configurar las mejores funciones de operaci\u00f3n seg\u00fan los requisitos.<\/li>\n<\/ul>\n","protected":false},"excerpt":{"rendered":"<p>MBK20<\/p>\n","protected":false},"featured_media":6848,"template":"","meta":{"om_disable_all_campaigns":false},"pwb-brand":[],"product_brand":[],"product_cat":[61,571],"product_tag":[573],"class_list":{"0":"post-6847","1":"product","2":"type-product","3":"status-publish","4":"has-post-thumbnail","6":"product_cat-keyboard-and-control-panel","7":"product_cat-moertek","8":"product_tag-mbk20","10":"first","11":"outofstock","12":"shipping-taxable","13":"purchasable","14":"product-type-simple"},"aioseo_notices":[],"jetpack_sharing_enabled":true,"brands":[],"_links":{"self":[{"href":"https:\/\/proservice.com.ar\/index.php\/wp-json\/wp\/v2\/product\/6847","targetHints":{"allow":["GET"]}}],"collection":[{"href":"https:\/\/proservice.com.ar\/index.php\/wp-json\/wp\/v2\/product"}],"about":[{"href":"https:\/\/proservice.com.ar\/index.php\/wp-json\/wp\/v2\/types\/product"}],"wp:featuredmedia":[{"embeddable":true,"href":"https:\/\/proservice.com.ar\/index.php\/wp-json\/wp\/v2\/media\/6848"}],"wp:attachment":[{"href":"https:\/\/proservice.com.ar\/index.php\/wp-json\/wp\/v2\/media?parent=6847"}],"wp:term":[{"taxonomy":"pwb-brand","embeddable":true,"href":"https:\/\/proservice.com.ar\/index.php\/wp-json\/wp\/v2\/pwb-brand?post=6847"},{"taxonomy":"product_brand","embeddable":true,"href":"https:\/\/proservice.com.ar\/index.php\/wp-json\/wp\/v2\/product_brand?post=6847"},{"taxonomy":"product_cat","embeddable":true,"href":"https:\/\/proservice.com.ar\/index.php\/wp-json\/wp\/v2\/product_cat?post=6847"},{"taxonomy":"product_tag","embeddable":true,"href":"https:\/\/proservice.com.ar\/index.php\/wp-json\/wp\/v2\/product_tag?post=6847"}],"curies":[{"name":"wp","href":"https:\/\/api.w.org\/{rel}","templated":true}]}}