{"id":6855,"date":"2024-12-27T13:20:15","date_gmt":"2024-12-27T16:20:15","guid":{"rendered":"https:\/\/proservice.com.ar\/?post_type=product&#038;p=6855"},"modified":"2026-04-01T11:17:40","modified_gmt":"2026-04-01T14:17:40","slug":"camara-ptz-moertek-4k-dual-lens-ai-face-at-and-voice","status":"publish","type":"product","link":"https:\/\/proservice.com.ar\/index.php\/product\/camara-ptz-moertek-4k-dual-lens-ai-face-at-and-voice\/","title":{"rendered":"Camara PTZ MOERTEK 4K Dual Lens AI Face AT and Voice"},"content":{"rendered":"<p>MOERTEK MC-8490<\/p>\n<p>&#8211; Encuadre autom\u00e1tico: micr\u00f3fonos omnidireccionales incorporados, algoritmo inteligente de localizaci\u00f3n de voz, esta c\u00e1mara puede rastrear al hablante en tiempo real<\/p>\n<p>&#8211; Posicionamiento y seguimiento de voz inteligente: 6 conjuntos de micr\u00f3fonos amnidireccionales integrados, algoritmo de posicionamiento de voz inteligente, puede localizar la posici\u00f3n del altavoz en tiempo real y puede activar\/desactivar el seguimiento de voz.<\/p>\n<p>&#8211; Ofrezca calidad de imagen 4K UHD: utilizando el sensor de imagen SONY CMOS de alta calidad de 8,5 millones de pastillas, la resoluci\u00f3n m\u00e1xima puede alcanzar 4K (3840\u00d72160) y la velocidad de fotogramas de salida 4X puede alcanzar hasta 30 fotogramas por segundo.<\/p>\n<p>&#8211; Zoom \u00f3ptico de 12X: zoom \u00f3ptico de 12X con \u00e1ngulo de 80,5&#8243;<\/p>\n<p>&#8211; Tecnolog\u00eda l\u00edder en enfoque autom\u00e1tico: el algoritmo avanzado de enfoque autom\u00e1tico permite que la lente complete el enfoque autom\u00e1tico de manera r\u00e1pida, precisa y estable.<\/p>\n<p>&#8211; Bajo nivel de ruido y alta SNR: el CMOS de bajo ruido garantiza eficazmente una relaci\u00f3n se\u00f1al-ruido ultraalta del v\u00eddeo de la c\u00e1mara. Adopte tecnolog\u00eda avanzada de reducci\u00f3n de ruido 20 y 30 para reducir a\u00fan m\u00e1s el ruido y garantizar la claridad de la imagen.<\/p>\n<p>&#8211; Salida de v\u00eddeo m\u00faltiple: admite HDMI, USB3.0, LAN con cable, POE USB3.0 admite transmisi\u00f3n dual<\/p>\n<p>&#8211; Una variedad de est\u00e1ndares de compresi\u00f3n de audio y video: admite formatos de codificaci\u00f3n de video YUY2 MIPEG, H.264, H.265, NV12, MJPEG, H.264, H.265 admite una resoluci\u00f3n de hasta 3840 2160 Compresi\u00f3n de 30 fotogramas\/segundo: admite AAC , MP3, compresi\u00f3n de audio G.711A.<\/p>\n<p>&#8211; Entrada de audio: Admite codificaci\u00f3n de audio AAC, MP3, G.711A AAC, codificaci\u00f3n MP3 compatible con frecuencias de muestreo 16000, 32000 44100, 48000<\/p>\n<p>&#8211; Sensor de gravedad incorporado: el sensor de gravedad incorporado admite la funci\u00f3n de giro autom\u00e1tico del card\u00e1n, lo cual es conveniente para la instalaci\u00f3n de ingenier\u00eda.<\/p>\n<p>&#8211; M\u00faltiples protocolos de red: admite protocolos ONVIF, GB\/T28181, RTS RTMP VISCA OVER IP IP VISCA, RTMPS, SRT, admite modo push RTMP, vincula f\u00e1cilmente servidores de medios de transmisi\u00f3n (Wowza, FMS); Admite modo de multidifusi\u00f3n RTP<\/p>\n<p>&#8211; Conector de control: RS232-IN<\/p>\n<p>&#8211; M\u00faltiples protocolos de control: protocolos: admite protocolos VISCA, PELCO-D, PELCO-P y admite protocolos de identificaci\u00f3n autom\u00e1tica.<\/p>\n<p>&#8211; PTZ s\u00faper silencioso: adopte un motor paso a paso de alta precisi\u00f3n y un controlador de accionamiento de motor de precisi\u00f3n para garantizar que el PTZ funcione sin problemas a baja velocidad y sin ruido.<\/p>\n<p>&#8211; Funci\u00f3n de suspensi\u00f3n de bajo consumo: admite suspensi\u00f3n\/activaci\u00f3n de bajo consumo de energ\u00eda y el consumo de energ\u00eda durante el modo de suspensi\u00f3n es inferior a 400 mW<\/p>\n<p>&#8211; Varios controles remotos: los servidores pueden elegir el control de gestos enmarcados o el control de remate inal\u00e1mbrico de acuerdo con<br \/>\n*IMPORTANTE: Atento a las nuevas resoluciones de lealtad comercial este producto incluye fuente gen\u00e9ricaMOERTEK MC-8490<\/p>\n<p>&#8211; Encuadre autom\u00e1tico: micr\u00f3fonos omnidireccionales incorporados, algoritmo inteligente de localizaci\u00f3n de voz, esta c\u00e1mara puede rastrear al hablante en tiempo real<\/p>\n<p>&#8211; Posicionamiento y seguimiento de voz inteligente: 6 conjuntos de micr\u00f3fonos amnidireccionales integrados, algoritmo de posicionamiento de voz inteligente, puede localizar la posici\u00f3n del altavoz en tiempo real y puede activar\/desactivar el seguimiento de voz.<\/p>\n<p>&#8211; Ofrezca calidad de imagen 4K UHD: utilizando el sensor de imagen SONY CMOS de alta calidad de 8,5 millones de pastillas, la resoluci\u00f3n m\u00e1xima puede alcanzar 4K (3840\u00d72160) y la velocidad de fotogramas de salida 4X puede alcanzar hasta 30 fotogramas por segundo.<\/p>\n<p>&#8211; Zoom \u00f3ptico de 12X: zoom \u00f3ptico de 12X con \u00e1ngulo de 80,5&#8243;<\/p>\n<p>&#8211; Tecnolog\u00eda l\u00edder en enfoque autom\u00e1tico: el algoritmo avanzado de enfoque autom\u00e1tico permite que la lente complete el enfoque autom\u00e1tico de manera r\u00e1pida, precisa y estable.<\/p>\n<p>&#8211; Bajo nivel de ruido y alta SNR: el CMOS de bajo ruido garantiza eficazmente una relaci\u00f3n se\u00f1al-ruido ultraalta del v\u00eddeo de la c\u00e1mara. Adopte tecnolog\u00eda avanzada de reducci\u00f3n de ruido 20 y 30 para reducir a\u00fan m\u00e1s el ruido y garantizar la claridad de la imagen.<\/p>\n<p>&#8211; Salida de v\u00eddeo m\u00faltiple: admite HDMI, USB3.0, LAN con cable, POE USB3.0 admite transmisi\u00f3n dual<\/p>\n<p>&#8211; Una variedad de est\u00e1ndares de compresi\u00f3n de audio y video: admite formatos de codificaci\u00f3n de video YUY2 MIPEG, H.264, H.265, NV12, MJPEG, H.264, H.265 admite una resoluci\u00f3n de hasta 3840 2160 Compresi\u00f3n de 30 fotogramas\/segundo: admite AAC , MP3, compresi\u00f3n de audio G.711A.<\/p>\n<p>&#8211; Entrada de audio: Admite codificaci\u00f3n de audio AAC, MP3, G.711A AAC, codificaci\u00f3n MP3 compatible con frecuencias de muestreo 16000, 32000 44100, 48000<\/p>\n<p>&#8211; Sensor de gravedad incorporado: el sensor de gravedad incorporado admite la funci\u00f3n de giro autom\u00e1tico del card\u00e1n, lo cual es conveniente para la instalaci\u00f3n de ingenier\u00eda.<\/p>\n<p>&#8211; M\u00faltiples protocolos de red: admite protocolos ONVIF, GB\/T28181, RTS RTMP VISCA OVER IP IP VISCA, RTMPS, SRT, admite modo push RTMP, vincula f\u00e1cilmente servidores de medios de transmisi\u00f3n (Wowza, FMS); Admite modo de multidifusi\u00f3n RTP<\/p>\n<p>&#8211; Conector de control: RS232-IN<\/p>\n<p>&#8211; M\u00faltiples protocolos de control: protocolos: admite protocolos VISCA, PELCO-D, PELCO-P y admite protocolos de identificaci\u00f3n autom\u00e1tica.<\/p>\n<p>&#8211; PTZ s\u00faper silencioso: adopte un motor paso a paso de alta precisi\u00f3n y un controlador de accionamiento de motor de precisi\u00f3n para garantizar que el PTZ funcione sin problemas a baja velocidad y sin ruido.<\/p>\n<p>&#8211; Funci\u00f3n de suspensi\u00f3n de bajo consumo: admite suspensi\u00f3n\/activaci\u00f3n de bajo consumo de energ\u00eda y el consumo de energ\u00eda durante el modo de suspensi\u00f3n es inferior a 400 mW<\/p>\n<p>&#8211; Varios controles remotos: los servidores pueden elegir el control de gestos enmarcados o el control de remate inal\u00e1mbrico de acuerdo con<\/p>\n","protected":false},"excerpt":{"rendered":"<p>MC-8490<\/p>\n","protected":false},"featured_media":6857,"template":"","meta":{"om_disable_all_campaigns":false},"pwb-brand":[],"product_brand":[],"product_cat":[15,571],"product_tag":[574],"class_list":{"0":"post-6855","1":"product","2":"type-product","3":"status-publish","4":"has-post-thumbnail","6":"product_cat-camera","7":"product_cat-moertek","8":"product_tag-mc-8490","10":"first","11":"instock","12":"sale","13":"shipping-taxable","14":"purchasable","15":"product-type-simple"},"aioseo_notices":[],"jetpack_sharing_enabled":true,"brands":[],"_links":{"self":[{"href":"https:\/\/proservice.com.ar\/index.php\/wp-json\/wp\/v2\/product\/6855","targetHints":{"allow":["GET"]}}],"collection":[{"href":"https:\/\/proservice.com.ar\/index.php\/wp-json\/wp\/v2\/product"}],"about":[{"href":"https:\/\/proservice.com.ar\/index.php\/wp-json\/wp\/v2\/types\/product"}],"wp:featuredmedia":[{"embeddable":true,"href":"https:\/\/proservice.com.ar\/index.php\/wp-json\/wp\/v2\/media\/6857"}],"wp:attachment":[{"href":"https:\/\/proservice.com.ar\/index.php\/wp-json\/wp\/v2\/media?parent=6855"}],"wp:term":[{"taxonomy":"pwb-brand","embeddable":true,"href":"https:\/\/proservice.com.ar\/index.php\/wp-json\/wp\/v2\/pwb-brand?post=6855"},{"taxonomy":"product_brand","embeddable":true,"href":"https:\/\/proservice.com.ar\/index.php\/wp-json\/wp\/v2\/product_brand?post=6855"},{"taxonomy":"product_cat","embeddable":true,"href":"https:\/\/proservice.com.ar\/index.php\/wp-json\/wp\/v2\/product_cat?post=6855"},{"taxonomy":"product_tag","embeddable":true,"href":"https:\/\/proservice.com.ar\/index.php\/wp-json\/wp\/v2\/product_tag?post=6855"}],"curies":[{"name":"wp","href":"https:\/\/api.w.org\/{rel}","templated":true}]}}