{"id":6859,"date":"2024-12-27T13:33:29","date_gmt":"2024-12-27T16:33:29","guid":{"rendered":"https:\/\/proservice.com.ar\/?post_type=product&#038;p=6859"},"modified":"2026-04-01T11:17:25","modified_gmt":"2026-04-01T14:17:25","slug":"moertek-4k-ai-ptz-with-sdi-25x-zoom-lens","status":"publish","type":"product","link":"https:\/\/proservice.com.ar\/index.php\/product\/moertek-4k-ai-ptz-with-sdi-25x-zoom-lens\/","title":{"rendered":"Moertek 4K AI PTZ with SDI 25X Zoom Lens"},"content":{"rendered":"<p>&#8211; Detecci\u00f3n humana: Procesador integrado de alta velocidad y algoritmo avanzado de procesamiento y an\u00e1lisis de im\u00e1genes, y modos de seguimiento en tiempo real y de zona disponibles.<\/p>\n<p>&#8211; Resoluci\u00f3n 4K UHD: Sensor SONY CMOS. La resoluci\u00f3n es de hasta 4K con una velocidad de fotogramas de hasta 60 fps<\/p>\n<p>&#8211; Salida de flujo dual: USB admite la salida de flujo principal y secundario al mismo tiempo, y puede satisfacer las necesidades del extremo cercano y lejano<\/p>\n<p>&#8211; Lente de zoom \u00f3ptico: lente gran angular de 80,4&#8243; con zoom \u00f3ptico WX, lente gran angular de 59,2 con zoom \u00f3ptico de 25X y lente gran angular de 59&#8243; con zoom \u00f3ptico de 31X<\/p>\n<p>&#8211; Interfaces: Compatible con HDMI, USB 2.0. LAN y salida de audio y v\u00eddeo 4K al mismo tiempo<\/p>\n<p>&#8211; Tecnolog\u00eda l\u00edder de enfoque autom\u00e1tico: tecnolog\u00eda de enfoque autom\u00e1tico r\u00e1pida, precisa y estable<\/p>\n<p>&#8211; Bajo nivel de ruido y alta SNR: la imagen SNR s\u00faper alta se logra con CMOS de bajo ruido La tecnolog\u00eda avanzada de reducci\u00f3n de ruido 2D\/3D reduce a\u00fan m\u00e1s el ruido y garantiza una alta calidad de imagen.<\/p>\n<p>&#8211; M\u00faltiples est\u00e1ndares de compresi\u00f3n de audio\/v\u00eddeo: la interfaz LAN admite compresi\u00f3n de v\u00eddeo H.264\/H.265. La interfaz USB3.0 admite MIPG, H264, YUY2, NV12, H265, la interfaz A-IN admite codificaci\u00f3n de compresi\u00f3n de audio AAC, G.711A<\/p>\n<p>&#8211; Interfaz de entrada de audio: 8000, 16000, 32000, 44100, 48000 frecuencia de muestreo. admite compresi\u00f3n de audio AAC y G.711A<\/p>\n<p>&#8211; Protocolo de red m\u00faltiple: admite protocolos ONVIF, GB\/128181, RTSP RTMP, admite modo push RTMP, f\u00e1cil de conectar al servidor de transmisi\u00f3n (Wowza, FMS), admite modo de multidifusi\u00f3n RTP: admite protocolo de coritrol VISCA de comando completo de red.<\/p>\n<p>&#8211; Interfaz de control: entrada RS422 (compatible con RS485), entrada\/salida RS232. RS232 (conexi\u00f3n en cascada)<\/p>\n<p>&#8211; Protocolo de control m\u00faltiple: admite protocolos VISCA, PELCO-D PELCO-P, admite protocolos de identificaci\u00f3n autom\u00e1tica<\/p>\n<p>&#8211; M\u00faltiples preajustes: hasta 255 preajustes (10 preajustes mediante control remoto<\/p>\n<p>&#8211; M\u00faltiples aplicaciones: educaci\u00f3n en l\u00ednea, captura de conferencias, transmisi\u00f3n web. Videoconferencia, Telemedicina. Comunicaciones Unificadas, Sistemas de mando y control de emergencias, etc.<\/p>\n","protected":false},"excerpt":{"rendered":"<p>C8430E2-25X<\/p>\n","protected":false},"featured_media":6863,"template":"","meta":{"om_disable_all_campaigns":false},"pwb-brand":[],"product_brand":[],"product_cat":[15,571],"product_tag":[575],"class_list":{"0":"post-6859","1":"product","2":"type-product","3":"status-publish","4":"has-post-thumbnail","6":"product_cat-camera","7":"product_cat-moertek","8":"product_tag-c8430e2-25x","10":"first","11":"instock","12":"sale","13":"virtual","14":"purchasable","15":"product-type-simple"},"aioseo_notices":[],"jetpack_sharing_enabled":true,"brands":[],"_links":{"self":[{"href":"https:\/\/proservice.com.ar\/index.php\/wp-json\/wp\/v2\/product\/6859","targetHints":{"allow":["GET"]}}],"collection":[{"href":"https:\/\/proservice.com.ar\/index.php\/wp-json\/wp\/v2\/product"}],"about":[{"href":"https:\/\/proservice.com.ar\/index.php\/wp-json\/wp\/v2\/types\/product"}],"wp:featuredmedia":[{"embeddable":true,"href":"https:\/\/proservice.com.ar\/index.php\/wp-json\/wp\/v2\/media\/6863"}],"wp:attachment":[{"href":"https:\/\/proservice.com.ar\/index.php\/wp-json\/wp\/v2\/media?parent=6859"}],"wp:term":[{"taxonomy":"pwb-brand","embeddable":true,"href":"https:\/\/proservice.com.ar\/index.php\/wp-json\/wp\/v2\/pwb-brand?post=6859"},{"taxonomy":"product_brand","embeddable":true,"href":"https:\/\/proservice.com.ar\/index.php\/wp-json\/wp\/v2\/product_brand?post=6859"},{"taxonomy":"product_cat","embeddable":true,"href":"https:\/\/proservice.com.ar\/index.php\/wp-json\/wp\/v2\/product_cat?post=6859"},{"taxonomy":"product_tag","embeddable":true,"href":"https:\/\/proservice.com.ar\/index.php\/wp-json\/wp\/v2\/product_tag?post=6859"}],"curies":[{"name":"wp","href":"https:\/\/api.w.org\/{rel}","templated":true}]}}