{"id":6873,"date":"2023-01-02T14:17:10","date_gmt":"2023-01-02T17:17:10","guid":{"rendered":"https:\/\/proservice.com.ar\/?post_type=product&#038;p=6873"},"modified":"2025-11-04T15:51:21","modified_gmt":"2025-11-04T18:51:21","slug":"atomos-ninja-phone-video-co-processor","status":"publish","type":"product","link":"https:\/\/proservice.com.ar\/index.php\/product\/atomos-ninja-phone-video-co-processor\/","title":{"rendered":"Atomos Ninja Phone Video Co-Processor"},"content":{"rendered":"<div data-selenium=\"sellingPointsTitle\">\n<p>Ninja Phone convierte tu tel\u00e9fono iphone\u00a0 en un grabador, monitor y transmisor de 10 bits de alta gama para tu c\u00e1mara de video profesional u otro dispositivo equipado con HDMI.<\/p>\n<\/div>\n<div class=\"title_OMS5rN7R1Z\">\n<div data-selenium=\"sellingPointsTitle\">\n<p>\u00bfC\u00f3mo funciona?<br \/>\nNinja Phone toma cualquier se\u00f1al de video HDMI y la convierte instant\u00e1neamente en un formato de archivo de video de alta calidad. Luego, estos datos de video se transfieren en tiempo real a tel\u00e9fonos inteligentes y tabletas equipados con USB-C, lo que los convierte en monitores de video, grabadores y transmisores en vivo profesionales de baja latencia.<\/p>\n<p>Es ideal para cineastas profesionales, creadores de contenido para redes sociales y una amplia gama de aplicaciones, como juegos, donde es necesario grabar o transmitir una fuente de video sin una computadora. Tambi\u00e9n lo prepara para flujos de trabajo de c\u00e1mara a nube hipereficientes.<\/p>\n<p><strong>MONITOR<\/strong><br \/>\nConvierte la pantalla de tu tel\u00e9fono en un monitor de v\u00eddeo profesional<br \/>\nConvierte tu smartphone en un monitor HDR de primera categor\u00eda. Conecta tu c\u00e1mara y tendr\u00e1s acceso a algunas de las mejores pantallas port\u00e1tiles del mundo. La aplicaci\u00f3n Ninja Phone de Atomos a\u00f1ade una serie de herramientas de monitorizaci\u00f3n profesionales e incluso se adapta a la orientaci\u00f3n vertical. Las pantallas de los smartphones actuales son incre\u00edbles dispositivos OLED con extraordinarias relaciones de contraste de 2.000.000:1, resoluci\u00f3n de 460 ppp y, con Ninja Phone, la capacidad de mostrar la salida de cualquier c\u00e1mara equipada con HDMI.<\/p>\n<p><strong>REGISTRO<\/strong><br \/>\nCaptura v\u00eddeo de 10 bits desde cualquier c\u00e1mara HDMI<\/p>\n<p>Ninja Phone es la \u00fanica forma de conectar c\u00e1maras profesionales con HDMI a un tel\u00e9fono inteligente compatible y grabar directamente en Apple ProRes* de 10 bits, el est\u00e1ndar absoluto para la producci\u00f3n y posproducci\u00f3n de video profesional, o H.265 de 10 bits.<br \/>\n<em>*Solo iPhone<\/em><\/p>\n<p>&nbsp;<\/p>\n<\/div>\n<div class=\"text_TAw0W35QK_ comfy_TAw0W35QK_ sizeTitle4_TAw0W35QK_ weightBold_TAw0W35QK_ primary_i3MsQsqoe0\" data-selenium=\"sellingPointsTitle\"><strong>Caracter\u00edsticas principales<\/strong><\/div>\n<\/div>\n<ul class=\"list_OMS5rN7R1Z\">\n<li class=\"listItem_OMS5rN7R1Z\" data-selenium=\"sellingPointsListItem\">Coprocesador de v\u00eddeo de 10 bits<\/li>\n<li class=\"listItem_OMS5rN7R1Z\" data-selenium=\"sellingPointsListItem\">Grabaci\u00f3n desde c\u00e1maras HDMI profesionales<\/li>\n<li class=\"listItem_OMS5rN7R1Z\" data-selenium=\"sellingPointsListItem\">Admite 4K, 1080p y 720p hasta 60 fps<\/li>\n<li class=\"listItem_OMS5rN7R1Z\" data-selenium=\"sellingPointsListItem\">Monitorea videos en la pantalla de tu iPhone<\/li>\n<li class=\"listItem_OMS5rN7R1Z\" data-selenium=\"sellingPointsListItem\">Codificar en ProRes o H.265<\/li>\n<li class=\"listItem_OMS5rN7R1Z\" data-selenium=\"sellingPointsListItem\">Entrada HDMI | Salida de video USB-C<\/li>\n<li class=\"listItem_OMS5rN7R1Z\" data-selenium=\"sellingPointsListItem\">Puerto de accesorios USB-C | Puerto de alimentaci\u00f3n USB-C<\/li>\n<li class=\"listItem_OMS5rN7R1Z\" data-selenium=\"sellingPointsListItem\">Funciona con bater\u00eda\/eliminador de bater\u00eda<\/li>\n<li class=\"listItem_OMS5rN7R1Z\" data-selenium=\"sellingPointsListItem\">Captura de metraje en formato 16:9 o 9:16<\/li>\n<li class=\"listItem_OMS5rN7R1Z\" data-selenium=\"sellingPointsListItem\">Aplicaci\u00f3n Ninja Phone para iPhone<\/li>\n<\/ul>\n","protected":false},"excerpt":{"rendered":"<p>ATOMNJPB01<\/p>\n","protected":false},"featured_media":6878,"template":"","meta":{"om_disable_all_campaigns":false},"pwb-brand":[],"product_brand":[],"product_cat":[75],"product_tag":[576],"class_list":{"0":"post-6873","1":"product","2":"type-product","3":"status-publish","4":"has-post-thumbnail","6":"product_cat-atomos","7":"product_tag-atomnjpb01","9":"first","10":"instock","11":"sale","12":"shipping-taxable","13":"purchasable","14":"product-type-simple"},"aioseo_notices":[],"jetpack_sharing_enabled":true,"brands":[],"_links":{"self":[{"href":"https:\/\/proservice.com.ar\/index.php\/wp-json\/wp\/v2\/product\/6873","targetHints":{"allow":["GET"]}}],"collection":[{"href":"https:\/\/proservice.com.ar\/index.php\/wp-json\/wp\/v2\/product"}],"about":[{"href":"https:\/\/proservice.com.ar\/index.php\/wp-json\/wp\/v2\/types\/product"}],"wp:featuredmedia":[{"embeddable":true,"href":"https:\/\/proservice.com.ar\/index.php\/wp-json\/wp\/v2\/media\/6878"}],"wp:attachment":[{"href":"https:\/\/proservice.com.ar\/index.php\/wp-json\/wp\/v2\/media?parent=6873"}],"wp:term":[{"taxonomy":"pwb-brand","embeddable":true,"href":"https:\/\/proservice.com.ar\/index.php\/wp-json\/wp\/v2\/pwb-brand?post=6873"},{"taxonomy":"product_brand","embeddable":true,"href":"https:\/\/proservice.com.ar\/index.php\/wp-json\/wp\/v2\/product_brand?post=6873"},{"taxonomy":"product_cat","embeddable":true,"href":"https:\/\/proservice.com.ar\/index.php\/wp-json\/wp\/v2\/product_cat?post=6873"},{"taxonomy":"product_tag","embeddable":true,"href":"https:\/\/proservice.com.ar\/index.php\/wp-json\/wp\/v2\/product_tag?post=6873"}],"curies":[{"name":"wp","href":"https:\/\/api.w.org\/{rel}","templated":true}]}}