{"id":6908,"date":"2023-01-17T16:08:38","date_gmt":"2023-01-17T19:08:38","guid":{"rendered":"https:\/\/proservice.com.ar\/?post_type=product&#038;p=6908"},"modified":"2025-11-28T14:48:56","modified_gmt":"2025-11-28T17:48:56","slug":"tilta-camera-cage-for-sony-fx6-vertical-mounting-kit-v-mount","status":"publish","type":"product","link":"https:\/\/proservice.com.ar\/index.php\/product\/tilta-camera-cage-for-sony-fx6-vertical-mounting-kit-v-mount\/","title":{"rendered":"Tilta Camera Cage for Sony FX6 Vertical Mounting Kit (V-Mount)"},"content":{"rendered":"<p>Monte su c\u00e1mara verticalmente para tomar fotograf\u00edas con comodidad y, al mismo tiempo, brindar protecci\u00f3n a su c\u00e1mara FX6, una placa de bater\u00eda con montura en V y puntos de montaje para accesorios con este kit de montaje vertical para Sony FX6 de Tilta . Este kit proporciona un soporte de montaje vertical, un asa superior ajustable, una placa base de cola de milano, una placa de montaje superior para accesorios, una placa de montaje en brazo lateral para mayor protecci\u00f3n y montaje de accesorios, un soporte de montaje en \u00e1ngulo recto ideal para accesorios inal\u00e1mbricos y una placa de bater\u00eda con montura en V.<\/p>\n<p>El soporte de montaje vertical le permite disparar c\u00f3modamente con su c\u00e1mara en posici\u00f3n vertical y proporciona roscas de montaje de accesorios de 1\/4&#8243;-20 y 3\/8&#8243;-16 para una variedad de accesorios, incluidos transmisores, monitores y micr\u00f3fonos, mientras que el asa superior ajustable incluida tiene un ajuste de 180\u00b0 para disparar en posici\u00f3n vertical o en orientaci\u00f3n est\u00e1ndar. La placa base cuenta con rosetas compatibles con ARRI en cada lado para colocar accesorios port\u00e1tiles opcionales, e integra abrazaderas de varilla LWS de 15 mm y un soporte de lente incorporado. La placa base es compatible con las placas de cola de milano ARRI y Tilta para montar y equilibrar su c\u00e1mara en tr\u00edpodes y otras plataformas de soporte. La placa superior se conecta directamente a su c\u00e1mara y proporciona un espacio que acomoda el asa superior de Sony para la FX6, as\u00ed como un asa superior Tilta para la FX6 (no incluida).<\/p>\n<p>El brazo lateral se monta en la c\u00e1mara y se conecta a la placa superior, creando una s\u00f3lida jaula protectora. La placa superior y el brazo lateral tienen orificios roscados integrados de 1\/4&#8243;-20 y 3\/8&#8243;-16, as\u00ed como ranuras anti-torsi\u00f3n compatibles con ARRI. El soporte de montaje del transmisor inal\u00e1mbrico en \u00e1ngulo recto se conecta a orificios roscados de 1\/4&#8243;-20 y tiene clavijas anti-torsi\u00f3n extra\u00edbles para una mayor variedad de opciones de montaje. La placa de bater\u00eda con montura en V se monta directamente en la ranura de bater\u00eda de la BPU de la c\u00e1mara y aumenta la potencia de la bater\u00eda con montura en V para proporcionar los 19,5 V CC necesarios para alimentar la FX6.<\/p>\n<div class=\"title_OMS5rN7R1Z\">\n<div class=\"text_TAw0W35QK_ comfy_TAw0W35QK_ sizeTitle4_TAw0W35QK_ weightBold_TAw0W35QK_ primary_i3MsQsqoe0\" data-selenium=\"sellingPointsTitle\"><strong>Caracter\u00edsticas principales<\/strong><\/div>\n<\/div>\n<ul class=\"list_OMS5rN7R1Z\">\n<li class=\"listItem_OMS5rN7R1Z\" data-selenium=\"sellingPointsListItem\">Soporte de montaje vertical<\/li>\n<li class=\"listItem_OMS5rN7R1Z\" data-selenium=\"sellingPointsListItem\">Placa superior multifuncional para Sony FX6<\/li>\n<li class=\"listItem_OMS5rN7R1Z\" data-selenium=\"sellingPointsListItem\">Placa base de liberaci\u00f3n r\u00e1pida para Sony FX6<\/li>\n<li class=\"listItem_OMS5rN7R1Z\" data-selenium=\"sellingPointsListItem\">Brazo lateral para Sony FX6<\/li>\n<li class=\"listItem_OMS5rN7R1Z\" data-selenium=\"sellingPointsListItem\">Placa de bater\u00eda con montaje en V<\/li>\n<li class=\"listItem_OMS5rN7R1Z\" data-selenium=\"sellingPointsListItem\">Soporte de montaje de v\u00eddeo inal\u00e1mbrico para FX6<\/li>\n<\/ul>\n","protected":false},"excerpt":{"rendered":"<p>ES-T20-C-V<\/p>\n","protected":false},"featured_media":6913,"template":"","meta":{"om_disable_all_campaigns":false},"pwb-brand":[],"product_brand":[],"product_cat":[59,84],"product_tag":[579],"class_list":{"0":"post-6908","1":"product","2":"type-product","3":"status-publish","4":"has-post-thumbnail","6":"product_cat-camera-cage-and-kit","7":"product_cat-tilta","8":"product_tag-es-t20-c-v","10":"first","11":"instock","12":"sale","13":"shipping-taxable","14":"purchasable","15":"product-type-simple"},"aioseo_notices":[],"jetpack_sharing_enabled":true,"brands":[],"_links":{"self":[{"href":"https:\/\/proservice.com.ar\/index.php\/wp-json\/wp\/v2\/product\/6908","targetHints":{"allow":["GET"]}}],"collection":[{"href":"https:\/\/proservice.com.ar\/index.php\/wp-json\/wp\/v2\/product"}],"about":[{"href":"https:\/\/proservice.com.ar\/index.php\/wp-json\/wp\/v2\/types\/product"}],"wp:featuredmedia":[{"embeddable":true,"href":"https:\/\/proservice.com.ar\/index.php\/wp-json\/wp\/v2\/media\/6913"}],"wp:attachment":[{"href":"https:\/\/proservice.com.ar\/index.php\/wp-json\/wp\/v2\/media?parent=6908"}],"wp:term":[{"taxonomy":"pwb-brand","embeddable":true,"href":"https:\/\/proservice.com.ar\/index.php\/wp-json\/wp\/v2\/pwb-brand?post=6908"},{"taxonomy":"product_brand","embeddable":true,"href":"https:\/\/proservice.com.ar\/index.php\/wp-json\/wp\/v2\/product_brand?post=6908"},{"taxonomy":"product_cat","embeddable":true,"href":"https:\/\/proservice.com.ar\/index.php\/wp-json\/wp\/v2\/product_cat?post=6908"},{"taxonomy":"product_tag","embeddable":true,"href":"https:\/\/proservice.com.ar\/index.php\/wp-json\/wp\/v2\/product_tag?post=6908"}],"curies":[{"name":"wp","href":"https:\/\/api.w.org\/{rel}","templated":true}]}}