{"id":6918,"date":"2022-01-17T16:18:49","date_gmt":"2022-01-17T19:18:49","guid":{"rendered":"https:\/\/proservice.com.ar\/?post_type=product&#038;p=6918"},"modified":"2025-06-26T14:11:03","modified_gmt":"2025-06-26T17:11:03","slug":"tilta-khronos-quick-release-usb-c-hub-space-gray","status":"publish","type":"product","link":"https:\/\/proservice.com.ar\/index.php\/product\/tilta-khronos-quick-release-usb-c-hub-space-gray\/","title":{"rendered":"Tilta Khronos Quick Release USB-C Hub (Space Gray)"},"content":{"rendered":"<div class=\"productDescription_UbV5SNP5Eo\" data-selenium=\"overviewLongDescription\">\n<div class=\"js-injected-html text_UbV5SNP5Eo\">\n<p>El Khronos Quick Release USB-C Hub en gris espacial es un concentrador multimedia todo en uno que se conecta a tu iPhone a trav\u00e9s de USB-C y te permite integrarlo sin problemas con dispositivos externos y aprovechar al m\u00e1ximo el potencial de tu equipo iPhone. Cuenta con dos puertos USB-C que se pueden usar para alimentar dispositivos o transmitir datos, incluida la grabaci\u00f3n de video a SSD externos mediante el c\u00f3dec Apple Log. Los puertos USB-C tambi\u00e9n se pueden usar simult\u00e1neamente para mayor comodidad y eficiencia. Tambi\u00e9n est\u00e1 disponible un puerto HDMI para enviar video a una pantalla externa o un transmisor inal\u00e1mbrico, adem\u00e1s de un puerto de audio de 3,5 mm para monitoreo de audio en tiempo real mientras est\u00e1s en el set. En la parte inferior hay una placa de liberaci\u00f3n r\u00e1pida ARCA incorporada, lo que permite montar este concentrador en un tr\u00edpode, un estabilizador u otro accesorio compatible.<\/p>\n<p>Conectividad mejorada<br \/>\nCon\u00e9ctese sin problemas a su iPhone con el concentrador USB-C de liberaci\u00f3n r\u00e1pida Khronos, que cuenta con 2 puertos USB-C para un suministro de energ\u00eda vers\u00e1til y transferencia de datos de alta velocidad.<\/p>\n<p>Capacidades ampliadas<br \/>\nConecte sin esfuerzo unidades SSD externas para grabar en Apple Log, lo que garantiza flujos de trabajo ininterrumpidos y maximiza la productividad en el set.<\/p>\n<p>Salida de v\u00eddeo<br \/>\nUtilice el puerto HDMI para transmitir se\u00f1ales de video a monitores externos o transmisores inal\u00e1mbricos, mejorando su experiencia visual con una claridad impecable.<\/p>\n<p>Monitoreo de audio<br \/>\nCon un puerto de audio de 3,5 mm incorporado, monitoree las grabaciones de audio en tiempo real para una captura de sonido precisa, garantizando un audio de alta calidad para sus proyectos.<\/p>\n<p>Soluci\u00f3n de montaje segura<br \/>\nLa placa de liberaci\u00f3n r\u00e1pida ARCA integrada permite un f\u00e1cil montaje del Khronos Hub en tr\u00edpodes o estabilizadores, lo que proporciona una conexi\u00f3n estable tanto para configuraciones de filmaci\u00f3n m\u00f3viles como profesionales.<\/p>\n<\/div>\n<div class=\"title_OMS5rN7R1Z\">\n<div class=\"text_TAw0W35QK_ comfy_TAw0W35QK_ sizeTitle4_TAw0W35QK_ weightBold_TAw0W35QK_ primary_i3MsQsqoe0\" data-selenium=\"sellingPointsTitle\"><strong>Caracter\u00edsticas principales<\/strong><\/div>\n<\/div>\n<ul class=\"list_OMS5rN7R1Z\">\n<li class=\"listItem_OMS5rN7R1Z\" data-selenium=\"sellingPointsListItem\">Integraci\u00f3n con dispositivos externos<\/li>\n<li class=\"listItem_OMS5rN7R1Z\" data-selenium=\"sellingPointsListItem\">Conectar a tr\u00edpodes o estabilizadores<\/li>\n<li class=\"listItem_OMS5rN7R1Z\" data-selenium=\"sellingPointsListItem\">2 puertos USB-C<\/li>\n<li class=\"listItem_OMS5rN7R1Z\" data-selenium=\"sellingPointsListItem\">1 puerto HDMI<\/li>\n<li class=\"listItem_OMS5rN7R1Z\" data-selenium=\"sellingPointsListItem\">1 salida de audio de 3,5 mm<\/li>\n<li class=\"listItem_OMS5rN7R1Z\" data-selenium=\"sellingPointsListItem\">Placa de liberaci\u00f3n r\u00e1pida ARCA integrada<\/li>\n<li class=\"listItem_OMS5rN7R1Z\" data-selenium=\"sellingPointsListItem\">Los puertos USB-C pueden usarse simult\u00e1neamente<\/li>\n<\/ul>\n<\/div>\n","protected":false},"excerpt":{"rendered":"<p>TK-QRUH-SG<\/p>\n","protected":false},"featured_media":6920,"template":"","meta":{"om_disable_all_campaigns":false},"pwb-brand":[],"product_brand":[],"product_cat":[59,84],"product_tag":[581],"class_list":{"0":"post-6918","1":"product","2":"type-product","3":"status-publish","4":"has-post-thumbnail","6":"product_cat-camera-cage-and-kit","7":"product_cat-tilta","8":"product_tag-tk-qruh-sg","10":"first","11":"instock","12":"shipping-taxable","13":"purchasable","14":"product-type-simple"},"aioseo_notices":[],"jetpack_sharing_enabled":true,"brands":[],"_links":{"self":[{"href":"https:\/\/proservice.com.ar\/index.php\/wp-json\/wp\/v2\/product\/6918","targetHints":{"allow":["GET"]}}],"collection":[{"href":"https:\/\/proservice.com.ar\/index.php\/wp-json\/wp\/v2\/product"}],"about":[{"href":"https:\/\/proservice.com.ar\/index.php\/wp-json\/wp\/v2\/types\/product"}],"wp:featuredmedia":[{"embeddable":true,"href":"https:\/\/proservice.com.ar\/index.php\/wp-json\/wp\/v2\/media\/6920"}],"wp:attachment":[{"href":"https:\/\/proservice.com.ar\/index.php\/wp-json\/wp\/v2\/media?parent=6918"}],"wp:term":[{"taxonomy":"pwb-brand","embeddable":true,"href":"https:\/\/proservice.com.ar\/index.php\/wp-json\/wp\/v2\/pwb-brand?post=6918"},{"taxonomy":"product_brand","embeddable":true,"href":"https:\/\/proservice.com.ar\/index.php\/wp-json\/wp\/v2\/product_brand?post=6918"},{"taxonomy":"product_cat","embeddable":true,"href":"https:\/\/proservice.com.ar\/index.php\/wp-json\/wp\/v2\/product_cat?post=6918"},{"taxonomy":"product_tag","embeddable":true,"href":"https:\/\/proservice.com.ar\/index.php\/wp-json\/wp\/v2\/product_tag?post=6918"}],"curies":[{"name":"wp","href":"https:\/\/api.w.org\/{rel}","templated":true}]}}