{"id":6921,"date":"2024-01-17T16:22:48","date_gmt":"2024-01-17T19:22:48","guid":{"rendered":"https:\/\/proservice.com.ar\/?post_type=product&#038;p=6921"},"modified":"2026-04-08T12:47:12","modified_gmt":"2026-04-08T15:47:12","slug":"tilta-khronos-ultimate-kit-for-iphone-15-pro-max-space-gray","status":"publish","type":"product","link":"https:\/\/proservice.com.ar\/index.php\/product\/tilta-khronos-ultimate-kit-for-iphone-15-pro-max-space-gray\/","title":{"rendered":"Tilta Khronos Ultimate Kit for iPhone 15 Pro Max (Space Gray)"},"content":{"rendered":"<p>Dise\u00f1ado para cineastas m\u00f3viles que usan el iPhone 15 Pro Max, el kit Khronos Ultimate de Tilta en gris espacial incluye una funda Khronos para iPhone 15 Pro Max, un sistema de enfriamiento Khronos, un mango Focus PD de Khronos, un panel de luz LED Daylight Mini de Khronos, un adaptador de liberaci\u00f3n r\u00e1pida ARCA de Khronos (38 mm), un concentrador USB-C de liberaci\u00f3n r\u00e1pida de Khronos, un mango de madera circular de Khronos, un soporte universal para SSD de Khronos, una bandeja de filtro de liberaci\u00f3n r\u00e1pida de Khronos, un filtro FSND magn\u00e9tico de 0,6 de Khronos, un filtro FSND magn\u00e9tico de 1,2 de Khronos, un filtro negro magn\u00e9tico de niebla de 1\/4 de Khronos y un filtro blanco magn\u00e9tico de niebla de 1\/4 de Khronos. Este paquete ayuda a garantizar que est\u00e9 mejor equipado para videograf\u00eda profesional, transmisi\u00f3n en vivo, vlogs y m\u00e1s.<\/p>\n<div class=\"title_OMS5rN7R1Z\">\n<div class=\"text_TAw0W35QK_ comfy_TAw0W35QK_ sizeTitle4_TAw0W35QK_ weightBold_TAw0W35QK_ primary_i3MsQsqoe0\" data-selenium=\"sellingPointsTitle\"><strong>Caracter\u00edsticas principales<\/strong><\/div>\n<\/div>\n<ul class=\"list_OMS5rN7R1Z\">\n<li class=\"listItem_OMS5rN7R1Z\" data-selenium=\"sellingPointsListItem\">Incluye funda Khronos para iPhone 15 Pro Max<\/li>\n<li class=\"listItem_OMS5rN7R1Z\" data-selenium=\"sellingPointsListItem\">Incluye sistema de enfriamiento Khronos<\/li>\n<li class=\"listItem_OMS5rN7R1Z\" data-selenium=\"sellingPointsListItem\">Incluye mango Khronos Focus PD<\/li>\n<li class=\"listItem_OMS5rN7R1Z\" data-selenium=\"sellingPointsListItem\">Incluye mini panel LED Khronos<\/li>\n<li class=\"listItem_OMS5rN7R1Z\" data-selenium=\"sellingPointsListItem\">Incluye adaptador de liberaci\u00f3n r\u00e1pida ARCA<\/li>\n<li class=\"listItem_OMS5rN7R1Z\" data-selenium=\"sellingPointsListItem\">Incluye concentrador USB-C de liberaci\u00f3n r\u00e1pida Khronos<\/li>\n<li class=\"listItem_OMS5rN7R1Z\" data-selenium=\"sellingPointsListItem\">Incluye mango circular de madera Khronos<\/li>\n<li class=\"listItem_OMS5rN7R1Z\" data-selenium=\"sellingPointsListItem\">Incluye soporte para SSD y bandeja para filtros<\/li>\n<li class=\"listItem_OMS5rN7R1Z\" data-selenium=\"sellingPointsListItem\">Incluye filtros ND 0,6 y 1,2<\/li>\n<li class=\"listItem_OMS5rN7R1Z\" data-selenium=\"sellingPointsListItem\">Incluye filtros de niebla blanca y negra de 1\/4&#8243;<\/li>\n<\/ul>\n","protected":false},"excerpt":{"rendered":"<p>TK-IP15-PMD-SG<\/p>\n","protected":false},"featured_media":6924,"template":"","meta":{"om_disable_all_campaigns":false},"pwb-brand":[],"product_brand":[],"product_cat":[59,84],"product_tag":[582],"class_list":{"0":"post-6921","1":"product","2":"type-product","3":"status-publish","4":"has-post-thumbnail","6":"product_cat-camera-cage-and-kit","7":"product_cat-tilta","8":"product_tag-tk-ip15-pmd-sg","10":"first","11":"instock","12":"sale","13":"shipping-taxable","14":"purchasable","15":"product-type-simple"},"aioseo_notices":[],"jetpack_sharing_enabled":true,"brands":[],"_links":{"self":[{"href":"https:\/\/proservice.com.ar\/index.php\/wp-json\/wp\/v2\/product\/6921","targetHints":{"allow":["GET"]}}],"collection":[{"href":"https:\/\/proservice.com.ar\/index.php\/wp-json\/wp\/v2\/product"}],"about":[{"href":"https:\/\/proservice.com.ar\/index.php\/wp-json\/wp\/v2\/types\/product"}],"wp:featuredmedia":[{"embeddable":true,"href":"https:\/\/proservice.com.ar\/index.php\/wp-json\/wp\/v2\/media\/6924"}],"wp:attachment":[{"href":"https:\/\/proservice.com.ar\/index.php\/wp-json\/wp\/v2\/media?parent=6921"}],"wp:term":[{"taxonomy":"pwb-brand","embeddable":true,"href":"https:\/\/proservice.com.ar\/index.php\/wp-json\/wp\/v2\/pwb-brand?post=6921"},{"taxonomy":"product_brand","embeddable":true,"href":"https:\/\/proservice.com.ar\/index.php\/wp-json\/wp\/v2\/product_brand?post=6921"},{"taxonomy":"product_cat","embeddable":true,"href":"https:\/\/proservice.com.ar\/index.php\/wp-json\/wp\/v2\/product_cat?post=6921"},{"taxonomy":"product_tag","embeddable":true,"href":"https:\/\/proservice.com.ar\/index.php\/wp-json\/wp\/v2\/product_tag?post=6921"}],"curies":[{"name":"wp","href":"https:\/\/api.w.org\/{rel}","templated":true}]}}