{"id":6929,"date":"2025-01-20T16:49:49","date_gmt":"2025-01-20T19:49:49","guid":{"rendered":"https:\/\/proservice.com.ar\/?post_type=product&#038;p=6929"},"modified":"2025-06-12T10:38:02","modified_gmt":"2025-06-12T13:38:02","slug":"movmax-blade-arm-for-dji-pocket-3","status":"publish","type":"product","link":"https:\/\/proservice.com.ar\/index.php\/product\/movmax-blade-arm-for-dji-pocket-3\/","title":{"rendered":"MOVMAX Blade Arm for DJI Pocket 3"},"content":{"rendered":"<p>Graba tomas din\u00e1micas desde tu veh\u00edculo con tu c\u00e1mara de acci\u00f3n compacta gracias al\u00a0brazo de cuchilla MOVMAX\u00a0. Este brazo antivibraciones est\u00e1 dise\u00f1ado para soportar tu DJI Pocket 3 o una c\u00e1mara compacta similar gracias a su capacidad de carga de 145 a 500 g. Una ventosa fija el brazo a tu veh\u00edculo, mientras que un conector de tornillo de 6,35 mm fija la c\u00e1mara que prefieras. Incluye bloques de contrapeso para un mejor rendimiento.<\/p>\n<div class=\"title_OMS5rN7R1Z\">\n<div class=\"text_TAw0W35QK_ comfy_TAw0W35QK_ sizeTitle4_TAw0W35QK_ weightBold_TAw0W35QK_ primary_i3MsQsqoe0\" data-selenium=\"sellingPointsTitle\"><strong>Caracter\u00edsticas principales:<\/strong><\/div>\n<\/div>\n<ul class=\"list_OMS5rN7R1Z\">\n<li class=\"listItem_OMS5rN7R1Z\" data-selenium=\"sellingPointsListItem\">Capacidad de carga de 5,3 a 17,6 oz<\/li>\n<li class=\"listItem_OMS5rN7R1Z\" data-selenium=\"sellingPointsListItem\">Brazo reductor de vibraciones<\/li>\n<li class=\"listItem_OMS5rN7R1Z\" data-selenium=\"sellingPointsListItem\">Ventosa<\/li>\n<li class=\"listItem_OMS5rN7R1Z\" data-selenium=\"sellingPointsListItem\">Tornillo de 1\/4&#8243;-20, contrapesos<\/li>\n<\/ul>\n","protected":false},"excerpt":{"rendered":"<p>81-0059<\/p>\n","protected":false},"featured_media":6933,"template":"","meta":{"om_disable_all_campaigns":false},"pwb-brand":[],"product_brand":[],"product_cat":[59,644],"product_tag":[583],"class_list":{"0":"post-6929","1":"product","2":"type-product","3":"status-publish","4":"has-post-thumbnail","6":"product_cat-camera-cage-and-kit","7":"product_cat-movmax","8":"product_tag-81-0059","10":"first","11":"instock","12":"shipping-taxable","13":"purchasable","14":"product-type-simple"},"aioseo_notices":[],"jetpack_sharing_enabled":true,"brands":[],"_links":{"self":[{"href":"https:\/\/proservice.com.ar\/index.php\/wp-json\/wp\/v2\/product\/6929","targetHints":{"allow":["GET"]}}],"collection":[{"href":"https:\/\/proservice.com.ar\/index.php\/wp-json\/wp\/v2\/product"}],"about":[{"href":"https:\/\/proservice.com.ar\/index.php\/wp-json\/wp\/v2\/types\/product"}],"wp:featuredmedia":[{"embeddable":true,"href":"https:\/\/proservice.com.ar\/index.php\/wp-json\/wp\/v2\/media\/6933"}],"wp:attachment":[{"href":"https:\/\/proservice.com.ar\/index.php\/wp-json\/wp\/v2\/media?parent=6929"}],"wp:term":[{"taxonomy":"pwb-brand","embeddable":true,"href":"https:\/\/proservice.com.ar\/index.php\/wp-json\/wp\/v2\/pwb-brand?post=6929"},{"taxonomy":"product_brand","embeddable":true,"href":"https:\/\/proservice.com.ar\/index.php\/wp-json\/wp\/v2\/product_brand?post=6929"},{"taxonomy":"product_cat","embeddable":true,"href":"https:\/\/proservice.com.ar\/index.php\/wp-json\/wp\/v2\/product_cat?post=6929"},{"taxonomy":"product_tag","embeddable":true,"href":"https:\/\/proservice.com.ar\/index.php\/wp-json\/wp\/v2\/product_tag?post=6929"}],"curies":[{"name":"wp","href":"https:\/\/api.w.org\/{rel}","templated":true}]}}