{"id":6943,"date":"2025-01-28T16:47:51","date_gmt":"2025-01-28T19:47:51","guid":{"rendered":"https:\/\/proservice.com.ar\/?post_type=product&#038;p=6943"},"modified":"2026-04-14T13:43:12","modified_gmt":"2026-04-14T16:43:12","slug":"hollyland-lark-m2s-combo-2-person-wireless-microphone-system-for-cameras-and-mobile-devices-2-4-ghz-space-gray","status":"publish","type":"product","link":"https:\/\/proservice.com.ar\/index.php\/product\/hollyland-lark-m2s-combo-2-person-wireless-microphone-system-for-cameras-and-mobile-devices-2-4-ghz-space-gray\/","title":{"rendered":"Hollyland LARK M2S Combo 2-Person Wireless Microphone System for Cameras and Mobile Devices (2.4 GHz, Space Gray)"},"content":{"rendered":"<div class=\"title_OMS5rN7R1Z\">\n<div data-selenium=\"sellingPointsTitle\">El sistema incluye dos transmisores ultracompactos con micr\u00f3fonos omnidireccionales integrados para una grabaci\u00f3n discreta, un receptor enchufable USB-C para conexi\u00f3n directa con dispositivos m\u00f3viles, un receptor para montaje en c\u00e1mara, un cable adaptador USB-C a Lightning y un estuche de carga. Los transmisores cuentan con un dise\u00f1o de clip de titanio para sujetarlos de forma segura a su talento y no tienen logotipos visibles para una apariencia discreta.<\/div>\n<div data-selenium=\"sellingPointsTitle\"><strong>Ligero<\/strong><br \/>\nCon un peso de tan solo 7 gramos, su tama\u00f1o ultracompacto te proporciona un uso m\u00e1s c\u00f3modo y se mantiene elegantemente fuera de tu ropa.Sin ninguna flacidez ni flacidez.<\/div>\n<div data-selenium=\"sellingPointsTitle\"><strong>Discreto<\/strong><br \/>\nYa sea que est\u00e9s transmitiendo en vivo, grabando videos cortos o cubriendo bodas y entrevistas, puedes mantenerte concentrado sin preocuparte por las distracciones. Su dise\u00f1o elegante y sin logotipo se oculta f\u00e1cilmente en tu ropa, lo que garantiza que sea completamente discreto y pase desapercibido.<\/div>\n<div data-selenium=\"sellingPointsTitle\"><strong>Potente cancelaci\u00f3n de ruido<\/strong><br \/>\nEl LARK M2S adopta tecnolog\u00eda avanzada Cancelaci\u00f3n de ruido ambientalTecnolog\u00eda (ENC) para lograr un audio n\u00edtido al eliminar autom\u00e1ticamente el ruido de baja frecuencia. Disfrute de la cancelaci\u00f3n de ruido inteligente con solo presionar una vez el transmisor o el receptor.<\/div>\n<div data-selenium=\"sellingPointsTitle\"><\/div>\n<div class=\"text_TAw0W35QK_ comfy_TAw0W35QK_ sizeTitle4_TAw0W35QK_ weightBold_TAw0W35QK_ primary_i3MsQsqoe0\" data-selenium=\"sellingPointsTitle\"><strong>Caracter\u00edsticas principales<\/strong><\/div>\n<\/div>\n<ul class=\"list_OMS5rN7R1Z\">\n<li class=\"listItem_OMS5rN7R1Z\" data-selenium=\"sellingPointsListItem\">Para el periodismo m\u00f3vil, creaci\u00f3n de contenidos<\/li>\n<li class=\"listItem_OMS5rN7R1Z\" data-selenium=\"sellingPointsListItem\">2 transmisores ultracompactos con micr\u00f3fonos<\/li>\n<li class=\"listItem_OMS5rN7R1Z\" data-selenium=\"sellingPointsListItem\">Receptores enchufables y para montaje en c\u00e1mara<\/li>\n<li class=\"listItem_OMS5rN7R1Z\" data-selenium=\"sellingPointsListItem\">Distancia de transmisi\u00f3n de hasta 300 metros<\/li>\n<li class=\"listItem_OMS5rN7R1Z\" data-selenium=\"sellingPointsListItem\">Cable adaptador USB-C a Lightning<\/li>\n<li class=\"listItem_OMS5rN7R1Z\" data-selenium=\"sellingPointsListItem\">Muestreo de audio de 24 bits y 48 kHz<\/li>\n<li class=\"listItem_OMS5rN7R1Z\" data-selenium=\"sellingPointsListItem\">Cancelaci\u00f3n de ruido ambiental<\/li>\n<li class=\"listItem_OMS5rN7R1Z\" data-selenium=\"sellingPointsListItem\">Indicadores LED, bater\u00edas incorporadas<\/li>\n<li class=\"listItem_OMS5rN7R1Z\" data-selenium=\"sellingPointsListItem\">Control de aplicaciones iOS\/Android<\/li>\n<li class=\"listItem_OMS5rN7R1Z\" data-selenium=\"sellingPointsListItem\">Estuche de carga incluido<\/li>\n<\/ul>\n","protected":false},"excerpt":{"rendered":"<p>Hollyland LARK M2S COMBO<\/p>\n","protected":false},"featured_media":6944,"template":"","meta":{"om_disable_all_campaigns":false},"pwb-brand":[],"product_brand":[],"product_cat":[55,77,641],"product_tag":[585,657,656],"class_list":{"0":"post-6943","1":"product","2":"type-product","3":"status-publish","4":"has-post-thumbnail","6":"product_cat-audio","7":"product_cat-hollyland","8":"product_cat-microfonos","9":"product_tag-hl-lark-m2s-combo","10":"product_tag-hollyland-lark-m2s","11":"product_tag-lark-m2s","13":"first","14":"instock","15":"sale","16":"shipping-taxable","17":"purchasable","18":"product-type-simple"},"aioseo_notices":[],"jetpack_sharing_enabled":true,"brands":[],"_links":{"self":[{"href":"https:\/\/proservice.com.ar\/index.php\/wp-json\/wp\/v2\/product\/6943","targetHints":{"allow":["GET"]}}],"collection":[{"href":"https:\/\/proservice.com.ar\/index.php\/wp-json\/wp\/v2\/product"}],"about":[{"href":"https:\/\/proservice.com.ar\/index.php\/wp-json\/wp\/v2\/types\/product"}],"wp:featuredmedia":[{"embeddable":true,"href":"https:\/\/proservice.com.ar\/index.php\/wp-json\/wp\/v2\/media\/6944"}],"wp:attachment":[{"href":"https:\/\/proservice.com.ar\/index.php\/wp-json\/wp\/v2\/media?parent=6943"}],"wp:term":[{"taxonomy":"pwb-brand","embeddable":true,"href":"https:\/\/proservice.com.ar\/index.php\/wp-json\/wp\/v2\/pwb-brand?post=6943"},{"taxonomy":"product_brand","embeddable":true,"href":"https:\/\/proservice.com.ar\/index.php\/wp-json\/wp\/v2\/product_brand?post=6943"},{"taxonomy":"product_cat","embeddable":true,"href":"https:\/\/proservice.com.ar\/index.php\/wp-json\/wp\/v2\/product_cat?post=6943"},{"taxonomy":"product_tag","embeddable":true,"href":"https:\/\/proservice.com.ar\/index.php\/wp-json\/wp\/v2\/product_tag?post=6943"}],"curies":[{"name":"wp","href":"https:\/\/api.w.org\/{rel}","templated":true}]}}