{"id":6956,"date":"2022-02-07T15:19:24","date_gmt":"2022-02-07T18:19:24","guid":{"rendered":"https:\/\/proservice.com.ar\/?post_type=product&#038;p=6956"},"modified":"2026-04-05T15:44:43","modified_gmt":"2026-04-05T18:44:43","slug":"rgblink-mini-pro-v3-switcher","status":"publish","type":"product","link":"https:\/\/proservice.com.ar\/index.php\/product\/rgblink-mini-pro-v3-switcher\/","title":{"rendered":"RGBlink mini-pro v3 Switcher"},"content":{"rendered":"<p>Monitorea tus fuentes de entrada a trav\u00e9s de la pantalla IPS integrada de 2.1&#8243; o usa la pantalla t\u00e1ctil para acceder a funciones y configuraciones espec\u00edficas. El control de salida din\u00e1mico del conmutador permite a los usuarios obtener una vista previa de m\u00faltiples vistas, imagen en imagen (PiP) con escala de p\u00edxel a p\u00edxel, incrustaci\u00f3n crom\u00e1tica y 15 transiciones de video, incluido el corte autom\u00e1tico. La unidad tiene un conector RJ45 que proporciona conectividad LAN para el control del software, y la operaci\u00f3n manual incluye la conmutaci\u00f3n sin problemas entre fuentes, la realizaci\u00f3n de transiciones mediante la barra en T integrada y el control de c\u00e1maras PTZ con el joystick de 5 ejes integrado. La unidad se alimenta a trav\u00e9s de su puerto USB-C mediante el adaptador de corriente incluido y el cable USB-C.<\/p>\n<p>Pantalla LCD incorporada para vista previa de video y operaci\u00f3n de men\u00fa t\u00e1ctil<br \/>\nCuatro entradas HDMI 2.0 (compatible con HDCP 1.4), resoluciones de hasta 4K60<br \/>\nDos salidas HDMI 1.3 para monitorizaci\u00f3n de vista previa, programa o AUX de m\u00faltiples vistas<br \/>\nMezcla para audio externo de 2 canales y HDMI integrado de 4 canales<br \/>\nModos de conmutaci\u00f3n AUTO y WIPE, 15 efectos de transici\u00f3n<br \/>\nGrabaci\u00f3n con una sola tecla USB 2.0 en formato exFAT o FAT32 con una tasa de bits de hasta 16 Mb\/s<br \/>\nLa salida USB admite el formato YUY2 y MJPEG, que se pueden reconocer como c\u00e1mara web.<br \/>\nAdmite transmisi\u00f3n de red RTMP(S) a hasta cuatro plataformas<br \/>\nGuardar y cargar ajustes preestablecidos PTZ, recuperaci\u00f3n de ajustes preestablecidos con un solo clic<br \/>\nJoystick de 5 ejes y conmutador para control PTZ (compatible con protocolo IP VISCA)<br \/>\nEspecifique verde o azul como color clave para Chroma Key<br \/>\nAdmite la integraci\u00f3n de TAO Cloud, compatible con dispositivos m\u00f3viles y computadoras de escritorio<\/p>\n<div class=\"title_OMS5rN7R1Z\">\n<p><strong>Caracter\u00edsticas principales<\/strong><\/p>\n<\/div>\n<ul>\n<li><span>Conmutador HDMI compacto<\/span><\/li>\n<li><span>4 entradas HDMI 4K60<\/span><\/li>\n<li><span>Salidas USB-A y HDMI dual<\/span><\/li>\n<li><span>Transmite videos con una resoluci\u00f3n de hasta 1080p60<\/span><\/li>\n<li><span>Pantalla t\u00e1ctil IPS de 2,1&#8243;<\/span><\/li>\n<li><span>Control PTZ, clave crom\u00e1tica y PiP<\/span><\/li>\n<li><span>15 efectos de transici\u00f3n, joystick de 5 ejes<\/span><\/li>\n<li><span>Admite control en la nube TAO<\/span><\/li>\n<\/ul>\n","protected":false},"excerpt":{"rendered":"<p>230-0003-03-1\u00a0 \u00a0mini-ISO<\/p>\n","protected":false},"featured_media":6961,"template":"","meta":{"om_disable_all_campaigns":false},"pwb-brand":[],"product_brand":[],"product_cat":[66,741],"product_tag":[587],"class_list":{"0":"post-6956","1":"product","2":"type-product","3":"status-publish","4":"has-post-thumbnail","6":"product_cat-switchers","7":"product_cat-switcher","8":"product_tag-230-0003-03-1","10":"first","11":"outofstock","12":"sale","13":"shipping-taxable","14":"product-type-simple"},"jetpack_sharing_enabled":true,"brands":[],"_links":{"self":[{"href":"https:\/\/proservice.com.ar\/index.php\/wp-json\/wp\/v2\/product\/6956","targetHints":{"allow":["GET"]}}],"collection":[{"href":"https:\/\/proservice.com.ar\/index.php\/wp-json\/wp\/v2\/product"}],"about":[{"href":"https:\/\/proservice.com.ar\/index.php\/wp-json\/wp\/v2\/types\/product"}],"wp:featuredmedia":[{"embeddable":true,"href":"https:\/\/proservice.com.ar\/index.php\/wp-json\/wp\/v2\/media\/6961"}],"wp:attachment":[{"href":"https:\/\/proservice.com.ar\/index.php\/wp-json\/wp\/v2\/media?parent=6956"}],"wp:term":[{"taxonomy":"pwb-brand","embeddable":true,"href":"https:\/\/proservice.com.ar\/index.php\/wp-json\/wp\/v2\/pwb-brand?post=6956"},{"taxonomy":"product_brand","embeddable":true,"href":"https:\/\/proservice.com.ar\/index.php\/wp-json\/wp\/v2\/product_brand?post=6956"},{"taxonomy":"product_cat","embeddable":true,"href":"https:\/\/proservice.com.ar\/index.php\/wp-json\/wp\/v2\/product_cat?post=6956"},{"taxonomy":"product_tag","embeddable":true,"href":"https:\/\/proservice.com.ar\/index.php\/wp-json\/wp\/v2\/product_tag?post=6956"}],"curies":[{"name":"wp","href":"https:\/\/api.w.org\/{rel}","templated":true}]}}