{"id":6962,"date":"2022-02-07T15:25:38","date_gmt":"2022-02-07T18:25:38","guid":{"rendered":"https:\/\/proservice.com.ar\/?post_type=product&#038;p=6962"},"modified":"2026-04-05T15:44:43","modified_gmt":"2026-04-05T18:44:43","slug":"rgblink-4-hdmi-sdi-uvc-switcher-mini-iso","status":"publish","type":"product","link":"https:\/\/proservice.com.ar\/index.php\/product\/rgblink-4-hdmi-sdi-uvc-switcher-mini-iso\/","title":{"rendered":"RGBlink 4 HDMI\/SDI + UVC Switcher &#8211;  mini-iso"},"content":{"rendered":"<p>Rgblink mini-iso un mezclador en vivo SDI \/ HDMI + USB + NDI + control PTZ. El mini-iso es ultra compacto y puede admitir resoluciones hasta UHD via HDMI y hacer streaming hasta 1080p60 a trav\u00e9s de la salida UVC USB-A, con un segundo puerto USB-A para grabar o hacer streaming desde un PC ademas de salir por HDMI e incluye salida extra para Preview. Incluye una pantalla t\u00e1ctil TFT integrada de 3,5&#8243;. Usa los controles integrados para aprovechar los 15 efectos de transici\u00f3n, efectos de croma y luma key. Un conector RJ45 proporciona conectividad LAN NDI. Un joystick de 5 axis que facilita el control PTZ. El mini-iso puede hacer streaming a multiplataforma mediante TAO Cloud y la salida de video en vivo mediante HDMI con multiview y Program con salida limpia para operacion en vivo.<\/p>\n<p><strong>\u00a0 \u00a0 \u00a0 Caracter\u00edsticas principales:<\/strong><\/p>\n<ul>\n<li>Pantalla t\u00e1ctil TFT de 3,5&#8243; para operaci\u00f3n de men\u00fa, vista previa de se\u00f1al y visualizaci\u00f3n del estado de funcionamiento<\/li>\n<li>Grabaci\u00f3n con una sola tecla USB 2.0 en formato exFAT o FAT32 hasta 16 Mb\/s<\/li>\n<li>Cuatro entradas HDMI 2.0 (compatible con HDCP 1.4), resoluci\u00f3n hasta 4K60<\/li>\n<li>\u00a0La salida USB admite el formato YUY2 o MJPEG, que se puede reconocer como una c\u00e1mara web para transmisi\u00f3n.<\/li>\n<li>\u00a0Las entradas SDI cu\u00e1druples admiten se\u00f1ales de PC\/C\u00e1mara\/etc.<\/li>\n<li>\u00a0Admite transmisi\u00f3n de red RTMP(S) hasta en 4 plataformas<\/li>\n<li>\u00a0La entrada UVC admite se\u00f1ales de WEbCam, captura USB, etc.<\/li>\n<li>\u00a0Salida NDI como fuente NDI codifica el contenido dentro de la conexi\u00f3n LAN<\/li>\n<li>La entrada NDI decodifica la fuente NDI dentro de la conexi\u00f3n LAN<br \/>\nGuarde y cargue ajustes preestablecidos de PTZ y recup\u00e9relos con un solo clic<\/li>\n<li>2 salidas HDMI 1.3 para monitorizaci\u00f3n de vista previa, programa o Barras patr\u00f3n.<\/li>\n<li>Joystick de 5 direcciones y conmutador para controlar la c\u00e1mara PTZ (compatible con el protocolo IP VISCA)<\/li>\n<li>\u00a0Mezcla para audio HDMI\/SDI de 4 canales integrado, audio externo de 2 canales<\/li>\n<li>\u00a0Chromakey &#8220;verde&#8221; o &#8220;azul&#8221;<\/li>\n<li>\u00a0LumaKey<\/li>\n<li>\u00a0Modo de conmutaci\u00f3n: AUTO y WIPE disponibles<\/li>\n<li>Hasta 15 efectos de transici\u00f3n<\/li>\n<li>Admite control en la nube TAO, compatible con dispositivos m\u00f3viles y computadoras de escritorio<\/li>\n<\/ul>\n","protected":false},"excerpt":{"rendered":"<p>230-0007-01-0 mini-ISO 10-Channel<\/p>\n","protected":false},"featured_media":6966,"template":"","meta":{"om_disable_all_campaigns":false},"pwb-brand":[],"product_brand":[],"product_cat":[659,66,741],"product_tag":[588,660],"class_list":{"0":"post-6962","1":"product","2":"type-product","3":"status-publish","4":"has-post-thumbnail","6":"product_cat-rgblink","7":"product_cat-switchers","8":"product_cat-switcher","9":"product_tag-230-0007-01-0","10":"product_tag-mini-iso","12":"first","13":"onbackorder","14":"shipping-taxable","15":"purchasable","16":"product-type-simple"},"aioseo_notices":[],"jetpack_sharing_enabled":true,"brands":[],"_links":{"self":[{"href":"https:\/\/proservice.com.ar\/index.php\/wp-json\/wp\/v2\/product\/6962","targetHints":{"allow":["GET"]}}],"collection":[{"href":"https:\/\/proservice.com.ar\/index.php\/wp-json\/wp\/v2\/product"}],"about":[{"href":"https:\/\/proservice.com.ar\/index.php\/wp-json\/wp\/v2\/types\/product"}],"wp:featuredmedia":[{"embeddable":true,"href":"https:\/\/proservice.com.ar\/index.php\/wp-json\/wp\/v2\/media\/6966"}],"wp:attachment":[{"href":"https:\/\/proservice.com.ar\/index.php\/wp-json\/wp\/v2\/media?parent=6962"}],"wp:term":[{"taxonomy":"pwb-brand","embeddable":true,"href":"https:\/\/proservice.com.ar\/index.php\/wp-json\/wp\/v2\/pwb-brand?post=6962"},{"taxonomy":"product_brand","embeddable":true,"href":"https:\/\/proservice.com.ar\/index.php\/wp-json\/wp\/v2\/product_brand?post=6962"},{"taxonomy":"product_cat","embeddable":true,"href":"https:\/\/proservice.com.ar\/index.php\/wp-json\/wp\/v2\/product_cat?post=6962"},{"taxonomy":"product_tag","embeddable":true,"href":"https:\/\/proservice.com.ar\/index.php\/wp-json\/wp\/v2\/product_tag?post=6962"}],"curies":[{"name":"wp","href":"https:\/\/api.w.org\/{rel}","templated":true}]}}