{"id":6994,"date":"2024-02-17T17:09:37","date_gmt":"2024-02-17T20:09:37","guid":{"rendered":"https:\/\/proservice.com.ar\/?post_type=product&#038;p=6994"},"modified":"2026-04-01T10:58:41","modified_gmt":"2026-04-01T13:58:41","slug":"hollyland-wireless-tally-system-4-tally-lights","status":"publish","type":"product","link":"https:\/\/proservice.com.ar\/index.php\/product\/hollyland-wireless-tally-system-4-tally-lights\/","title":{"rendered":"Hollyland Wireless Tally System (4 Tally Lights)"},"content":{"rendered":"<div class=\"title_OMS5rN7R1Z\">\n<div data-selenium=\"sellingPointsTitle\">\n<div class=\"\" data-selenium=\"overviewLongDescription\">\n<div class=\"js-injected-html text_UbV5SNP5Eo\">\n<p>Este\u00a0sistema de luces indicadoras inal\u00e1mbrico\u00a0de\u00a0Hollyland\u00a0es una soluci\u00f3n de luces indicadoras port\u00e1til y completa que incluye cuatro luces indicadoras que se pueden conectar a una distancia de hasta 2600 pies de la unidad host inal\u00e1mbrica. Equipado con m\u00faltiples puertos que brindan conectividad DB25, RJ45 y USB-C para compatibilidad con una amplia gama de conmutadores, el sistema cuenta con una potente funci\u00f3n de aprendizaje de secuencia inteligente, salto de frecuencia adaptativo y compatibilidad con hasta 16 canales para una futura expansi\u00f3n del sistema.<\/p>\n<p>La funci\u00f3n de aprendizaje de secuencia del sistema permite a los usuarios conectar f\u00e1cilmente cualquier conmutador que funcione con niveles de voltaje altos o bajos al sistema, empleando un cable de se\u00f1al est\u00e1ndar para una amplia compatibilidad de conmutadores. El salto de frecuencia facilita la detecci\u00f3n de interferencias, lo que permite que el sistema salte autom\u00e1ticamente a un canal con menos interferencias para una transmisi\u00f3n m\u00e1s estable y confiable. Un paquete de bater\u00eda de iones de litio desmontable incluido con cada luz de se\u00f1al proporciona hasta ocho horas de funcionamiento ininterrumpido y se incluye un estuche r\u00edgido para facilitar el transporte y el almacenamiento.<\/p>\n<\/div>\n<\/div>\n<div class=\"feature_UbV5SNP5Eo\">\n<div class=\"productDescription_UbV5SNP5Eo\" data-selenium=\"overviewLongDescription\">\n<div class=\"js-injected-html text_UbV5SNP5Eo\">\n<p>Esta\u00a0estaci\u00f3n de tally de Hollyland\u00a0est\u00e1 dise\u00f1ada para usarse con el sistema de tally inal\u00e1mbrico de Hollyland. Cuenta con un alcance de transmisi\u00f3n de hasta 2600 pies y un retraso de transmisi\u00f3n de &lt;150 ms. La unidad incluye dos antenas del sistema de tally inal\u00e1mbrico, as\u00ed como un cable USB-A a USB-C y un adaptador de corriente CC con el cable correspondiente.<\/p>\n<\/div>\n<\/div>\n<\/div>\n<\/div>\n<div class=\"text_TAw0W35QK_ comfy_TAw0W35QK_ sizeTitle4_TAw0W35QK_ weightBold_TAw0W35QK_ primary_i3MsQsqoe0\" data-selenium=\"sellingPointsTitle\"><strong>Caracter\u00edsticas principales:\u00a0<\/strong><\/div>\n<\/div>\n<ul class=\"list_OMS5rN7R1Z\">\n<li class=\"listItem_OMS5rN7R1Z\" data-selenium=\"sellingPointsListItem\">Sistema de conteo inal\u00e1mbrico port\u00e1til<\/li>\n<li class=\"listItem_OMS5rN7R1Z\" data-selenium=\"sellingPointsListItem\">4 luces indicadoras incluidas<\/li>\n<li class=\"listItem_OMS5rN7R1Z\" data-selenium=\"sellingPointsListItem\">Conecte luces Tally a una distancia de hasta 2600 pies<\/li>\n<li class=\"listItem_OMS5rN7R1Z\" data-selenium=\"sellingPointsListItem\">Se admiten hasta 16 canales<\/li>\n<li class=\"listItem_OMS5rN7R1Z\" data-selenium=\"sellingPointsListItem\">Aprendizaje inteligente de secuencias<\/li>\n<li class=\"listItem_OMS5rN7R1Z\" data-selenium=\"sellingPointsListItem\">Salto de frecuencia adaptativo<\/li>\n<li class=\"listItem_OMS5rN7R1Z\" data-selenium=\"sellingPointsListItem\">Bater\u00eda desmontable con autonom\u00eda de 8 horas<\/li>\n<li class=\"listItem_OMS5rN7R1Z\" data-selenium=\"sellingPointsListItem\">Conectividad DB25, RJ45 y USB-C<\/li>\n<li class=\"listItem_OMS5rN7R1Z\" data-selenium=\"sellingPointsListItem\">La luz indicadora y la bater\u00eda pesan solo 3,5 oz<\/li>\n<li class=\"listItem_OMS5rN7R1Z\" data-selenium=\"sellingPointsListItem\">Estuche r\u00edgido incluido<\/li>\n<\/ul>\n","protected":false},"excerpt":{"rendered":"<p><span style=\"vertical-align: inherit\"><span style=\"vertical-align: inherit\">SISTEMA DE TALLY INAL\u00c1MBRICO &#8211; 4 LUCES<\/span><\/span><\/p>\n","protected":false},"featured_media":6999,"template":"","meta":{"om_disable_all_campaigns":false},"pwb-brand":[],"product_brand":[],"product_cat":[77,663],"product_tag":[591],"class_list":{"0":"post-6994","1":"product","2":"type-product","3":"status-publish","4":"has-post-thumbnail","6":"product_cat-hollyland","7":"product_cat-tally","8":"product_tag-wireless-tally-system-4-lights","10":"first","11":"instock","12":"shipping-taxable","13":"purchasable","14":"product-type-simple"},"aioseo_notices":[],"jetpack_sharing_enabled":true,"brands":[],"_links":{"self":[{"href":"https:\/\/proservice.com.ar\/index.php\/wp-json\/wp\/v2\/product\/6994","targetHints":{"allow":["GET"]}}],"collection":[{"href":"https:\/\/proservice.com.ar\/index.php\/wp-json\/wp\/v2\/product"}],"about":[{"href":"https:\/\/proservice.com.ar\/index.php\/wp-json\/wp\/v2\/types\/product"}],"wp:featuredmedia":[{"embeddable":true,"href":"https:\/\/proservice.com.ar\/index.php\/wp-json\/wp\/v2\/media\/6999"}],"wp:attachment":[{"href":"https:\/\/proservice.com.ar\/index.php\/wp-json\/wp\/v2\/media?parent=6994"}],"wp:term":[{"taxonomy":"pwb-brand","embeddable":true,"href":"https:\/\/proservice.com.ar\/index.php\/wp-json\/wp\/v2\/pwb-brand?post=6994"},{"taxonomy":"product_brand","embeddable":true,"href":"https:\/\/proservice.com.ar\/index.php\/wp-json\/wp\/v2\/product_brand?post=6994"},{"taxonomy":"product_cat","embeddable":true,"href":"https:\/\/proservice.com.ar\/index.php\/wp-json\/wp\/v2\/product_cat?post=6994"},{"taxonomy":"product_tag","embeddable":true,"href":"https:\/\/proservice.com.ar\/index.php\/wp-json\/wp\/v2\/product_tag?post=6994"}],"curies":[{"name":"wp","href":"https:\/\/api.w.org\/{rel}","templated":true}]}}