{"id":7001,"date":"2023-02-18T11:40:58","date_gmt":"2023-02-18T14:40:58","guid":{"rendered":"https:\/\/proservice.com.ar\/?post_type=product&#038;p=7001"},"modified":"2025-05-27T14:33:41","modified_gmt":"2025-05-27T17:33:41","slug":"kiloview-e3-hdmi-sdi-dual-channel-video-encoder","status":"publish","type":"product","link":"https:\/\/proservice.com.ar\/index.php\/product\/kiloview-e3-hdmi-sdi-dual-channel-video-encoder\/","title":{"rendered":"Kiloview E3 HDMI &#038; SDI Dual Channel Video Encoder"},"content":{"rendered":"<div class=\"title_OMS5rN7R1Z\">\n<div class=\"text_TAw0W35QK_ comfy_TAw0W35QK_ sizeTitle4_TAw0W35QK_ weightBold_TAw0W35QK_ primary_i3MsQsqoe0\" data-selenium=\"sellingPointsTitle\">\n<p>Transmita su programa a hasta 16 plataformas simult\u00e1neamente con el codificador de video de canal dual E3 HDMI y SDI de Kiloview . El codificador de nueva generaci\u00f3n cuenta con una entrada HDMI y una salida de bucle que pueden manejar hasta UHD 4K30 y una entrada 3G-SDI y una salida de bucle que admiten hasta 1080p60. La codificaci\u00f3n de ambas entradas en H.264 y\/o H.265 es posible hasta 1080p60 con m\u00faltiples protocolos de transmisi\u00f3n, incluidos NDI|HX2, NDI|HX3, SRT, RTMP, RTSP, UDP y HLS.<\/p>\n<p>Con una latencia baja de &lt;100 ms, el E3 es ideal para una variedad de aplicaciones de producci\u00f3n en vivo, incluyendo transmisi\u00f3n remota y streaming en vivo. Cuenta con un chipset actualizado que proporciona streaming simult\u00e1neo a hasta 16 destinos diferentes con ocho se\u00f1ales de transmisi\u00f3n principal de 1080p y ocho se\u00f1ales de transmisi\u00f3n secundaria de 720p. Una entrada de l\u00ednea de 3,5 mm puede ingerir audio anal\u00f3gico mientras que el audio digital se puede incorporar mediante HDMI y 3G-SDI y convertir a m\u00faltiples formatos, incluidos AAC, MPEG-4, MPEG-3, MPEG-2, Opus o G.711. Una pantalla LCD de 1,14&#8243; le permite monitorear informaci\u00f3n sobre conectividad, direcci\u00f3n IP, CPU, memoria, resoluci\u00f3n, temperatura y estado de tally, todo en tiempo real. Un solo cable Ethernet puede proporcionar PoE (Alimentaci\u00f3n a trav\u00e9s de Ethernet) y reducir el desorden de cables alrededor de la unidad.<\/p>\n<p><strong><br \/>\nCaracter\u00edsticas principales<\/strong><\/div>\n<\/div>\n<ul class=\"list_OMS5rN7R1Z\">\n<li class=\"listItem_OMS5rN7R1Z\" data-selenium=\"sellingPointsListItem\"><span>Hasta UHD 4K30 a trav\u00e9s de HDMI<\/span><\/li>\n<li class=\"listItem_OMS5rN7R1Z\" data-selenium=\"sellingPointsListItem\"><span>Admite m\u00faltiples protocolos de transmisi\u00f3n<\/span><\/li>\n<li class=\"listItem_OMS5rN7R1Z\" data-selenium=\"sellingPointsListItem\"><span>Compatibilidad con H.265 y H.264<\/span><\/li>\n<li class=\"listItem_OMS5rN7R1Z\" data-selenium=\"sellingPointsListItem\"><span>Transmisiones a hasta 16 plataformas<\/span><\/li>\n<li class=\"listItem_OMS5rN7R1Z\" data-selenium=\"sellingPointsListItem\"><span>Pantalla LCD incorporada<\/span><\/li>\n<li class=\"listItem_OMS5rN7R1Z\" data-selenium=\"sellingPointsListItem\"><span>Baja latencia &lt;100 ms<\/span><\/li>\n<li class=\"listItem_OMS5rN7R1Z\" data-selenium=\"sellingPointsListItem\"><span>Compatibilidad con PoE<\/span><\/li>\n<\/ul>\n","protected":false},"excerpt":{"rendered":"<p>E3<\/p>\n","protected":false},"featured_media":7004,"template":"","meta":{"om_disable_all_campaigns":false},"pwb-brand":[],"product_brand":[],"product_cat":[65],"product_tag":[592],"class_list":{"0":"post-7001","1":"product","2":"type-product","3":"status-publish","4":"has-post-thumbnail","6":"product_cat-streaming-device","7":"product_tag-e3","9":"first","10":"onbackorder","11":"shipping-taxable","12":"product-type-simple"},"aioseo_notices":[],"jetpack_sharing_enabled":true,"brands":[],"_links":{"self":[{"href":"https:\/\/proservice.com.ar\/index.php\/wp-json\/wp\/v2\/product\/7001","targetHints":{"allow":["GET"]}}],"collection":[{"href":"https:\/\/proservice.com.ar\/index.php\/wp-json\/wp\/v2\/product"}],"about":[{"href":"https:\/\/proservice.com.ar\/index.php\/wp-json\/wp\/v2\/types\/product"}],"wp:featuredmedia":[{"embeddable":true,"href":"https:\/\/proservice.com.ar\/index.php\/wp-json\/wp\/v2\/media\/7004"}],"wp:attachment":[{"href":"https:\/\/proservice.com.ar\/index.php\/wp-json\/wp\/v2\/media?parent=7001"}],"wp:term":[{"taxonomy":"pwb-brand","embeddable":true,"href":"https:\/\/proservice.com.ar\/index.php\/wp-json\/wp\/v2\/pwb-brand?post=7001"},{"taxonomy":"product_brand","embeddable":true,"href":"https:\/\/proservice.com.ar\/index.php\/wp-json\/wp\/v2\/product_brand?post=7001"},{"taxonomy":"product_cat","embeddable":true,"href":"https:\/\/proservice.com.ar\/index.php\/wp-json\/wp\/v2\/product_cat?post=7001"},{"taxonomy":"product_tag","embeddable":true,"href":"https:\/\/proservice.com.ar\/index.php\/wp-json\/wp\/v2\/product_tag?post=7001"}],"curies":[{"name":"wp","href":"https:\/\/api.w.org\/{rel}","templated":true}]}}