{"id":7016,"date":"2024-02-18T16:52:03","date_gmt":"2024-02-18T19:52:03","guid":{"rendered":"https:\/\/proservice.com.ar\/?post_type=product&#038;p=7016"},"modified":"2025-06-11T16:32:46","modified_gmt":"2025-06-11T19:32:46","slug":"hollyland-wireless-tally-system-8-tally-lights","status":"publish","type":"product","link":"https:\/\/proservice.com.ar\/index.php\/product\/hollyland-wireless-tally-system-8-tally-lights\/","title":{"rendered":"Hollyland Wireless Tally System (8 Tally Lights)"},"content":{"rendered":"<p>Este\u00a0sistema de luces indicadoras inal\u00e1mbrico\u00a0de\u00a0Hollyland\u00a0es una soluci\u00f3n de luces indicadoras port\u00e1til y completa que incluye ocho luces indicadoras que se pueden conectar a una distancia de hasta 2600 pies de la unidad host inal\u00e1mbrica. Equipado con m\u00faltiples puertos que brindan conectividad DB25, RJ45 y USB-C para compatibilidad con una amplia gama de conmutadores, el sistema cuenta con una potente funci\u00f3n de aprendizaje de secuencia inteligente, salto de frecuencia adaptativo y compatibilidad con hasta 16 canales para una futura expansi\u00f3n del sistema.<\/p>\n<p>La funci\u00f3n de aprendizaje de secuencia del sistema permite a los usuarios conectar f\u00e1cilmente cualquier conmutador que funcione con niveles de voltaje altos o bajos al sistema, empleando un cable de se\u00f1al est\u00e1ndar para una amplia compatibilidad de conmutadores. El salto de frecuencia facilita la detecci\u00f3n de interferencias, lo que permite que el sistema salte autom\u00e1ticamente a un canal con menos interferencias para una transmisi\u00f3n m\u00e1s estable y confiable. Un paquete de bater\u00eda de iones de litio desmontable incluido con cada luz de se\u00f1al proporciona hasta ocho horas de funcionamiento ininterrumpido y se incluye un estuche r\u00edgido para facilitar el transporte y el almacenamiento.<\/p>\n<p>&nbsp;<\/p>\n<div class=\"title_OMS5rN7R1Z\">\n<div class=\"text_TAw0W35QK_ comfy_TAw0W35QK_ sizeTitle4_TAw0W35QK_ weightBold_TAw0W35QK_ primary_i3MsQsqoe0\" data-selenium=\"sellingPointsTitle\"><strong>Caracter\u00edsticas principales:<\/strong><\/div>\n<\/div>\n<ul class=\"list_OMS5rN7R1Z\">\n<li class=\"listItem_OMS5rN7R1Z\" data-selenium=\"sellingPointsListItem\">Sistema de conteo inal\u00e1mbrico port\u00e1til<\/li>\n<li class=\"listItem_OMS5rN7R1Z\" data-selenium=\"sellingPointsListItem\">8 luces indicadoras incluidas<\/li>\n<li class=\"listItem_OMS5rN7R1Z\" data-selenium=\"sellingPointsListItem\">Conecte luces Tally a una distancia de hasta 2600 pies<\/li>\n<li class=\"listItem_OMS5rN7R1Z\" data-selenium=\"sellingPointsListItem\">Se admiten hasta 16 canales<\/li>\n<li class=\"listItem_OMS5rN7R1Z\" data-selenium=\"sellingPointsListItem\">Aprendizaje inteligente de secuencias<\/li>\n<li class=\"listItem_OMS5rN7R1Z\" data-selenium=\"sellingPointsListItem\">Salto de frecuencia adaptativo<\/li>\n<li class=\"listItem_OMS5rN7R1Z\" data-selenium=\"sellingPointsListItem\">Bater\u00eda desmontable con autonom\u00eda de 8 horas<\/li>\n<li class=\"listItem_OMS5rN7R1Z\" data-selenium=\"sellingPointsListItem\">Conectividad DB25, RJ45 y USB-C<\/li>\n<li class=\"listItem_OMS5rN7R1Z\" data-selenium=\"sellingPointsListItem\">La luz indicadora y la bater\u00eda pesan solo 3,5 oz<\/li>\n<li class=\"listItem_OMS5rN7R1Z\" data-selenium=\"sellingPointsListItem\">Estuche r\u00edgido incluido<\/li>\n<\/ul>\n","protected":false},"excerpt":{"rendered":"<p>Este\u00a0sistema de luces indicadoras inal\u00e1mbrico\u00a0de\u00a0Hollyland\u00a0es una soluci\u00f3n de luces indicadoras port\u00e1til y completa que incluye ocho luces indicadoras que se pueden conectar a una distancia de hasta 2600 pies de la unidad host inal\u00e1mbrica. Equipado con m\u00faltiples puertos que brindan conectividad DB25, RJ45 y USB-C para compatibilidad con una amplia gama de conmutadores, el sistema [&hellip;]<\/p>\n","protected":false},"featured_media":7017,"template":"","meta":{"om_disable_all_campaigns":false},"pwb-brand":[],"product_brand":[],"product_cat":[77,663],"product_tag":[594],"class_list":{"0":"post-7016","1":"product","2":"type-product","3":"status-publish","4":"has-post-thumbnail","6":"product_cat-hollyland","7":"product_cat-tally","8":"product_tag-hl-wireless-tally-system-8-lights","10":"first","11":"onbackorder","12":"shipping-taxable","13":"product-type-simple"},"aioseo_notices":[],"jetpack_sharing_enabled":true,"brands":[],"_links":{"self":[{"href":"https:\/\/proservice.com.ar\/index.php\/wp-json\/wp\/v2\/product\/7016","targetHints":{"allow":["GET"]}}],"collection":[{"href":"https:\/\/proservice.com.ar\/index.php\/wp-json\/wp\/v2\/product"}],"about":[{"href":"https:\/\/proservice.com.ar\/index.php\/wp-json\/wp\/v2\/types\/product"}],"wp:featuredmedia":[{"embeddable":true,"href":"https:\/\/proservice.com.ar\/index.php\/wp-json\/wp\/v2\/media\/7017"}],"wp:attachment":[{"href":"https:\/\/proservice.com.ar\/index.php\/wp-json\/wp\/v2\/media?parent=7016"}],"wp:term":[{"taxonomy":"pwb-brand","embeddable":true,"href":"https:\/\/proservice.com.ar\/index.php\/wp-json\/wp\/v2\/pwb-brand?post=7016"},{"taxonomy":"product_brand","embeddable":true,"href":"https:\/\/proservice.com.ar\/index.php\/wp-json\/wp\/v2\/product_brand?post=7016"},{"taxonomy":"product_cat","embeddable":true,"href":"https:\/\/proservice.com.ar\/index.php\/wp-json\/wp\/v2\/product_cat?post=7016"},{"taxonomy":"product_tag","embeddable":true,"href":"https:\/\/proservice.com.ar\/index.php\/wp-json\/wp\/v2\/product_tag?post=7016"}],"curies":[{"name":"wp","href":"https:\/\/api.w.org\/{rel}","templated":true}]}}