{"id":7023,"date":"2024-02-19T09:33:08","date_gmt":"2024-02-19T12:33:08","guid":{"rendered":"https:\/\/proservice.com.ar\/?post_type=product&#038;p=7023"},"modified":"2025-10-15T15:08:40","modified_gmt":"2025-10-15T18:08:40","slug":"hollyland-venusliv-v2-all-in-one-live-streaming-camera","status":"publish","type":"product","link":"https:\/\/proservice.com.ar\/index.php\/product\/hollyland-venusliv-v2-all-in-one-live-streaming-camera\/","title":{"rendered":"Hollyland VenusLiv V2 All-in-One Live Streaming Camera(Discontinuado)"},"content":{"rendered":"<p>Transmita en vivo secuencias de hasta 4K30 con facilidad usando la c\u00e1mara de transmisi\u00f3n en vivo todo en uno VenusLiv V2 de Hollyland . Esta segunda versi\u00f3n cuenta con las mismas capacidades de transmisi\u00f3n en vivo con un solo toque con una resoluci\u00f3n mejorada y aplicaciones preinstaladas para la integraci\u00f3n con las redes sociales. Esta innovadora c\u00e1mara cuenta con todo lo que necesita para transmitir en vivo las 24 horas del d\u00eda, los 7 d\u00edas de la semana con sus vers\u00e1tiles opciones de alimentaci\u00f3n por bater\u00eda de la serie L o CC, compatibilidad con UVC, transmisi\u00f3n RTMP a CDN populares, enfoque autom\u00e1tico, modos horizontales o verticales, correcci\u00f3n de color y zoom, todo utilizando el poderoso y f\u00e1cil de usar HollyOS 2.0.<br \/>\nGraba videos en resoluci\u00f3n 4K30 con la lente VenusLiv V2 mejorada para una transmisi\u00f3n en vivo clara y detallada. La lente tiene 12 MP de p\u00edxeles efectivos con una apertura de f\/1.2 y un \u00e1ngulo de visi\u00f3n de 80\u00b0. Enf\u00f3cate en objetos que est\u00e9n a 19,7&#8243; o m\u00e1s lejos con el zoom de 6x. El rendimiento mejorado de la CPU y del procesador de se\u00f1al de imagen ofrece una transmisi\u00f3n en vivo perfecta con una reproducci\u00f3n de color confiable.<br \/>\nVenusLiv V2 utiliza el protocolo de mensajer\u00eda en tiempo real (RTMP) para transmitir contenido con solo ingresar una URL de transmisi\u00f3n. Disfrute de la flexibilidad de transmitir en plataformas como YouTube, Facebook, Instagram, Twitter y otras. VenusLiv V2 almacena su URL de transmisi\u00f3n para uso futuro, lo que facilita volver a transmitir en vivo con solo un toque. VenusLiv ofrece conexiones r\u00e1pidas y confiables de doble banda Wi-Fi, Bluetooth 5.1 o puerto LAN, lo que le permite seleccionar la opci\u00f3n de conexi\u00f3n que se adapte a sus necesidades.<br \/>\nLa clase de video USB (UVC) de VenusLiv V2 garantiza una transmisi\u00f3n de video fluida sin necesidad de tarjetas de captura externas. Para disfrutar de una transmisi\u00f3n ultrarr\u00e1pida, simplemente conecte su computadora a VenusLiv V2 con el cable USB incluido.<br \/>\nLa c\u00e1mara VenusLiv V2 cuenta con una pantalla t\u00e1ctil de 5 pulgadas de alta definici\u00f3n que se puede girar c\u00f3modamente, lo que le permite capturar y monitorear f\u00e1cilmente sus escenas de transmisi\u00f3n en vivo. Experimente im\u00e1genes asombrosas y colores realistas que rivalizan con los de los monitores profesionales. Gracias a su calibraci\u00f3n de color CalMAN, puede confiar en que los colores que se muestran en la pantalla representan con precisi\u00f3n la escena en tiempo real.<\/p>\n<p><strong>Caracter\u00edsticas principales:<\/strong><\/p>\n<ul>\n<li>C\u00e1mara 4K con transmisi\u00f3n en vivo las 24 horas, los 7 d\u00edas de la semana<\/li>\n<li>Salida horizontal y vertical<\/li>\n<li>Pantalla t\u00e1ctil de 5&#8243;, HollyOS 2.0<\/li>\n<li>RTMP, UVC, LAN, Bluetooth y Wi-Fi<\/li>\n<li>Lente zoom 6x con \u00e1ngulo de visi\u00f3n de 80\u00b0<\/li>\n<li>C\u00e1mara 4K con transmisi\u00f3n en vivo las 24 horas, los 7 d\u00edas de la semana<\/li>\n<li>Salida horizontal y vertical<\/li>\n<li>Pantalla t\u00e1ctil de 5&#8243;, HollyOS 2.0<\/li>\n<li>RTMP, UVC, LAN, Bluetooth y Wi-Fi<\/li>\n<li>Lente zoom 6x con \u00e1ngulo de visi\u00f3n de 80\u00b0<\/li>\n<\/ul>\n","protected":false},"excerpt":{"rendered":"<p>HL-VENUSLIV V2<\/p>\n","protected":false},"featured_media":7028,"template":"","meta":{"om_disable_all_campaigns":false},"pwb-brand":[],"product_brand":[],"product_cat":[15,77],"product_tag":[595],"class_list":{"0":"post-7023","1":"product","2":"type-product","3":"status-publish","4":"has-post-thumbnail","6":"product_cat-camera","7":"product_cat-hollyland","8":"product_tag-hl-venusliv-v2","10":"first","11":"outofstock","12":"shipping-taxable","13":"product-type-simple"},"aioseo_notices":[],"jetpack_sharing_enabled":true,"brands":[],"_links":{"self":[{"href":"https:\/\/proservice.com.ar\/index.php\/wp-json\/wp\/v2\/product\/7023","targetHints":{"allow":["GET"]}}],"collection":[{"href":"https:\/\/proservice.com.ar\/index.php\/wp-json\/wp\/v2\/product"}],"about":[{"href":"https:\/\/proservice.com.ar\/index.php\/wp-json\/wp\/v2\/types\/product"}],"wp:featuredmedia":[{"embeddable":true,"href":"https:\/\/proservice.com.ar\/index.php\/wp-json\/wp\/v2\/media\/7028"}],"wp:attachment":[{"href":"https:\/\/proservice.com.ar\/index.php\/wp-json\/wp\/v2\/media?parent=7023"}],"wp:term":[{"taxonomy":"pwb-brand","embeddable":true,"href":"https:\/\/proservice.com.ar\/index.php\/wp-json\/wp\/v2\/pwb-brand?post=7023"},{"taxonomy":"product_brand","embeddable":true,"href":"https:\/\/proservice.com.ar\/index.php\/wp-json\/wp\/v2\/product_brand?post=7023"},{"taxonomy":"product_cat","embeddable":true,"href":"https:\/\/proservice.com.ar\/index.php\/wp-json\/wp\/v2\/product_cat?post=7023"},{"taxonomy":"product_tag","embeddable":true,"href":"https:\/\/proservice.com.ar\/index.php\/wp-json\/wp\/v2\/product_tag?post=7023"}],"curies":[{"name":"wp","href":"https:\/\/api.w.org\/{rel}","templated":true}]}}