{"id":7029,"date":"2024-02-19T09:48:38","date_gmt":"2024-02-19T12:48:38","guid":{"rendered":"https:\/\/proservice.com.ar\/?post_type=product&#038;p=7029"},"modified":"2025-06-10T16:30:34","modified_gmt":"2025-06-10T19:30:34","slug":"hollyland-solidcom-c1-hub8s-full-duplex-wireless-dect-intercom-system-with-9-headsets-and-hub-base-1-9-ghz","status":"publish","type":"product","link":"https:\/\/proservice.com.ar\/index.php\/product\/hollyland-solidcom-c1-hub8s-full-duplex-wireless-dect-intercom-system-with-9-headsets-and-hub-base-1-9-ghz\/","title":{"rendered":"Hollyland Solidcom C1-HUB8S Full-Duplex Wireless DECT Intercom System with 9 Headsets and HUB Base (1.9 GHz)"},"content":{"rendered":"<p>El Hollyland Solidcom C1-HUB8S es un sistema de intercomunicaci\u00f3n DECT inal\u00e1mbrico full-duplex dise\u00f1ado para brindar un audio claro y comodidad durante todo el d\u00eda en un dise\u00f1o verdaderamente inal\u00e1mbrico que no requiere un dispositivo port\u00e1til. Esta configuraci\u00f3n incluye ocho auriculares inal\u00e1mbricos remotos de un solo lado junto con ocho bater\u00edas recargables, un cargador, la base C1 HUB con auriculares con cable y accesorios. El sistema utiliza encriptaci\u00f3n DECT 6.0 y tecnolog\u00eda de doble antena para garantizar una transmisi\u00f3n segura y confiable en un rango de hasta 1000&#8242;, lo que lo hace ideal para una variedad de aplicaciones, incluidas producciones cinematogr\u00e1ficas, conciertos y eventos p\u00fablicos.<br \/>\nSi bien se pueden usar hasta 6 auriculares sin un HUB, la base HUB incluida le permite usar 8 auriculares remotos al mismo tiempo y ofrece funciones adicionales, que incluyen agrupaci\u00f3n A\/B y una tecla de anuncio para emergencias. El HUB cuenta con un auricular con cable con un enchufe de 3,5 mm. El sistema se puede expandir con unidades HUB y auriculares adicionales (disponibles por separado) para acomodar hasta 24 auriculares remotos. El HUB en este sistema solo acepta bater\u00edas con montura G de f\u00e1brica. Los adaptadores con montura V no est\u00e1n incluidos<\/p>\n<p><strong>Caracter\u00edsticas principales:<\/strong><\/p>\n<ul>\n<li>Amplia respuesta de frecuencia para un audio n\u00edtido<\/li>\n<li>8 auriculares verdaderamente inal\u00e1mbricos, sin petacas<\/li>\n<li>HUB con auriculares con cable<\/li>\n<li>C\u00f3modo de llevar durante todo el d\u00eda.<\/li>\n<li>Alcance operativo bidireccional de 300 m<\/li>\n<li>DECT 6.0 para estabilidad y seguridad<\/li>\n<li>Emparejamiento instant\u00e1neo, f\u00e1cil de usar<\/li>\n<li>Cancelaci\u00f3n de eco ac\u00fastico<\/li>\n<\/ul>\n","protected":false},"excerpt":{"rendered":"<p>HL-SOLIDCOM C1-HUB8S<\/p>\n","protected":false},"featured_media":7030,"template":"","meta":{"om_disable_all_campaigns":false},"pwb-brand":[],"product_brand":[],"product_cat":[55,77,640],"product_tag":[596],"class_list":{"0":"post-7029","1":"product","2":"type-product","3":"status-publish","4":"has-post-thumbnail","6":"product_cat-audio","7":"product_cat-hollyland","8":"product_cat-intercom","9":"product_tag-hl-solidcom-c1-hub8s","11":"first","12":"onbackorder","13":"shipping-taxable","14":"product-type-simple"},"aioseo_notices":[],"jetpack_sharing_enabled":true,"brands":[],"_links":{"self":[{"href":"https:\/\/proservice.com.ar\/index.php\/wp-json\/wp\/v2\/product\/7029","targetHints":{"allow":["GET"]}}],"collection":[{"href":"https:\/\/proservice.com.ar\/index.php\/wp-json\/wp\/v2\/product"}],"about":[{"href":"https:\/\/proservice.com.ar\/index.php\/wp-json\/wp\/v2\/types\/product"}],"wp:featuredmedia":[{"embeddable":true,"href":"https:\/\/proservice.com.ar\/index.php\/wp-json\/wp\/v2\/media\/7030"}],"wp:attachment":[{"href":"https:\/\/proservice.com.ar\/index.php\/wp-json\/wp\/v2\/media?parent=7029"}],"wp:term":[{"taxonomy":"pwb-brand","embeddable":true,"href":"https:\/\/proservice.com.ar\/index.php\/wp-json\/wp\/v2\/pwb-brand?post=7029"},{"taxonomy":"product_brand","embeddable":true,"href":"https:\/\/proservice.com.ar\/index.php\/wp-json\/wp\/v2\/product_brand?post=7029"},{"taxonomy":"product_cat","embeddable":true,"href":"https:\/\/proservice.com.ar\/index.php\/wp-json\/wp\/v2\/product_cat?post=7029"},{"taxonomy":"product_tag","embeddable":true,"href":"https:\/\/proservice.com.ar\/index.php\/wp-json\/wp\/v2\/product_tag?post=7029"}],"curies":[{"name":"wp","href":"https:\/\/api.w.org\/{rel}","templated":true}]}}