{"id":7051,"date":"2024-02-19T10:19:11","date_gmt":"2024-02-19T13:19:11","guid":{"rendered":"https:\/\/proservice.com.ar\/?post_type=product&#038;p=7051"},"modified":"2025-06-10T16:17:12","modified_gmt":"2025-06-10T19:17:12","slug":"hollyland-solidcom-c1-pro-6s-full-duplex-enc-wireless-intercom-system-with-6-headsets-1-9-ghz","status":"publish","type":"product","link":"https:\/\/proservice.com.ar\/index.php\/product\/hollyland-solidcom-c1-pro-6s-full-duplex-enc-wireless-intercom-system-with-6-headsets-1-9-ghz\/","title":{"rendered":"Hollyland Solidcom C1 Pro-6S Full-Duplex ENC Wireless Intercom System with 6 Headsets (1.9 GHz)"},"content":{"rendered":"<p>El Hollyland Solidcom C1 Pro-6S es un sistema de intercomunicaci\u00f3n DECT inal\u00e1mbrico full-duplex que cuenta con cancelaci\u00f3n de ruido ambiental (ENC) de dos micr\u00f3fonos para su uso en entornos ruidosos y est\u00e1 dise\u00f1ado para brindar un audio claro y comodidad durante todo el d\u00eda en un dise\u00f1o verdaderamente inal\u00e1mbrico que no requiere transmisor de cuerpo ni concentrador. Esta configuraci\u00f3n incluye 6 auriculares de un solo lado, 1 receptor maestro y 5 controles remotos, junto con bater\u00edas recargables, un cargador y accesorios. El sistema transmite en el espectro de 1,9 GHz y utiliza tecnolog\u00eda DECT 6.0 probada para garantizar una transmisi\u00f3n segura y confiable en un rango de l\u00ednea de visi\u00f3n de hasta 350m , lo que lo hace ideal para una variedad de aplicaciones, incluidas la producci\u00f3n de pel\u00edculas y televisi\u00f3n, conciertos y eventos en vivo.<\/p>\n<p><strong>Caracter\u00edsticas principales:<\/strong><\/p>\n<ul>\n<li>Cancelaci\u00f3n de ruido ambiental con dos micr\u00f3fonos<\/li>\n<li>Tecnolog\u00eda DECT 6.0 de 1,9 GHz confiable<\/li>\n<li>Auriculares verdaderamente inal\u00e1mbricos, sin petaca<\/li>\n<li>C\u00f3modo dise\u00f1o de auriculares de una sola oreja<\/li>\n<li>Amplia respuesta de frecuencia para un audio n\u00edtido<\/li>\n<li>Alcance operativo bidireccional de 350m<\/li>\n<li>Bot\u00f3n de silencio\/PTT o girar el brazo para silenciar<\/li>\n<li>Incluye pilas y cargador<\/li>\n<li>Sistema expandible<\/li>\n<li>Compatible con versiones anteriores de Solidcom C1<\/li>\n<\/ul>\n","protected":false},"excerpt":{"rendered":"<p>SOLIDCOM C1 PRO-6S<\/p>\n","protected":false},"featured_media":7053,"template":"","meta":{"om_disable_all_campaigns":false},"pwb-brand":[],"product_brand":[],"product_cat":[55,77,640],"product_tag":[107],"class_list":{"0":"post-7051","1":"product","2":"type-product","3":"status-publish","4":"has-post-thumbnail","6":"product_cat-audio","7":"product_cat-hollyland","8":"product_cat-intercom","9":"product_tag-solidcom-c1-pro-6s","11":"first","12":"onbackorder","13":"shipping-taxable","14":"product-type-simple"},"aioseo_notices":[],"jetpack_sharing_enabled":true,"brands":[],"_links":{"self":[{"href":"https:\/\/proservice.com.ar\/index.php\/wp-json\/wp\/v2\/product\/7051","targetHints":{"allow":["GET"]}}],"collection":[{"href":"https:\/\/proservice.com.ar\/index.php\/wp-json\/wp\/v2\/product"}],"about":[{"href":"https:\/\/proservice.com.ar\/index.php\/wp-json\/wp\/v2\/types\/product"}],"wp:featuredmedia":[{"embeddable":true,"href":"https:\/\/proservice.com.ar\/index.php\/wp-json\/wp\/v2\/media\/7053"}],"wp:attachment":[{"href":"https:\/\/proservice.com.ar\/index.php\/wp-json\/wp\/v2\/media?parent=7051"}],"wp:term":[{"taxonomy":"pwb-brand","embeddable":true,"href":"https:\/\/proservice.com.ar\/index.php\/wp-json\/wp\/v2\/pwb-brand?post=7051"},{"taxonomy":"product_brand","embeddable":true,"href":"https:\/\/proservice.com.ar\/index.php\/wp-json\/wp\/v2\/product_brand?post=7051"},{"taxonomy":"product_cat","embeddable":true,"href":"https:\/\/proservice.com.ar\/index.php\/wp-json\/wp\/v2\/product_cat?post=7051"},{"taxonomy":"product_tag","embeddable":true,"href":"https:\/\/proservice.com.ar\/index.php\/wp-json\/wp\/v2\/product_tag?post=7051"}],"curies":[{"name":"wp","href":"https:\/\/api.w.org\/{rel}","templated":true}]}}