{"id":7093,"date":"2024-02-19T12:12:30","date_gmt":"2024-02-19T15:12:30","guid":{"rendered":"https:\/\/proservice.com.ar\/?post_type=product&#038;p=7093"},"modified":"2025-06-10T16:06:42","modified_gmt":"2025-06-10T19:06:42","slug":"hollyland-solidcom-c1-pro-roaming-hub-v-mount-1-9-ghz","status":"publish","type":"product","link":"https:\/\/proservice.com.ar\/index.php\/product\/hollyland-solidcom-c1-pro-roaming-hub-v-mount-1-9-ghz\/","title":{"rendered":"Hollyland Solidcom C1 Pro Roaming Hub (V-Mount, 1.9 GHz)"},"content":{"rendered":"<p>Dise\u00f1ado teniendo en cuenta las necesidades expresas de los clientes, Solidcom C1 Pro \u2013 Roaming Hub ofrece compatibilidad con hasta 20 auriculares y 6 grupos, itinerancia ininterrumpida, un amplio alcance de 500\u00a0m y compatibilidad con versiones anteriores, entre otras potentes funciones y caracter\u00edsticas. Esta innovadora soluci\u00f3n sin duda ayudar\u00e1 a los usuarios de todos los estilos de comunicaci\u00f3n, incluida la producci\u00f3n de cine y v\u00eddeo, y elevar\u00e1 su experiencia comunicativa a nuevos niveles.<\/p>\n<p>Solidcom C1 Pro \u2013 Roaming Hub admite por s\u00ed solo hasta 20 auriculares sin necesidad de conexi\u00f3n en cascada, lo que facilita la configuraci\u00f3n y reduce el desorden de cables. Gracias a este revolucionario sistema, se pueden satisfacer f\u00e1cilmente las necesidades de comunicaci\u00f3n de muchas aplicaciones diferentes.<\/p>\n<div class=\"section-title hl-fade\">Itinerancia ininterrumpida.<\/div>\n<div class=\"section-description hl-fade\">La capacidad de itinerancia ininterrumpida de Solidcom C1 Pro \u2013 Roaming Hub garantiza una comunicaci\u00f3n eficaz entre paredes o estructuras complejas en las que suelen producirse interrupciones de vez en cuando, ideal para los miembros del equipo de producci\u00f3n que necesitan desplazarse libremente y sin cables de una zona de cobertura a otra. Disfrute de una comunicaci\u00f3n coherente, sin importar ad\u00f3nde le lleve su trabajo.<\/div>\n<p><strong>Caracter\u00edsticas principales:<\/strong><\/p>\n<ul>\n<li>Comunicaci\u00f3n para el equipo de producci\u00f3n m\u00f3vil<\/li>\n<li>Tecnolog\u00eda DECT 6.0 de 1,9 GHz confiable<\/li>\n<li>Hub con soporte en V para una movilidad sin interrupciones<\/li>\n<li>Amplia respuesta de frecuencia para un audio n\u00edtido<\/li>\n<li>Alcance operativo de 488m , control mediante aplicaci\u00f3n<\/li>\n<li>Compatible con versiones anteriores de Solidcom C1<\/li>\n<\/ul>\n","protected":false},"excerpt":{"rendered":"<p>SOLIDCOM ROAMING HUB VM<\/p>\n","protected":false},"featured_media":7095,"template":"","meta":{"om_disable_all_campaigns":false},"pwb-brand":[],"product_brand":[],"product_cat":[55,77,640],"product_tag":[600],"class_list":{"0":"post-7093","1":"product","2":"type-product","3":"status-publish","4":"has-post-thumbnail","6":"product_cat-audio","7":"product_cat-hollyland","8":"product_cat-intercom","9":"product_tag-solidcom-roaming-hub-vm","11":"first","12":"onbackorder","13":"shipping-taxable","14":"product-type-simple"},"aioseo_notices":[],"jetpack_sharing_enabled":true,"brands":[],"_links":{"self":[{"href":"https:\/\/proservice.com.ar\/index.php\/wp-json\/wp\/v2\/product\/7093","targetHints":{"allow":["GET"]}}],"collection":[{"href":"https:\/\/proservice.com.ar\/index.php\/wp-json\/wp\/v2\/product"}],"about":[{"href":"https:\/\/proservice.com.ar\/index.php\/wp-json\/wp\/v2\/types\/product"}],"wp:featuredmedia":[{"embeddable":true,"href":"https:\/\/proservice.com.ar\/index.php\/wp-json\/wp\/v2\/media\/7095"}],"wp:attachment":[{"href":"https:\/\/proservice.com.ar\/index.php\/wp-json\/wp\/v2\/media?parent=7093"}],"wp:term":[{"taxonomy":"pwb-brand","embeddable":true,"href":"https:\/\/proservice.com.ar\/index.php\/wp-json\/wp\/v2\/pwb-brand?post=7093"},{"taxonomy":"product_brand","embeddable":true,"href":"https:\/\/proservice.com.ar\/index.php\/wp-json\/wp\/v2\/product_brand?post=7093"},{"taxonomy":"product_cat","embeddable":true,"href":"https:\/\/proservice.com.ar\/index.php\/wp-json\/wp\/v2\/product_cat?post=7093"},{"taxonomy":"product_tag","embeddable":true,"href":"https:\/\/proservice.com.ar\/index.php\/wp-json\/wp\/v2\/product_tag?post=7093"}],"curies":[{"name":"wp","href":"https:\/\/api.w.org\/{rel}","templated":true}]}}