{"id":7104,"date":"2023-02-19T14:45:54","date_gmt":"2023-02-19T17:45:54","guid":{"rendered":"https:\/\/proservice.com.ar\/?post_type=product&#038;p=7104"},"modified":"2025-05-22T13:29:48","modified_gmt":"2025-05-22T16:29:48","slug":"hollyland-solidcom-c1-pro-roaming-hub-10s-full-duplex-wireless-intercom-system-with-10-single-ear-headsets-v-mount-1-9-ghz","status":"publish","type":"product","link":"https:\/\/proservice.com.ar\/index.php\/product\/hollyland-solidcom-c1-pro-roaming-hub-10s-full-duplex-wireless-intercom-system-with-10-single-ear-headsets-v-mount-1-9-ghz\/","title":{"rendered":"Hollyland Solidcom C1 Pro Roaming Hub 10S Full-Duplex Wireless Intercom System with 10 Single-Ear Headsets (V-Mount, 1.9 GHz)"},"content":{"rendered":"<p>Dise\u00f1ado para equipos de producci\u00f3n m\u00f3viles y con cancelaci\u00f3n de ruido ambiental (ENC) de dos micr\u00f3fonos para usar en entornos ruidosos, el Hollyland Solidcom C1 Pro Roaming Hub 10S es un sistema de intercomunicaci\u00f3n DECT inal\u00e1mbrico full-duplex con concentrador dise\u00f1ado para brindar un audio claro y comodidad durante todo el d\u00eda en un dise\u00f1o verdaderamente inal\u00e1mbrico sin necesidad de un dispositivo port\u00e1til. Esta configuraci\u00f3n incluye 10 auriculares de un solo o\u00eddo, junto con 20 bater\u00edas recargables, una estaci\u00f3n de carga de 8 bah\u00edas y accesorios.<br \/>\nEl sistema transmite en el espectro de 1,9 GHz y utiliza tecnolog\u00eda DECT 6.0 probada para garantizar una transmisi\u00f3n segura y confiable en un rango de l\u00ednea de visi\u00f3n de hasta 1600&#8242;, lo que lo hace ideal para una variedad de aplicaciones, incluidas la producci\u00f3n de pel\u00edculas y televisi\u00f3n, conciertos y eventos en vivo.<\/p>\n<p>Caracter\u00edsticas principales:<br \/>\nComunicaci\u00f3n para el equipo de producci\u00f3n m\u00f3vil<br \/>\nCancelaci\u00f3n de ruido ambiental con dos micr\u00f3fonos<br \/>\nTecnolog\u00eda DECT 6.0 de 1,9 GHz confiable<br \/>\nHub con soporte en V para una movilidad sin interrupciones<br \/>\n10 auriculares de un solo o\u00eddo, ampliables a 20<br \/>\nAmplia respuesta de frecuencia para un audio n\u00edtido<br \/>\nAlcance operativo bidireccional de 1600 pies, control mediante aplicaci\u00f3n<br \/>\nBot\u00f3n de silencio\/PTT o girar el brazo para silenciar<br \/>\nIncluye bater\u00edas para auriculares y cargador.<br \/>\nCompatible con versiones anteriores de Solidcom C1<\/p>\n","protected":false},"excerpt":{"rendered":"<p>SOLIDCOM C1 PRO &#8211; ROAMING HUB 10S VM<\/p>\n","protected":false},"featured_media":7105,"template":"","meta":{"om_disable_all_campaigns":false},"pwb-brand":[],"product_brand":[],"product_cat":[55,77,640],"product_tag":[603],"class_list":{"0":"post-7104","1":"product","2":"type-product","3":"status-publish","4":"has-post-thumbnail","6":"product_cat-audio","7":"product_cat-hollyland","8":"product_cat-intercom","9":"product_tag-solidcom-c1-pro-roaming-hub-10s-vm","11":"first","12":"onbackorder","13":"shipping-taxable","14":"product-type-simple"},"aioseo_notices":[],"jetpack_sharing_enabled":true,"brands":[],"_links":{"self":[{"href":"https:\/\/proservice.com.ar\/index.php\/wp-json\/wp\/v2\/product\/7104","targetHints":{"allow":["GET"]}}],"collection":[{"href":"https:\/\/proservice.com.ar\/index.php\/wp-json\/wp\/v2\/product"}],"about":[{"href":"https:\/\/proservice.com.ar\/index.php\/wp-json\/wp\/v2\/types\/product"}],"wp:featuredmedia":[{"embeddable":true,"href":"https:\/\/proservice.com.ar\/index.php\/wp-json\/wp\/v2\/media\/7105"}],"wp:attachment":[{"href":"https:\/\/proservice.com.ar\/index.php\/wp-json\/wp\/v2\/media?parent=7104"}],"wp:term":[{"taxonomy":"pwb-brand","embeddable":true,"href":"https:\/\/proservice.com.ar\/index.php\/wp-json\/wp\/v2\/pwb-brand?post=7104"},{"taxonomy":"product_brand","embeddable":true,"href":"https:\/\/proservice.com.ar\/index.php\/wp-json\/wp\/v2\/product_brand?post=7104"},{"taxonomy":"product_cat","embeddable":true,"href":"https:\/\/proservice.com.ar\/index.php\/wp-json\/wp\/v2\/product_cat?post=7104"},{"taxonomy":"product_tag","embeddable":true,"href":"https:\/\/proservice.com.ar\/index.php\/wp-json\/wp\/v2\/product_tag?post=7104"}],"curies":[{"name":"wp","href":"https:\/\/api.w.org\/{rel}","templated":true}]}}