{"id":7140,"date":"2022-02-28T09:55:51","date_gmt":"2022-02-28T12:55:51","guid":{"rendered":"https:\/\/proservice.com.ar\/?post_type=product&#038;p=7140"},"modified":"2026-05-08T10:23:58","modified_gmt":"2026-05-08T13:23:58","slug":"aida-imaging-3-6-11mm-f-1-6-varifocal-4k-lens-cs-mount","status":"publish","type":"product","link":"https:\/\/proservice.com.ar\/index.php\/product\/aida-imaging-3-6-11mm-f-1-6-varifocal-4k-lens-cs-mount\/","title":{"rendered":"AIDA Imaging 3.6-11mm f\/1.6 Varifocal 4K Lens (CS-Mount)"},"content":{"rendered":"<p>La lente varifocal de 3,6-11 mm con montura CS es una lente con iris DC autom\u00e1tico que est\u00e1 optimizada y ajustada para su uso con c\u00e1maras industriales con sensor CMOS de 1\/2,5&#8243; y 4K de AIDA Imaging. Su campo de visi\u00f3n var\u00eda de 71,4 a 23,37\u00b0 para c\u00e1maras con sensor de 1\/2,5&#8243;. Las caracter\u00edsticas de la lente incluyen una apertura m\u00e1xima r\u00e1pida de f\/1,6 y controles de zoom y enfoque manuales.<\/p>\n<p><strong>Caracter\u00edsticas principales:\u00a0<\/strong><br \/>\nRango varifocal de 3,6 a 11 mm<br \/>\nControl autom\u00e1tico de iris de CC<br \/>\nApertura m\u00e1xima r\u00e1pida de f\/1,6<br \/>\nOptimizado para c\u00e1maras AIDA 4K<\/p>\n","protected":false},"excerpt":{"rendered":"<p>CS4K-3611V<\/p>\n","protected":false},"featured_media":7141,"template":"","meta":{"om_disable_all_campaigns":false},"pwb-brand":[],"product_brand":[],"product_cat":[70],"product_tag":[461],"class_list":{"0":"post-7140","1":"product","2":"type-product","3":"status-publish","4":"has-post-thumbnail","6":"product_cat-aida","7":"product_tag-cs4k-3611v","9":"first","10":"outofstock","11":"sale","12":"shipping-taxable","13":"product-type-simple"},"aioseo_notices":[],"jetpack_sharing_enabled":true,"brands":[],"_links":{"self":[{"href":"https:\/\/proservice.com.ar\/index.php\/wp-json\/wp\/v2\/product\/7140","targetHints":{"allow":["GET"]}}],"collection":[{"href":"https:\/\/proservice.com.ar\/index.php\/wp-json\/wp\/v2\/product"}],"about":[{"href":"https:\/\/proservice.com.ar\/index.php\/wp-json\/wp\/v2\/types\/product"}],"wp:featuredmedia":[{"embeddable":true,"href":"https:\/\/proservice.com.ar\/index.php\/wp-json\/wp\/v2\/media\/7141"}],"wp:attachment":[{"href":"https:\/\/proservice.com.ar\/index.php\/wp-json\/wp\/v2\/media?parent=7140"}],"wp:term":[{"taxonomy":"pwb-brand","embeddable":true,"href":"https:\/\/proservice.com.ar\/index.php\/wp-json\/wp\/v2\/pwb-brand?post=7140"},{"taxonomy":"product_brand","embeddable":true,"href":"https:\/\/proservice.com.ar\/index.php\/wp-json\/wp\/v2\/product_brand?post=7140"},{"taxonomy":"product_cat","embeddable":true,"href":"https:\/\/proservice.com.ar\/index.php\/wp-json\/wp\/v2\/product_cat?post=7140"},{"taxonomy":"product_tag","embeddable":true,"href":"https:\/\/proservice.com.ar\/index.php\/wp-json\/wp\/v2\/product_tag?post=7140"}],"curies":[{"name":"wp","href":"https:\/\/api.w.org\/{rel}","templated":true}]}}