{"id":7156,"date":"2022-02-28T11:30:13","date_gmt":"2022-02-28T14:30:13","guid":{"rendered":"https:\/\/proservice.com.ar\/?post_type=product&#038;p=7156"},"modified":"2025-06-27T12:10:08","modified_gmt":"2025-06-27T15:10:08","slug":"aida-imaging-full-hd-ndi-hx-ip-streaming-weatherproof-pov-camera","status":"publish","type":"product","link":"https:\/\/proservice.com.ar\/index.php\/product\/aida-imaging-full-hd-ndi-hx-ip-streaming-weatherproof-pov-camera\/","title":{"rendered":"AIDA Imaging Full HD NDI HX \/ IP Streaming Weatherproof POV Camera"},"content":{"rendered":"<p>La c\u00e1mara POV Full HD NDI|HX \/ IP resistente a la intemperie de AIDA ofrece salida IP y NDI en un formato ultracompacto para aplicaciones de transmisi\u00f3n POV en transmisi\u00f3n, educaci\u00f3n, medicina, producci\u00f3n en vivo y otros campos. Este modelo HD-NDI-IP67 cuenta con resistencia a la intemperie, por lo que se puede integrar f\u00e1cilmente en un entorno exterior. Emite transmisi\u00f3n IP con velocidad de cuadros variable a trav\u00e9s de RTSP\/RTMP y\/o NDI|HX con una resoluci\u00f3n de hasta 1080p60.<\/p>\n<p>Un cable adaptador de 10&#8242; de largo transmite tanto la transmisi\u00f3n RTSP\/RTMP como NDI|HX a trav\u00e9s de un solo cable Ethernet, y admite el protocolo de control VISCA sobre IP. La c\u00e1mara se puede alimentar mediante el adaptador de corriente incluido o mediante el adaptador PoE incluido en una red compatible con PoE con el adaptador. Cuenta con una montura de lente C\/CS y viene con una lente HD de 4 mm preinstalada. NDI|HX es un est\u00e1ndar bidireccional que permite a los sistemas de video identificarse y comunicarse entre s\u00ed a trav\u00e9s de IP, y codificar, transmitir y recibir m\u00faltiples transmisiones de video con calidad de transmisi\u00f3n, baja latencia y precisi\u00f3n de cuadro, y audio multicanal en tiempo real.<\/p>\n<p>Caracter\u00edsticas principales:<br \/>\nC\u00e1mara miniatura compacta para aplicaciones de transmisi\u00f3n POV en transmisi\u00f3n, educaci\u00f3n, medicina, producci\u00f3n en vivo, deportes y otros campos<br \/>\nLa clasificaci\u00f3n IP67 a prueba de intemperie permite protecci\u00f3n adicional contra los elementos ambientales.<br \/>\nSensor CMOS de escaneo progresivo Full HD de 1\/3&#8243; capaz de reproducir video NDI|HX de 1080p60<br \/>\nInterfaz web accesible para transmitir directamente a plataformas de redes sociales y controlar par\u00e1metros de imagen a trav\u00e9s de IP<br \/>\nDise\u00f1o vers\u00e1til con soportes para tr\u00edpode superiores e inferiores para crear fotograf\u00edas \u00fanicas<br \/>\nAdecuado para tomas al aire libre y cualquier configuraci\u00f3n NDI|HX nueva o existente<br \/>\nMontura de lente C\/CS<br \/>\nLente HD de 4 mm preinstalada<br \/>\nSoporte de control VISCA sobre IP<\/p>\n","protected":false},"excerpt":{"rendered":"<p>La c\u00e1mara POV Full HD NDI|HX \/ IP resistente a la intemperie de AIDA ofrece salida IP y NDI en un formato ultracompacto para aplicaciones de transmisi\u00f3n POV en transmisi\u00f3n, educaci\u00f3n, medicina, producci\u00f3n en vivo y otros campos. Este modelo HD-NDI-IP67 cuenta con resistencia a la intemperie, por lo que se puede integrar f\u00e1cilmente en [&hellip;]<\/p>\n","protected":false},"featured_media":7159,"template":"","meta":{"om_disable_all_campaigns":false},"pwb-brand":[],"product_brand":[],"product_cat":[70,15],"product_tag":[608],"class_list":{"0":"post-7156","1":"product","2":"type-product","3":"status-publish","4":"has-post-thumbnail","6":"product_cat-aida","7":"product_cat-camera","8":"product_tag-hd-ndi-ip67","10":"first","11":"onbackorder","12":"shipping-taxable","13":"product-type-simple"},"aioseo_notices":[],"jetpack_sharing_enabled":true,"brands":[],"_links":{"self":[{"href":"https:\/\/proservice.com.ar\/index.php\/wp-json\/wp\/v2\/product\/7156","targetHints":{"allow":["GET"]}}],"collection":[{"href":"https:\/\/proservice.com.ar\/index.php\/wp-json\/wp\/v2\/product"}],"about":[{"href":"https:\/\/proservice.com.ar\/index.php\/wp-json\/wp\/v2\/types\/product"}],"wp:featuredmedia":[{"embeddable":true,"href":"https:\/\/proservice.com.ar\/index.php\/wp-json\/wp\/v2\/media\/7159"}],"wp:attachment":[{"href":"https:\/\/proservice.com.ar\/index.php\/wp-json\/wp\/v2\/media?parent=7156"}],"wp:term":[{"taxonomy":"pwb-brand","embeddable":true,"href":"https:\/\/proservice.com.ar\/index.php\/wp-json\/wp\/v2\/pwb-brand?post=7156"},{"taxonomy":"product_brand","embeddable":true,"href":"https:\/\/proservice.com.ar\/index.php\/wp-json\/wp\/v2\/product_brand?post=7156"},{"taxonomy":"product_cat","embeddable":true,"href":"https:\/\/proservice.com.ar\/index.php\/wp-json\/wp\/v2\/product_cat?post=7156"},{"taxonomy":"product_tag","embeddable":true,"href":"https:\/\/proservice.com.ar\/index.php\/wp-json\/wp\/v2\/product_tag?post=7156"}],"curies":[{"name":"wp","href":"https:\/\/api.w.org\/{rel}","templated":true}]}}