{"id":7172,"date":"2022-02-28T12:40:13","date_gmt":"2022-02-28T15:40:13","guid":{"rendered":"https:\/\/proservice.com.ar\/?post_type=product&#038;p=7172"},"modified":"2025-06-27T14:16:45","modified_gmt":"2025-06-27T17:16:45","slug":"aida-imaging-uhd6g-x12l-4k-professional-efp-camera-2","status":"publish","type":"product","link":"https:\/\/proservice.com.ar\/index.php\/product\/aida-imaging-uhd6g-x12l-4k-professional-efp-camera-2\/","title":{"rendered":"AIDA Imaging UHD6G-X12L 4K Professional EFP Camera"},"content":{"rendered":"<p>La c\u00e1mara profesional EFP 4K UHD6G-X12L de AIDA Imaging tiene un sensor de imagen CMOS de escaneo progresivo de 1\/1,7&#8243; y admite una resoluci\u00f3n de hasta 4096 x 2160 a 20\/24p fps. Cuenta con un lente con zoom de 4,2 a 50,04 mm con un zoom \u00f3ptico de 12x UHD. Esta c\u00e1mara presenta sensibilidad y bajo nivel de ruido en condiciones de poca luz. Est\u00e1 impulsada por una tecnolog\u00eda de p\u00edxeles retroiluminados y logra una alta calidad de imagen 4K en la luz visible con un amplio rango din\u00e1mico. La UHD6G-X12L es robusta en sus caracter\u00edsticas f\u00edsicas con conjuntos de control expandidos a trav\u00e9s del protocolo VISCA, interfaces de salida simult\u00e1neas de audio y video dual (6G-SDI y HDMI 1.4). Est\u00e1 dise\u00f1ada para brindar versatilidad y durabilidad para una integraci\u00f3n fluida en cualquier entorno AV corporativo, profesional o de transmisi\u00f3n. Esta c\u00e1mara incluye un cable de conexi\u00f3n de control OSD y una fuente de alimentaci\u00f3n de 12 VCC y un adaptador de enchufe.<\/p>\n<p>Amplio rango din\u00e1mico<br \/>\nEstabilizaci\u00f3n de imagen digital<br \/>\nReducci\u00f3n de ruido 2D\/3D<br \/>\nObturador lento digital<br \/>\nNivel negro<br \/>\nCompensaci\u00f3n<br \/>\nDetecci\u00f3n de parpadeo<br \/>\nExcelente filtro de reducci\u00f3n de ruido temporal con compensaci\u00f3n de movimiento para videos en movimiento sin desenfoque<br \/>\nConforme a SMPTE 292M, 424M y 2081-10<\/p>\n","protected":false},"excerpt":{"rendered":"<p>UHD6G-X12L<\/p>\n","protected":false},"featured_media":7173,"template":"","meta":{"om_disable_all_campaigns":false},"pwb-brand":[],"product_brand":[],"product_cat":[70,15],"product_tag":[366],"class_list":{"0":"post-7172","1":"product","2":"type-product","3":"status-publish","4":"has-post-thumbnail","6":"product_cat-aida","7":"product_cat-camera","8":"product_tag-uhd6g-x12l","10":"first","11":"onbackorder","12":"shipping-taxable","13":"product-type-simple"},"aioseo_notices":[],"jetpack_sharing_enabled":true,"brands":[],"_links":{"self":[{"href":"https:\/\/proservice.com.ar\/index.php\/wp-json\/wp\/v2\/product\/7172","targetHints":{"allow":["GET"]}}],"collection":[{"href":"https:\/\/proservice.com.ar\/index.php\/wp-json\/wp\/v2\/product"}],"about":[{"href":"https:\/\/proservice.com.ar\/index.php\/wp-json\/wp\/v2\/types\/product"}],"wp:featuredmedia":[{"embeddable":true,"href":"https:\/\/proservice.com.ar\/index.php\/wp-json\/wp\/v2\/media\/7173"}],"wp:attachment":[{"href":"https:\/\/proservice.com.ar\/index.php\/wp-json\/wp\/v2\/media?parent=7172"}],"wp:term":[{"taxonomy":"pwb-brand","embeddable":true,"href":"https:\/\/proservice.com.ar\/index.php\/wp-json\/wp\/v2\/pwb-brand?post=7172"},{"taxonomy":"product_brand","embeddable":true,"href":"https:\/\/proservice.com.ar\/index.php\/wp-json\/wp\/v2\/product_brand?post=7172"},{"taxonomy":"product_cat","embeddable":true,"href":"https:\/\/proservice.com.ar\/index.php\/wp-json\/wp\/v2\/product_cat?post=7172"},{"taxonomy":"product_tag","embeddable":true,"href":"https:\/\/proservice.com.ar\/index.php\/wp-json\/wp\/v2\/product_tag?post=7172"}],"curies":[{"name":"wp","href":"https:\/\/api.w.org\/{rel}","templated":true}]}}