{"id":7193,"date":"2022-02-28T15:23:40","date_gmt":"2022-02-28T18:23:40","guid":{"rendered":"https:\/\/proservice.com.ar\/?post_type=product&#038;p=7193"},"modified":"2025-06-27T13:39:24","modified_gmt":"2025-06-27T16:39:24","slug":"aida-imaging-uhd-ndihx3-30x-zoom-pov-camera-2","status":"publish","type":"product","link":"https:\/\/proservice.com.ar\/index.php\/product\/aida-imaging-uhd-ndihx3-30x-zoom-pov-camera-2\/","title":{"rendered":"AIDA Imaging UHD NDI|HX3 30x Zoom POV Camera"},"content":{"rendered":"<p>Esta c\u00e1mara POV con zoom 30x UHD NDI|HX3 de AIDA Imaging ofrece video 4K60 a trav\u00e9s de salida HDMI o IP gracias a su compatibilidad nativa con NDI|HX3. Las se\u00f1ales de transmisi\u00f3n de baja latencia, la energ\u00eda y la comunicaci\u00f3n de datos se pueden enviar a trav\u00e9s de una sola conexi\u00f3n. La c\u00e1mara viene con un m\u00f3dulo de zoom \u00f3ptico 30x preinstalado para capturar im\u00e1genes a una distancia de hasta 150 pies.<\/p>\n<p>AIDA Imaging ofrece esta innovadora c\u00e1mara POV capaz de capturar impresionantes videos 4K60 con un zoom \u00f3ptico ajustable de 30x. Al combinar esta funcionalidad UHD con la compatibilidad de transmisi\u00f3n IP NDI|HX3, la c\u00e1mara UHD-NDI3-X30 emite se\u00f1ales de video sin comprimir a hasta 60 MB\/s. Al venir precargada con compatibilidad NDI|HX3, se reduce el desorden de cables y las molestias de instalaci\u00f3n: el video, el audio, el control, la energ\u00eda y los datos se transmiten a trav\u00e9s de un solo cable CATx. Al conectar esta c\u00e1mara a trav\u00e9s de la red NDI y utilizar la interfaz de usuario web accesible, se puede crear un ecosistema de video completo, especialmente cuando se combina con otros dispositivos compatibles con NDI|HX de AIDA Imaging (disponibles por separado). Tambi\u00e9n est\u00e1 disponible la salida HDMI con audio integrado.<\/p>\n<p>La c\u00e1mara UHD-NDI3-X30 est\u00e1 alojada en una carcasa compacta y resistente adecuada para una amplia variedad de aplicaciones. Las roscas de montaje hembra de 1\/4&#8243;-20 se encuentran tanto en la parte inferior como en la superior de la carcasa para brindar capacidades de montaje flexibles, desde tr\u00edpodes hasta estructuras. La parte frontal de la c\u00e1mara cuenta con una peque\u00f1a luz indicadora para garantizar que el talento est\u00e9 listo para salir al aire. Un cable de conexi\u00f3n integrado lleva el puerto de entrada de 12 VCC y un conector de 3,5 mm para entrada de audio, as\u00ed como un conjunto de interruptores DIP para el ajuste del firmware.<\/p>\n","protected":false},"excerpt":{"rendered":"<p>UHD-NDI3-X30<\/p>\n","protected":false},"featured_media":7194,"template":"","meta":{"om_disable_all_campaigns":false},"pwb-brand":[],"product_brand":[],"product_cat":[70,15],"product_tag":[369],"class_list":{"0":"post-7193","1":"product","2":"type-product","3":"status-publish","4":"has-post-thumbnail","6":"product_cat-aida","7":"product_cat-camera","8":"product_tag-uhd-ndi3-x30","10":"first","11":"onbackorder","12":"shipping-taxable","13":"product-type-simple"},"aioseo_notices":[],"jetpack_sharing_enabled":true,"brands":[],"_links":{"self":[{"href":"https:\/\/proservice.com.ar\/index.php\/wp-json\/wp\/v2\/product\/7193","targetHints":{"allow":["GET"]}}],"collection":[{"href":"https:\/\/proservice.com.ar\/index.php\/wp-json\/wp\/v2\/product"}],"about":[{"href":"https:\/\/proservice.com.ar\/index.php\/wp-json\/wp\/v2\/types\/product"}],"wp:featuredmedia":[{"embeddable":true,"href":"https:\/\/proservice.com.ar\/index.php\/wp-json\/wp\/v2\/media\/7194"}],"wp:attachment":[{"href":"https:\/\/proservice.com.ar\/index.php\/wp-json\/wp\/v2\/media?parent=7193"}],"wp:term":[{"taxonomy":"pwb-brand","embeddable":true,"href":"https:\/\/proservice.com.ar\/index.php\/wp-json\/wp\/v2\/pwb-brand?post=7193"},{"taxonomy":"product_brand","embeddable":true,"href":"https:\/\/proservice.com.ar\/index.php\/wp-json\/wp\/v2\/product_brand?post=7193"},{"taxonomy":"product_cat","embeddable":true,"href":"https:\/\/proservice.com.ar\/index.php\/wp-json\/wp\/v2\/product_cat?post=7193"},{"taxonomy":"product_tag","embeddable":true,"href":"https:\/\/proservice.com.ar\/index.php\/wp-json\/wp\/v2\/product_tag?post=7193"}],"curies":[{"name":"wp","href":"https:\/\/api.w.org\/{rel}","templated":true}]}}