{"id":7207,"date":"2022-03-05T11:59:45","date_gmt":"2022-03-05T14:59:45","guid":{"rendered":"https:\/\/proservice.com.ar\/?post_type=product&#038;p=7207"},"modified":"2026-05-08T10:23:58","modified_gmt":"2026-05-08T13:23:58","slug":"blackmagic-design-ultrastudio-hd-mini","status":"publish","type":"product","link":"https:\/\/proservice.com.ar\/index.php\/product\/blackmagic-design-ultrastudio-hd-mini\/","title":{"rendered":"Blackmagic Design UltraStudio HD Mini"},"content":{"rendered":"<p>El UltraStudio HD Mini de Blackmagic Design permite capturar im\u00e1genes de fuentes digitales o anal\u00f3gicas directamente en el sistema de edici\u00f3n no lineal que elija . Las entradas de video SDI y anal\u00f3gicas permiten importar im\u00e1genes de equipos de video profesionales modernos o antiguos. Gracias a la vers\u00e1til interfaz Thunderbolt 3, el UltraStudio HD Mini puede enviar y recibir im\u00e1genes SD y HD de hasta 1080p a 60 fps con hasta 16 canales de audio integrado. Las salidas disponibles incluyen SDI dual para relleno y key, as\u00ed como una salida HDMI para controlar pantallas de consumo. Gracias a la conexi\u00f3n RS-422 integrada, el UltraStudio HD Mini tambi\u00e9n puede interactuar con dispositivos de transmisi\u00f3n profesionales.<\/p>\n<p>Caracter\u00edsticas principales:<br \/>\nEntradas SD\/HD\/3G-SDI y anal\u00f3gicas<br \/>\nSalidas HDMI y SDI dual<br \/>\nInterfaz Thunderbolt 3<br \/>\nAdmite resoluciones SD y HD<br \/>\nCompatibilidad con muestreo de color 4:2:2 y 4:4:4<br \/>\nProfundidad de color de 8\/10\/12 bits<br \/>\nControl de cubierta RS-422<br \/>\nConversi\u00f3n descendente de HD a SD<\/p>\n","protected":false},"excerpt":{"rendered":"<p>BDLKULSDMINHD<\/p>\n","protected":false},"featured_media":7208,"template":"","meta":{"om_disable_all_campaigns":false},"pwb-brand":[],"product_brand":[],"product_cat":[71],"product_tag":[613],"class_list":{"0":"post-7207","1":"product","2":"type-product","3":"status-publish","4":"has-post-thumbnail","6":"product_cat-blackmagic-design","7":"product_tag-bdlkulsdminhd","9":"first","10":"outofstock","11":"shipping-taxable","12":"product-type-simple"},"aioseo_notices":[],"jetpack_sharing_enabled":true,"brands":[],"_links":{"self":[{"href":"https:\/\/proservice.com.ar\/index.php\/wp-json\/wp\/v2\/product\/7207","targetHints":{"allow":["GET"]}}],"collection":[{"href":"https:\/\/proservice.com.ar\/index.php\/wp-json\/wp\/v2\/product"}],"about":[{"href":"https:\/\/proservice.com.ar\/index.php\/wp-json\/wp\/v2\/types\/product"}],"wp:featuredmedia":[{"embeddable":true,"href":"https:\/\/proservice.com.ar\/index.php\/wp-json\/wp\/v2\/media\/7208"}],"wp:attachment":[{"href":"https:\/\/proservice.com.ar\/index.php\/wp-json\/wp\/v2\/media?parent=7207"}],"wp:term":[{"taxonomy":"pwb-brand","embeddable":true,"href":"https:\/\/proservice.com.ar\/index.php\/wp-json\/wp\/v2\/pwb-brand?post=7207"},{"taxonomy":"product_brand","embeddable":true,"href":"https:\/\/proservice.com.ar\/index.php\/wp-json\/wp\/v2\/product_brand?post=7207"},{"taxonomy":"product_cat","embeddable":true,"href":"https:\/\/proservice.com.ar\/index.php\/wp-json\/wp\/v2\/product_cat?post=7207"},{"taxonomy":"product_tag","embeddable":true,"href":"https:\/\/proservice.com.ar\/index.php\/wp-json\/wp\/v2\/product_tag?post=7207"}],"curies":[{"name":"wp","href":"https:\/\/api.w.org\/{rel}","templated":true}]}}