{"id":7212,"date":"2022-03-05T12:14:57","date_gmt":"2022-03-05T15:14:57","guid":{"rendered":"https:\/\/proservice.com.ar\/?post_type=product&#038;p=7212"},"modified":"2025-03-05T16:44:18","modified_gmt":"2025-03-05T19:44:18","slug":"blackmagic-design-ultrastudio-4k-mini-thunderbolt-3-capture-playback-unit","status":"publish","type":"product","link":"https:\/\/proservice.com.ar\/index.php\/product\/blackmagic-design-ultrastudio-4k-mini-thunderbolt-3-capture-playback-unit\/","title":{"rendered":"Blackmagic Design UltraStudio 4K Mini Thunderbolt 3 Capture &#038; Playback Unit"},"content":{"rendered":"<p>El UltraStudio 4K Mini Thunderbolt 3 de Blackmagic Design conecta su computadora con Thunderbolt 3 a cualquiera de una variedad de componentes de video para capturar, reproducir o transmitir. Esta unidad port\u00e1til captura hasta DCI 4K60 4:2:2 a trav\u00e9s de un solo enlace 12G-SDI o hasta DCI 4K30 4:2:2 a trav\u00e9s de HDMI. Grabe material de alto rango din\u00e1mico (HDR) de 12 bits a velocidades de hasta DCI 4K30 y video de 8\/10 bits a velocidades de hasta DCI 4K60. Una pantalla LCD incorporada le permite monitorear su se\u00f1al, y un lector de tarjetas SD brinda acceso instant\u00e1neo a su contenido SD. La interfaz Thunderbolt 3 del UltraStudio 4K Mini compacto ofrece conexiones ultrarr\u00e1pidas y cargar\u00e1 lentamente una computadora conectada. Las funciones de audio incluyen entrada y salida integradas SDI de 16 canales y HDMI de 8 canales, una entrada de audio XLR de 3 pines y una salida para auriculares.<\/p>\n<p>Caracter\u00edsticas principales:<br \/>\nEntrada\/salida 12G-SDI y HDMI 2.0<br \/>\n1 interfaz Thunderbolt 3 de 40 Gb\/s<br \/>\nPantalla LCD de 3&#8243; de estado\/vista previa<br \/>\nEntrada\/salida DCI 4K60 4:2:2 de enlace \u00fanico 12G-SDI<br \/>\nEntrada\/salida 12G-SDI de enlace \u00fanico DCI 4K30 4:4:4<br \/>\nDCI4K60 4:4:4 a trav\u00e9s de HDMI<br \/>\nProcesamiento de 8, 10 y 12 bits<br \/>\n2K\/HD\/SD a trav\u00e9s de SDI o HDMI<br \/>\nControl de cubierta RS-422<br \/>\nCompatible con macOS, Windows y Linux<\/p>\n","protected":false},"excerpt":{"rendered":"<p>BDLKULSDMINI4K<\/p>\n","protected":false},"featured_media":7214,"template":"","meta":{"om_disable_all_campaigns":false},"pwb-brand":[],"product_brand":[],"product_cat":[71],"product_tag":[614],"class_list":{"0":"post-7212","1":"product","2":"type-product","3":"status-publish","4":"has-post-thumbnail","6":"product_cat-blackmagic-design","7":"product_tag-bdlkulsdmini4k","9":"first","10":"onbackorder","11":"shipping-taxable","12":"product-type-simple"},"aioseo_notices":[],"jetpack_sharing_enabled":true,"brands":[],"_links":{"self":[{"href":"https:\/\/proservice.com.ar\/index.php\/wp-json\/wp\/v2\/product\/7212","targetHints":{"allow":["GET"]}}],"collection":[{"href":"https:\/\/proservice.com.ar\/index.php\/wp-json\/wp\/v2\/product"}],"about":[{"href":"https:\/\/proservice.com.ar\/index.php\/wp-json\/wp\/v2\/types\/product"}],"wp:featuredmedia":[{"embeddable":true,"href":"https:\/\/proservice.com.ar\/index.php\/wp-json\/wp\/v2\/media\/7214"}],"wp:attachment":[{"href":"https:\/\/proservice.com.ar\/index.php\/wp-json\/wp\/v2\/media?parent=7212"}],"wp:term":[{"taxonomy":"pwb-brand","embeddable":true,"href":"https:\/\/proservice.com.ar\/index.php\/wp-json\/wp\/v2\/pwb-brand?post=7212"},{"taxonomy":"product_brand","embeddable":true,"href":"https:\/\/proservice.com.ar\/index.php\/wp-json\/wp\/v2\/product_brand?post=7212"},{"taxonomy":"product_cat","embeddable":true,"href":"https:\/\/proservice.com.ar\/index.php\/wp-json\/wp\/v2\/product_cat?post=7212"},{"taxonomy":"product_tag","embeddable":true,"href":"https:\/\/proservice.com.ar\/index.php\/wp-json\/wp\/v2\/product_tag?post=7212"}],"curies":[{"name":"wp","href":"https:\/\/api.w.org\/{rel}","templated":true}]}}