{"id":7224,"date":"2022-03-05T15:52:57","date_gmt":"2022-03-05T18:52:57","guid":{"rendered":"https:\/\/proservice.com.ar\/?post_type=product&#038;p=7224"},"modified":"2025-03-05T16:46:13","modified_gmt":"2025-03-05T19:46:13","slug":"blackmagic-design-ursa-viewfinder","status":"publish","type":"product","link":"https:\/\/proservice.com.ar\/index.php\/product\/blackmagic-design-ursa-viewfinder\/","title":{"rendered":"Blackmagic Design URSA Viewfinder"},"content":{"rendered":"<p>El visor Blackmagic URSA Viewfinder est\u00e1 dise\u00f1ado espec\u00edficamente para su uso con las c\u00e1maras digitales URSA y URSA mini. Cuenta con una pantalla OLED a color de alta resoluci\u00f3n de 1920 x 1080, \u00f3ptica de vidrio de precisi\u00f3n y una dioptr\u00eda ajustable para ajustarse con precisi\u00f3n a su visi\u00f3n. Tambi\u00e9n tiene una tabla de enfoque digital incorporada para ayudar a enfocar a sus sujetos. Para aumentar la longevidad de la pantalla OLED, el visor utiliza un sensor incorporado que solo enciende la pantalla cuando est\u00e1 mirando a trav\u00e9s de \u00e9l. Se enrosca directamente en la parte superior de su c\u00e1mara URSA y es ajustable, por lo que puede usarse con el ojo izquierdo o derecho.<\/p>\n<p>Nota: Se requiere el kit de hombro Blackmagic URSA Mini para montar el visor URSA en URSA Mini, URSA Mini Pro o URSA Broadcast.<\/p>\n<p>Caracter\u00edsticas principales:<br \/>\nDise\u00f1ado para Blackmagic URSA y URSA Mini<br \/>\nPantalla OLED de 1920 x 1080<br \/>\n\u00d3ptica de vidrio<br \/>\nDioptr\u00eda ajustable<br \/>\nCuadro de enfoque digital<br \/>\nEl sensor ocular apaga la pantalla OLED cuando no est\u00e1 en uso para preservar la vida \u00fatil de la pantalla<br \/>\nLuz de grabaci\u00f3n incorporada<br \/>\nOjo izquierdo y derecho conmutables<\/p>\n","protected":false},"excerpt":{"rendered":"<p>CINEURSANEVFP<\/p>\n","protected":false},"featured_media":7230,"template":"","meta":{"om_disable_all_campaigns":false},"pwb-brand":[],"product_brand":[],"product_cat":[71],"product_tag":[616],"class_list":{"0":"post-7224","1":"product","2":"type-product","3":"status-publish","4":"has-post-thumbnail","6":"product_cat-blackmagic-design","7":"product_tag-cineursanevfp","9":"first","10":"onbackorder","11":"shipping-taxable","12":"product-type-simple"},"aioseo_notices":[],"jetpack_sharing_enabled":true,"brands":[],"_links":{"self":[{"href":"https:\/\/proservice.com.ar\/index.php\/wp-json\/wp\/v2\/product\/7224","targetHints":{"allow":["GET"]}}],"collection":[{"href":"https:\/\/proservice.com.ar\/index.php\/wp-json\/wp\/v2\/product"}],"about":[{"href":"https:\/\/proservice.com.ar\/index.php\/wp-json\/wp\/v2\/types\/product"}],"wp:featuredmedia":[{"embeddable":true,"href":"https:\/\/proservice.com.ar\/index.php\/wp-json\/wp\/v2\/media\/7230"}],"wp:attachment":[{"href":"https:\/\/proservice.com.ar\/index.php\/wp-json\/wp\/v2\/media?parent=7224"}],"wp:term":[{"taxonomy":"pwb-brand","embeddable":true,"href":"https:\/\/proservice.com.ar\/index.php\/wp-json\/wp\/v2\/pwb-brand?post=7224"},{"taxonomy":"product_brand","embeddable":true,"href":"https:\/\/proservice.com.ar\/index.php\/wp-json\/wp\/v2\/product_brand?post=7224"},{"taxonomy":"product_cat","embeddable":true,"href":"https:\/\/proservice.com.ar\/index.php\/wp-json\/wp\/v2\/product_cat?post=7224"},{"taxonomy":"product_tag","embeddable":true,"href":"https:\/\/proservice.com.ar\/index.php\/wp-json\/wp\/v2\/product_tag?post=7224"}],"curies":[{"name":"wp","href":"https:\/\/api.w.org\/{rel}","templated":true}]}}