{"id":7231,"date":"2022-03-05T16:02:51","date_gmt":"2022-03-05T19:02:51","guid":{"rendered":"https:\/\/proservice.com.ar\/?post_type=product&#038;p=7231"},"modified":"2025-03-05T16:45:25","modified_gmt":"2025-03-05T19:45:25","slug":"blackmagic-design-mini-converter-analog-to-sdi","status":"publish","type":"product","link":"https:\/\/proservice.com.ar\/index.php\/product\/blackmagic-design-mini-converter-analog-to-sdi\/","title":{"rendered":"Blackmagic Design Mini Converter Analog to SDI"},"content":{"rendered":"<p>El Mini Converter Analog to SDI de Blackmagic acepta se\u00f1ales de componentes HD\/SD, NTSC, PAL o S-video y las convierte en una salida SDI. Tambi\u00e9n puedes elegir incrustar audio SDI desde entradas de audio anal\u00f3gicas o AES\/EBU balanceadas. Usa este dispositivo para convertir videos de Betacam SP, VHS, decodificadores, c\u00e1maras HDV y otros dispositivos similares.<\/p>\n<p>Conversi\u00f3n de anal\u00f3gico a SDI<br \/>\nUtilice este dispositivo para convertir fuentes de v\u00eddeo anal\u00f3gicas a salida de v\u00eddeo SDI.<br \/>\nAudio integrado<br \/>\nEsta unidad puede integrar audio SDI desde entradas de audio anal\u00f3gicas o AES\/EBU balanceadas.<\/p>\n<p>Caracter\u00edsticas principales:<br \/>\nConversi\u00f3n de anal\u00f3gico a SDI<br \/>\nAudio integrado<\/p>\n","protected":false},"excerpt":{"rendered":"<p>CONVMAAS2<\/p>\n","protected":false},"featured_media":7235,"template":"","meta":{"om_disable_all_campaigns":false},"pwb-brand":[],"product_brand":[],"product_cat":[71],"product_tag":[617],"class_list":{"0":"post-7231","1":"product","2":"type-product","3":"status-publish","4":"has-post-thumbnail","6":"product_cat-blackmagic-design","7":"product_tag-convmaas2","9":"first","10":"onbackorder","11":"shipping-taxable","12":"product-type-simple"},"aioseo_notices":[],"jetpack_sharing_enabled":true,"brands":[],"_links":{"self":[{"href":"https:\/\/proservice.com.ar\/index.php\/wp-json\/wp\/v2\/product\/7231","targetHints":{"allow":["GET"]}}],"collection":[{"href":"https:\/\/proservice.com.ar\/index.php\/wp-json\/wp\/v2\/product"}],"about":[{"href":"https:\/\/proservice.com.ar\/index.php\/wp-json\/wp\/v2\/types\/product"}],"wp:featuredmedia":[{"embeddable":true,"href":"https:\/\/proservice.com.ar\/index.php\/wp-json\/wp\/v2\/media\/7235"}],"wp:attachment":[{"href":"https:\/\/proservice.com.ar\/index.php\/wp-json\/wp\/v2\/media?parent=7231"}],"wp:term":[{"taxonomy":"pwb-brand","embeddable":true,"href":"https:\/\/proservice.com.ar\/index.php\/wp-json\/wp\/v2\/pwb-brand?post=7231"},{"taxonomy":"product_brand","embeddable":true,"href":"https:\/\/proservice.com.ar\/index.php\/wp-json\/wp\/v2\/product_brand?post=7231"},{"taxonomy":"product_cat","embeddable":true,"href":"https:\/\/proservice.com.ar\/index.php\/wp-json\/wp\/v2\/product_cat?post=7231"},{"taxonomy":"product_tag","embeddable":true,"href":"https:\/\/proservice.com.ar\/index.php\/wp-json\/wp\/v2\/product_tag?post=7231"}],"curies":[{"name":"wp","href":"https:\/\/api.w.org\/{rel}","templated":true}]}}