{"id":7236,"date":"2022-03-05T16:13:38","date_gmt":"2022-03-05T19:13:38","guid":{"rendered":"https:\/\/proservice.com.ar\/?post_type=product&#038;p=7236"},"modified":"2025-03-05T16:45:17","modified_gmt":"2025-03-05T19:45:17","slug":"blackmagic-design-mini-converter-sdi-to-analog-4k","status":"publish","type":"product","link":"https:\/\/proservice.com.ar\/index.php\/product\/blackmagic-design-mini-converter-sdi-to-analog-4k\/","title":{"rendered":"Blackmagic Design Mini Converter SDI to Analog 4K"},"content":{"rendered":"<p>El Mini Converter SDI to Analog 4K de Blackmagic Design permite convertir se\u00f1ales SDI de un solo enlace en se\u00f1ales SD\/HD\/3G\/6G-SDI anal\u00f3gicas de componentes, compuestas o S-Video. El conversor descendente permite conectar equipos SDI profesionales que emitan resoluciones de hasta Ultra HD 4K (3840 x 2160) y DCI 4K (4096 x 2160) con monitores de video anal\u00f3gicos SD y HD y otros equipos. Con un factor de forma compacto y controles f\u00e1ciles de usar, el Mini Converter es ideal para una variedad de aplicaciones de transmisi\u00f3n, posproducci\u00f3n y AV profesional.<\/p>\n<p>Al utilizar tecnolog\u00eda 6G-SDI, el Mini Converter admite resoluciones de hasta UHD 4K a hasta 30 fps y DCI 4K a 24 fps. El Mini Converter tambi\u00e9n admite se\u00f1ales SDI de un solo enlace, HD y 3G y detecta autom\u00e1ticamente el formato de video de entrada y lo cambia instant\u00e1neamente. Se proporciona una entrada SDI redundante como respaldo opcional y hay disponible una salida SDI en bucle para enviar la se\u00f1al SDI a un dispositivo adicional. Se pueden emitir hasta 16 canales de audio de entrada SDI desincrustado como audio digital AES\/EBU o salida de audio anal\u00f3gico balanceado a trav\u00e9s de conectores de salida de 1\/4&#8243;.<\/p>\n<p>Los ajustes del Mini Converter se controlan mediante los interruptores DIP integrados o mediante USB utilizando el software incluido para computadoras Max OS X o Windows. El puerto USB tambi\u00e9n permite actualizar el firmware. Para alimentar el dispositivo, se incluye una fuente de alimentaci\u00f3n de 12 V con adaptadores de enchufe internacionales.<\/p>\n<p>Caracter\u00edsticas principales:<br \/>\nEntrada SD\/HD\/3G\/6G-SDI de enlace \u00fanico<br \/>\nSalida de componentes, compuesta y S-Video<br \/>\nSe\u00f1ales de entrada SD, HD, UHD 4K y DCI 4K<br \/>\nDetecci\u00f3n autom\u00e1tica de se\u00f1al de entrada<br \/>\nEntrada SDI redundante y salida SDI en bucle<br \/>\nSalidas de audio anal\u00f3gicas y digitales AES-EBU<br \/>\nAudio de 24 bits y 48 kHz<br \/>\nControl mediante interruptores DIP o software<br \/>\nPuerto USB 2.0 para actualizaciones de firmware<br \/>\nFuente de alimentaci\u00f3n universal de 12 V incluida<\/p>\n<p>Caracter\u00edsticas adicionales:<br \/>\nMuestreo 4:2:2 y precisi\u00f3n de color<br \/>\nMuestreo de audio de 24 bits y 48 kHz<br \/>\nCompatible con los est\u00e1ndares SMPTE 292M, SMPTE 259M, SMPTE 296M, ITU-R BT.656 y ITU-R BT.601<\/p>\n","protected":false},"excerpt":{"rendered":"<p>CONVMASA4K<\/p>\n","protected":false},"featured_media":7238,"template":"","meta":{"om_disable_all_campaigns":false},"pwb-brand":[],"product_brand":[],"product_cat":[71],"product_tag":[618],"class_list":{"0":"post-7236","1":"product","2":"type-product","3":"status-publish","4":"has-post-thumbnail","6":"product_cat-blackmagic-design","7":"product_tag-convmasa4k","9":"first","10":"onbackorder","11":"shipping-taxable","12":"product-type-simple"},"aioseo_notices":[],"jetpack_sharing_enabled":true,"brands":[],"_links":{"self":[{"href":"https:\/\/proservice.com.ar\/index.php\/wp-json\/wp\/v2\/product\/7236","targetHints":{"allow":["GET"]}}],"collection":[{"href":"https:\/\/proservice.com.ar\/index.php\/wp-json\/wp\/v2\/product"}],"about":[{"href":"https:\/\/proservice.com.ar\/index.php\/wp-json\/wp\/v2\/types\/product"}],"wp:featuredmedia":[{"embeddable":true,"href":"https:\/\/proservice.com.ar\/index.php\/wp-json\/wp\/v2\/media\/7238"}],"wp:attachment":[{"href":"https:\/\/proservice.com.ar\/index.php\/wp-json\/wp\/v2\/media?parent=7236"}],"wp:term":[{"taxonomy":"pwb-brand","embeddable":true,"href":"https:\/\/proservice.com.ar\/index.php\/wp-json\/wp\/v2\/pwb-brand?post=7236"},{"taxonomy":"product_brand","embeddable":true,"href":"https:\/\/proservice.com.ar\/index.php\/wp-json\/wp\/v2\/product_brand?post=7236"},{"taxonomy":"product_cat","embeddable":true,"href":"https:\/\/proservice.com.ar\/index.php\/wp-json\/wp\/v2\/product_cat?post=7236"},{"taxonomy":"product_tag","embeddable":true,"href":"https:\/\/proservice.com.ar\/index.php\/wp-json\/wp\/v2\/product_tag?post=7236"}],"curies":[{"name":"wp","href":"https:\/\/api.w.org\/{rel}","templated":true}]}}