{"id":7239,"date":"2022-03-05T16:36:49","date_gmt":"2022-03-05T19:36:49","guid":{"rendered":"https:\/\/proservice.com.ar\/?post_type=product&#038;p=7239"},"modified":"2026-04-01T12:08:56","modified_gmt":"2026-04-01T15:08:56","slug":"blackmagic-design-set-of-2-mini-xlr-to-xlr-audio-cables-for-video-assist-4k-19-5","status":"publish","type":"product","link":"https:\/\/proservice.com.ar\/index.php\/product\/blackmagic-design-set-of-2-mini-xlr-to-xlr-audio-cables-for-video-assist-4k-19-5\/","title":{"rendered":"Blackmagic Design Set of 2 Mini XLR to XLR Audio Cables for Video Assist 4K (19.5&#8243;)"},"content":{"rendered":"<p>Este juego de dos cables de audio Mini XLR a XLR le permite conectar dos micr\u00f3fonos XLR o entradas de l\u00ednea a su monitor\/grabador Blackmagic Video Assist 4K para una grabaci\u00f3n de audio de calidad.<\/p>\n<p>El Video Assist 4K tiene dos puertos mini XLR hembra balanceados que admiten alimentaci\u00f3n fantasma de 48 V para que puedas conectar cualquier micr\u00f3fono XLR est\u00e1ndar de 3 pines. Cada cable tiene un conector mini XLR macho de 3 pines y un conector XLR hembra est\u00e1ndar de 3 pines, y cada uno tiene una longitud de 19,5&#8243;.<br \/>\n<strong><br \/>\nCaracter\u00edsticas principales<\/strong><br \/>\nJuego de dos cables mini XLR a XLR<br \/>\nEntrada de audio a Video Assist 4K<br \/>\nCon\u00e9ctelo a dos puertos de audio balanceados<br \/>\nAmbos cables tienen una longitud de 19,5&#8243;<\/p>\n","protected":false},"excerpt":{"rendered":"<p>HYPERD\/AXLRMINI2<\/p>\n","protected":false},"featured_media":7497,"template":"","meta":{"om_disable_all_campaigns":false},"pwb-brand":[],"product_brand":[],"product_cat":[71],"product_tag":[619],"class_list":{"0":"post-7239","1":"product","2":"type-product","3":"status-publish","4":"has-post-thumbnail","6":"product_cat-blackmagic-design","7":"product_tag-hyperd-axlrmini2","9":"first","10":"instock","11":"shipping-taxable","12":"purchasable","13":"product-type-simple"},"aioseo_notices":[],"jetpack_sharing_enabled":true,"brands":[],"_links":{"self":[{"href":"https:\/\/proservice.com.ar\/index.php\/wp-json\/wp\/v2\/product\/7239","targetHints":{"allow":["GET"]}}],"collection":[{"href":"https:\/\/proservice.com.ar\/index.php\/wp-json\/wp\/v2\/product"}],"about":[{"href":"https:\/\/proservice.com.ar\/index.php\/wp-json\/wp\/v2\/types\/product"}],"wp:featuredmedia":[{"embeddable":true,"href":"https:\/\/proservice.com.ar\/index.php\/wp-json\/wp\/v2\/media\/7497"}],"wp:attachment":[{"href":"https:\/\/proservice.com.ar\/index.php\/wp-json\/wp\/v2\/media?parent=7239"}],"wp:term":[{"taxonomy":"pwb-brand","embeddable":true,"href":"https:\/\/proservice.com.ar\/index.php\/wp-json\/wp\/v2\/pwb-brand?post=7239"},{"taxonomy":"product_brand","embeddable":true,"href":"https:\/\/proservice.com.ar\/index.php\/wp-json\/wp\/v2\/product_brand?post=7239"},{"taxonomy":"product_cat","embeddable":true,"href":"https:\/\/proservice.com.ar\/index.php\/wp-json\/wp\/v2\/product_cat?post=7239"},{"taxonomy":"product_tag","embeddable":true,"href":"https:\/\/proservice.com.ar\/index.php\/wp-json\/wp\/v2\/product_tag?post=7239"}],"curies":[{"name":"wp","href":"https:\/\/api.w.org\/{rel}","templated":true}]}}