{"id":7241,"date":"2022-03-06T10:26:33","date_gmt":"2022-03-06T13:26:33","guid":{"rendered":"https:\/\/proservice.com.ar\/?post_type=product&#038;p=7241"},"modified":"2025-03-06T13:00:15","modified_gmt":"2025-03-06T16:00:15","slug":"blackmagic-design-sync-generator","status":"publish","type":"product","link":"https:\/\/proservice.com.ar\/index.php\/product\/blackmagic-design-sync-generator\/","title":{"rendered":"Blackmagic Design Sync Generator"},"content":{"rendered":"<p>El CONVMSYNC de Blackmagic Design es un generador de sincronizaci\u00f3n que genera una se\u00f1al de referencia en par\u00e1metros de alta definici\u00f3n o definici\u00f3n est\u00e1ndar. Forma parte de la serie Mini Converter y ofrece seis salidas BNC.<\/p>\n<p>Ahorro de espacio<br \/>\nLos modelos Broadcast Converter son extremadamente compactos, por lo que se pueden instalar en la parte frontal o trasera de los racks de equipos, ahorrando as\u00ed valioso espacio en los equipos.<br \/>\nSeguridad<br \/>\nEste dispositivo cuenta con un pr\u00e1ctico punto de sujeci\u00f3n de cable para bloquear firmemente la energ\u00eda y evitar que se desconecte.<br \/>\nFormatos<br \/>\nSe admiten muchos est\u00e1ndares de video, incluidos NTSC, PAL, 1080i\/59.94, 1080i\/50, 1080psf\/23.98, 1080psf\/24, 720p\/59.94 y 720p\/50, adem\u00e1s se pueden agregar nuevos formatos a trav\u00e9s de USB.<br \/>\nHD o SD<br \/>\nSe puede seleccionar r\u00e1faga negra de definici\u00f3n est\u00e1ndar o alta definici\u00f3n de tres niveles para el formato de video correspondiente necesario.<\/p>\n<p>Caracter\u00edsticas principales:<br \/>\nSerie de miniconvertidores<br \/>\nSeis salidas<br \/>\nTri-Sync o Explosi\u00f3n negra<\/p>\n","protected":false},"excerpt":{"rendered":"<p>CONVMSYNC<\/p>\n","protected":false},"featured_media":7242,"template":"","meta":{"om_disable_all_campaigns":false},"pwb-brand":[],"product_brand":[],"product_cat":[71],"product_tag":[620],"class_list":{"0":"post-7241","1":"product","2":"type-product","3":"status-publish","4":"has-post-thumbnail","6":"product_cat-blackmagic-design","7":"product_tag-convmsync","9":"first","10":"onbackorder","11":"shipping-taxable","12":"product-type-simple"},"aioseo_notices":[],"jetpack_sharing_enabled":true,"brands":[],"_links":{"self":[{"href":"https:\/\/proservice.com.ar\/index.php\/wp-json\/wp\/v2\/product\/7241","targetHints":{"allow":["GET"]}}],"collection":[{"href":"https:\/\/proservice.com.ar\/index.php\/wp-json\/wp\/v2\/product"}],"about":[{"href":"https:\/\/proservice.com.ar\/index.php\/wp-json\/wp\/v2\/types\/product"}],"wp:featuredmedia":[{"embeddable":true,"href":"https:\/\/proservice.com.ar\/index.php\/wp-json\/wp\/v2\/media\/7242"}],"wp:attachment":[{"href":"https:\/\/proservice.com.ar\/index.php\/wp-json\/wp\/v2\/media?parent=7241"}],"wp:term":[{"taxonomy":"pwb-brand","embeddable":true,"href":"https:\/\/proservice.com.ar\/index.php\/wp-json\/wp\/v2\/pwb-brand?post=7241"},{"taxonomy":"product_brand","embeddable":true,"href":"https:\/\/proservice.com.ar\/index.php\/wp-json\/wp\/v2\/product_brand?post=7241"},{"taxonomy":"product_cat","embeddable":true,"href":"https:\/\/proservice.com.ar\/index.php\/wp-json\/wp\/v2\/product_cat?post=7241"},{"taxonomy":"product_tag","embeddable":true,"href":"https:\/\/proservice.com.ar\/index.php\/wp-json\/wp\/v2\/product_tag?post=7241"}],"curies":[{"name":"wp","href":"https:\/\/api.w.org\/{rel}","templated":true}]}}